{"id":8446,"date":"2025-10-31T13:14:09","date_gmt":"2025-10-31T13:14:09","guid":{"rendered":"https:\/\/urban-clothingstore.com\/?post_type=product&#038;p=8446"},"modified":"2026-03-09T21:33:25","modified_gmt":"2026-03-09T21:33:25","slug":"xhemper-urban-knit-black-elegance-urbane-strukture-premium","status":"publish","type":"product","link":"https:\/\/urban-clothingstore.com\/en\/product\/xhemper-urban-knit-black-elegance-urbane-strukture-premium\/","title":{"rendered":"Xhemper \u201cUrban Knit Black\u201d \u2013 Eleganc\u00eb Urbane &#038; Struktur\u00eb Premium"},"content":{"rendered":"<p data-start=\"440\" data-end=\"914\">Xhemperi <strong data-start=\"449\" data-end=\"471\">\u201cUrban Knit Black\u201d<\/strong> nga <em data-start=\"476\" data-end=\"498\">Urban Clothing Store<\/em> p\u00ebrfaq\u00ebson thelbin e <strong data-start=\"520\" data-end=\"543\">minimalizmit modern<\/strong> dhe <strong data-start=\"548\" data-end=\"568\">eleganc\u00ebs urbane<\/strong>. Punuar nga material me struktur\u00eb vertikale dhe me nj\u00eb p\u00ebrfundim t\u00eb but\u00eb e t\u00eb ngroht\u00eb, ky model me kopsa ofron nj\u00eb pamje t\u00eb past\u00ebr dhe t\u00eb sofistikuar.<br data-start=\"719\" data-end=\"722\" \/>Ngjyra e zez\u00eb e thell\u00eb e b\u00ebn at\u00eb <strong data-start=\"755\" data-end=\"783\">pjes\u00ebn m\u00eb t\u00eb gjithanshme<\/strong> t\u00eb garderob\u00ebs \u2014 leht\u00ebsisht e kombinueshme me \u00e7do outfit, nga stili casual me t-shirt deri te veshjet m\u00eb t\u00eb kujdesshme p\u00ebr mbr\u00ebmje.<\/p>\n<p data-start=\"916\" data-end=\"938\"><strong data-start=\"916\" data-end=\"936\">Detaje kryesore:<\/strong><\/p>\n<ul data-start=\"939\" data-end=\"1156\">\n<li data-start=\"939\" data-end=\"982\">\n<p data-start=\"941\" data-end=\"982\">Material premium me struktur\u00eb vertikale<\/p>\n<\/li>\n<li data-start=\"983\" data-end=\"1018\">\n<p data-start=\"985\" data-end=\"1018\">Model me kopsa dhe jak\u00eb klasike<\/p>\n<\/li>\n<li data-start=\"1019\" data-end=\"1051\">\n<p data-start=\"1021\" data-end=\"1051\">P\u00ebrshtatje komode &amp; elegante<\/p>\n<\/li>\n<li data-start=\"1052\" data-end=\"1104\">\n<p data-start=\"1054\" data-end=\"1104\">Ngjyr\u00eb e zez\u00eb p\u00ebr nj\u00eb pamje moderne dhe neutrale<\/p>\n<\/li>\n<li data-start=\"1105\" data-end=\"1156\">\n<p data-start=\"1107\" data-end=\"1156\">Kombinohet me \u00e7do outfit urban ose smart casual<\/p>\n<\/li>\n<\/ul>","protected":false},"excerpt":{"rendered":"<p>Xhemperi \u201cUrban Knit Black\u201d nga Urban Clothing Store p\u00ebrfaq\u00ebson thelbin e minimalizmit modern dhe eleganc\u00ebs urbane. Punuar nga material me struktur\u00eb vertikale dhe me nj\u00eb p\u00ebrfundim t\u00eb but\u00eb e t\u00eb ngroht\u00eb, ky model me kopsa ofron nj\u00eb pamje t\u00eb past\u00ebr dhe t\u00eb sofistikuar.Ngjyra e zez\u00eb e thell\u00eb e b\u00ebn at\u00eb pjes\u00ebn m\u00eb t\u00eb gjithanshme t\u00eb [&hellip;]<\/p>","protected":false},"featured_media":8444,"comment_status":"open","ping_status":"closed","template":"","meta":[],"product_brand":[],"product_cat":[26],"product_tag":[410,409],"class_list":{"0":"post-8446","1":"product","2":"type-product","3":"status-publish","4":"has-post-thumbnail","6":"product_cat-sweater","7":"product_tag-elegance-urbane-strukture-premium","8":"product_tag-xhemper-urban-knit-black","10":"first","11":"instock","12":"sale","13":"taxable","14":"shipping-taxable","15":"purchasable","16":"product-type-variable"},"jetpack_sharing_enabled":true,"_links":{"self":[{"href":"https:\/\/urban-clothingstore.com\/en\/wp-json\/wp\/v2\/product\/8446","targetHints":{"allow":["GET"]}}],"collection":[{"href":"https:\/\/urban-clothingstore.com\/en\/wp-json\/wp\/v2\/product"}],"about":[{"href":"https:\/\/urban-clothingstore.com\/en\/wp-json\/wp\/v2\/types\/product"}],"replies":[{"embeddable":true,"href":"https:\/\/urban-clothingstore.com\/en\/wp-json\/wp\/v2\/comments?post=8446"}],"wp:featuredmedia":[{"embeddable":true,"href":"https:\/\/urban-clothingstore.com\/en\/wp-json\/wp\/v2\/media\/8444"}],"wp:attachment":[{"href":"https:\/\/urban-clothingstore.com\/en\/wp-json\/wp\/v2\/media?parent=8446"}],"wp:term":[{"taxonomy":"product_brand","embeddable":true,"href":"https:\/\/urban-clothingstore.com\/en\/wp-json\/wp\/v2\/product_brand?post=8446"},{"taxonomy":"product_cat","embeddable":true,"href":"https:\/\/urban-clothingstore.com\/en\/wp-json\/wp\/v2\/product_cat?post=8446"},{"taxonomy":"product_tag","embeddable":true,"href":"https:\/\/urban-clothingstore.com\/en\/wp-json\/wp\/v2\/product_tag?post=8446"}],"curies":[{"name":"wp","href":"https:\/\/api.w.org\/{rel}","templated":true}]}}