{"id":8452,"date":"2025-10-31T13:18:26","date_gmt":"2025-10-31T13:18:26","guid":{"rendered":"https:\/\/urban-clothingstore.com\/?post_type=product&#038;p=8452"},"modified":"2026-03-09T21:33:04","modified_gmt":"2026-03-09T21:33:04","slug":"xhemper-urban-knit-beige-klas-minimalizem-luksoz","status":"publish","type":"product","link":"https:\/\/urban-clothingstore.com\/en\/product\/xhemper-urban-knit-beige-klas-minimalizem-luksoz\/","title":{"rendered":"Xhemper \u201cUrban Knit Beige\u201d \u2013 Klas &#038; Minimaliz\u00ebm Luksoz"},"content":{"rendered":"<p data-start=\"430\" data-end=\"929\">Xhemperi <strong data-start=\"439\" data-end=\"461\">\u201cUrban Knit Beige\u201d<\/strong> nga <em data-start=\"466\" data-end=\"488\">Urban Clothing Store<\/em> p\u00ebrfaq\u00ebson thelbin e <strong data-start=\"510\" data-end=\"549\">stilizimit elegant me tone neutrale<\/strong>. Punuar me material t\u00eb but\u00eb me struktur\u00eb vertikale, ky model me kopsa dhe jak\u00eb klasike \u00ebsht\u00eb perfekt p\u00ebr pamje <strong data-start=\"661\" data-end=\"677\">smart-casual<\/strong> ose <strong data-start=\"682\" data-end=\"699\">street-luxury<\/strong>.<br data-start=\"700\" data-end=\"703\" \/>Ngjyra <strong data-start=\"710\" data-end=\"727\">bezh\u00eb e hapur<\/strong> ofron ndjesi <strong data-start=\"741\" data-end=\"767\">past\u00ebrtie dhe rafinimi<\/strong>, duke e b\u00ebr\u00eb t\u00eb leht\u00eb p\u00ebr t\u2019u kombinuar me pantallona t\u00eb err\u00ebta, jeans ose tonalitete gri. Nj\u00eb pjes\u00eb e domosdoshme p\u00ebr garderob\u00ebn e \u00e7do mashkulli me stil modern.<\/p>\n<p data-start=\"931\" data-end=\"953\"><strong data-start=\"931\" data-end=\"951\">Detaje kryesore:<\/strong><\/p>\n<ul data-start=\"954\" data-end=\"1141\">\n<li data-start=\"954\" data-end=\"997\">\n<p data-start=\"956\" data-end=\"997\">Material premium me struktur\u00eb vertikale<\/p>\n<\/li>\n<li data-start=\"998\" data-end=\"1033\">\n<p data-start=\"1000\" data-end=\"1033\">Model me kopsa dhe jak\u00eb klasike<\/p>\n<\/li>\n<li data-start=\"1034\" data-end=\"1068\">\n<p data-start=\"1036\" data-end=\"1068\">P\u00ebrshtatje e but\u00eb dhe elegante<\/p>\n<\/li>\n<li data-start=\"1069\" data-end=\"1099\">\n<p data-start=\"1071\" data-end=\"1099\">Ngjyr\u00eb bezh\u00eb\/krem neutrale<\/p>\n<\/li>\n<li data-start=\"1100\" data-end=\"1141\">\n<p data-start=\"1102\" data-end=\"1141\">Ideale p\u00ebr veshje urbane ose elegante<\/p>\n<\/li>\n<\/ul>","protected":false},"excerpt":{"rendered":"<p>Xhemperi \u201cUrban Knit Beige\u201d nga Urban Clothing Store p\u00ebrfaq\u00ebson thelbin e stilizimit elegant me tone neutrale. Punuar me material t\u00eb but\u00eb me struktur\u00eb vertikale, ky model me kopsa dhe jak\u00eb klasike \u00ebsht\u00eb perfekt p\u00ebr pamje smart-casual ose street-luxury.Ngjyra bezh\u00eb e hapur ofron ndjesi past\u00ebrtie dhe rafinimi, duke e b\u00ebr\u00eb t\u00eb leht\u00eb p\u00ebr t\u2019u kombinuar me [&hellip;]<\/p>","protected":false},"featured_media":8453,"comment_status":"open","ping_status":"closed","template":"","meta":[],"product_brand":[],"product_cat":[26],"product_tag":[412,411],"class_list":{"0":"post-8452","1":"product","2":"type-product","3":"status-publish","4":"has-post-thumbnail","6":"product_cat-sweater","7":"product_tag-klas-minimalizem-luksoz","8":"product_tag-xhemper-urban-knit-beige","10":"first","11":"instock","12":"sale","13":"taxable","14":"shipping-taxable","15":"purchasable","16":"product-type-variable"},"jetpack_sharing_enabled":true,"_links":{"self":[{"href":"https:\/\/urban-clothingstore.com\/en\/wp-json\/wp\/v2\/product\/8452","targetHints":{"allow":["GET"]}}],"collection":[{"href":"https:\/\/urban-clothingstore.com\/en\/wp-json\/wp\/v2\/product"}],"about":[{"href":"https:\/\/urban-clothingstore.com\/en\/wp-json\/wp\/v2\/types\/product"}],"replies":[{"embeddable":true,"href":"https:\/\/urban-clothingstore.com\/en\/wp-json\/wp\/v2\/comments?post=8452"}],"wp:featuredmedia":[{"embeddable":true,"href":"https:\/\/urban-clothingstore.com\/en\/wp-json\/wp\/v2\/media\/8453"}],"wp:attachment":[{"href":"https:\/\/urban-clothingstore.com\/en\/wp-json\/wp\/v2\/media?parent=8452"}],"wp:term":[{"taxonomy":"product_brand","embeddable":true,"href":"https:\/\/urban-clothingstore.com\/en\/wp-json\/wp\/v2\/product_brand?post=8452"},{"taxonomy":"product_cat","embeddable":true,"href":"https:\/\/urban-clothingstore.com\/en\/wp-json\/wp\/v2\/product_cat?post=8452"},{"taxonomy":"product_tag","embeddable":true,"href":"https:\/\/urban-clothingstore.com\/en\/wp-json\/wp\/v2\/product_tag?post=8452"}],"curies":[{"name":"wp","href":"https:\/\/api.w.org\/{rel}","templated":true}]}}