{"id":8473,"date":"2025-10-31T13:42:51","date_gmt":"2025-10-31T13:42:51","guid":{"rendered":"https:\/\/urban-clothingstore.com\/?post_type=product&#038;p=8473"},"modified":"2026-03-20T08:16:22","modified_gmt":"2026-03-20T08:16:22","slug":"xhup-urban-shearling-bomber-eco-lekure-premium-e-zeze","status":"publish","type":"product","link":"https:\/\/urban-clothingstore.com\/en\/product\/xhup-urban-shearling-bomber-eco-lekure-premium-e-zeze\/","title":{"rendered":"Xhup \u201cUrban Shearling Bomber\u201d \u2013 Eco-Lekure Premium e Zez\u00eb"},"content":{"rendered":"<p data-start=\"344\" data-end=\"703\">Ky xhup bomber prej l\u00ebkure premium \u00ebsht\u00eb thelbi i stilit \u201curban-luxury\u201d. Me nj\u00eb dizajn t\u00eb past\u00ebr, jak\u00eb pelushi t\u00eb zez\u00eb dhe p\u00ebrfundime metalike, ofron nj\u00eb pamje t\u00eb fuqishme dhe elegante p\u00ebr sezonin e ftoht\u00eb.<br data-start=\"550\" data-end=\"553\" \/>P\u00ebrshtatet n\u00eb m\u00ebnyr\u00eb perfekte me xhinse t\u00eb zeza, triko apo k\u00ebmisha me ngjyr\u00eb neutrale, duke krijuar nj\u00eb outfit modern dhe t\u00eb sofistikuar p\u00ebr \u00e7do rast.<\/p>\n<p data-start=\"705\" data-end=\"725\"><strong data-start=\"705\" data-end=\"725\">Detaje kryesore:<\/strong><\/p>\n<ul data-start=\"726\" data-end=\"1025\">\n<li data-start=\"726\" data-end=\"790\">\n<p data-start=\"728\" data-end=\"790\">Material: lekure premium (eco-leather e but\u00eb dhe rezistente)<\/p>\n<\/li>\n<li data-start=\"791\" data-end=\"838\">\n<p data-start=\"793\" data-end=\"838\">Jak\u00eb me pelush t\u00eb zi p\u00ebr komoditet dhe stil<\/p>\n<\/li>\n<li data-start=\"839\" data-end=\"894\">\n<p data-start=\"841\" data-end=\"894\">Zinxhir\u00eb metalik\u00eb n\u00eb pjes\u00ebn e p\u00ebrparme dhe n\u00eb xhepa<\/p>\n<\/li>\n<li data-start=\"895\" data-end=\"957\">\n<p data-start=\"897\" data-end=\"957\">Pjes\u00eb elastike n\u00eb bel dhe m\u00ebng\u00eb p\u00ebr p\u00ebrshtatje t\u00eb p\u00ebrsosur<\/p>\n<\/li>\n<li data-start=\"958\" data-end=\"998\">\n<p data-start=\"960\" data-end=\"998\">Siluet\u00eb: bomber-fit me form\u00eb moderne<\/p>\n<\/li>\n<li data-start=\"999\" data-end=\"1025\">\n<p data-start=\"1001\" data-end=\"1025\">Ngjyr\u00eb: e zez\u00eb klasike<\/p>\n<\/li>\n<\/ul>","protected":false},"excerpt":{"rendered":"<p>Ky xhup bomber prej l\u00ebkure premium \u00ebsht\u00eb thelbi i stilit \u201curban-luxury\u201d. Me nj\u00eb dizajn t\u00eb past\u00ebr, jak\u00eb pelushi t\u00eb zez\u00eb dhe p\u00ebrfundime metalike, ofron nj\u00eb pamje t\u00eb fuqishme dhe elegante p\u00ebr sezonin e ftoht\u00eb.P\u00ebrshtatet n\u00eb m\u00ebnyr\u00eb perfekte me xhinse t\u00eb zeza, triko apo k\u00ebmisha me ngjyr\u00eb neutrale, duke krijuar nj\u00eb outfit modern dhe t\u00eb sofistikuar [&hellip;]<\/p>","protected":false},"featured_media":8474,"comment_status":"open","ping_status":"closed","template":"","meta":[],"product_brand":[],"product_cat":[25],"product_tag":[417,416],"class_list":{"0":"post-8473","1":"product","2":"type-product","3":"status-publish","4":"has-post-thumbnail","6":"product_cat-jackets","7":"product_tag-eco-lekure-premium-e-zeze","8":"product_tag-xhup-urban-shearling-bomber","10":"first","11":"instock","12":"taxable","13":"shipping-taxable","14":"purchasable","15":"product-type-variable"},"jetpack_sharing_enabled":true,"_links":{"self":[{"href":"https:\/\/urban-clothingstore.com\/en\/wp-json\/wp\/v2\/product\/8473","targetHints":{"allow":["GET"]}}],"collection":[{"href":"https:\/\/urban-clothingstore.com\/en\/wp-json\/wp\/v2\/product"}],"about":[{"href":"https:\/\/urban-clothingstore.com\/en\/wp-json\/wp\/v2\/types\/product"}],"replies":[{"embeddable":true,"href":"https:\/\/urban-clothingstore.com\/en\/wp-json\/wp\/v2\/comments?post=8473"}],"wp:featuredmedia":[{"embeddable":true,"href":"https:\/\/urban-clothingstore.com\/en\/wp-json\/wp\/v2\/media\/8474"}],"wp:attachment":[{"href":"https:\/\/urban-clothingstore.com\/en\/wp-json\/wp\/v2\/media?parent=8473"}],"wp:term":[{"taxonomy":"product_brand","embeddable":true,"href":"https:\/\/urban-clothingstore.com\/en\/wp-json\/wp\/v2\/product_brand?post=8473"},{"taxonomy":"product_cat","embeddable":true,"href":"https:\/\/urban-clothingstore.com\/en\/wp-json\/wp\/v2\/product_cat?post=8473"},{"taxonomy":"product_tag","embeddable":true,"href":"https:\/\/urban-clothingstore.com\/en\/wp-json\/wp\/v2\/product_tag?post=8473"}],"curies":[{"name":"wp","href":"https:\/\/api.w.org\/{rel}","templated":true}]}}