{"id":8487,"date":"2025-10-31T14:08:25","date_gmt":"2025-10-31T14:08:25","guid":{"rendered":"https:\/\/urban-clothingstore.com\/?post_type=product&#038;p=8487"},"modified":"2026-03-09T21:31:08","modified_gmt":"2026-03-09T21:31:08","slug":"xhemper-urban-half-zip-different-e-bardhe-premium","status":"publish","type":"product","link":"https:\/\/urban-clothingstore.com\/en\/product\/xhemper-urban-half-zip-different-e-bardhe-premium\/","title":{"rendered":"Xhemper \u201cUrban Half-Zip Different\u201d \u2013 E Bardh\u00eb Premium"},"content":{"rendered":"<p data-start=\"396\" data-end=\"865\">Nj\u00eb klasik modern q\u00eb pasqyron stilin \u201cclean urban\u201d. Ky xhemper \u201chalf-zip\u201d \u00ebsht\u00eb krijuar nga material i but\u00eb premium me struktur\u00eb t\u00eb l\u00ebmuar, q\u00eb ofron rehat, stil dhe eleganc\u00eb minimaliste.<br data-start=\"582\" data-end=\"585\" \/>Ngjyra e bardh\u00eb e past\u00ebr thekson thjesht\u00ebsin\u00eb dhe rafinimin, nd\u00ebrsa logoja <em data-start=\"660\" data-end=\"671\">DIFFERENT<\/em> e qepur n\u00eb gjoks shton nj\u00eb prekje delikate identiteti.<br data-start=\"726\" data-end=\"729\" \/>P\u00ebrshtatet leht\u00eb me \u00e7do kombinim \u2014 pantallona bezh\u00eb, xhinse t\u00eb zeza ose t\u00eb bardha \u2014 p\u00ebr nj\u00eb pamje moderne, t\u00eb past\u00ebr dhe t\u00eb sofistikuar.<\/p>\n<p data-start=\"867\" data-end=\"889\"><strong data-start=\"867\" data-end=\"887\">Detaje kryesore:<\/strong><\/p>\n<ul data-start=\"890\" data-end=\"1137\">\n<li data-start=\"890\" data-end=\"930\">\n<p data-start=\"892\" data-end=\"930\">Dizajn \u201cHalf-zip\u201d me jak\u00eb t\u00eb ngritur<\/p>\n<\/li>\n<li data-start=\"931\" data-end=\"960\">\n<p data-start=\"933\" data-end=\"960\">Ngjyr\u00eb: e bardh\u00eb e past\u00ebr<\/p>\n<\/li>\n<li data-start=\"961\" data-end=\"1004\">\n<p data-start=\"963\" data-end=\"1004\">Logo <em data-start=\"968\" data-end=\"979\">DIFFERENT<\/em> e qepur tonal n\u00eb gjoks<\/p>\n<\/li>\n<li data-start=\"1005\" data-end=\"1053\">\n<p data-start=\"1007\" data-end=\"1053\">Material: pambuk premium, i but\u00eb dhe elastik<\/p>\n<\/li>\n<li data-start=\"1054\" data-end=\"1089\">\n<p data-start=\"1056\" data-end=\"1089\">P\u00ebrshtatje: regular-fit moderne<\/p>\n<\/li>\n<li data-start=\"1090\" data-end=\"1137\">\n<p data-start=\"1092\" data-end=\"1137\">I p\u00ebrshtatsh\u00ebm p\u00ebr sezonet vjesht\u00eb-pranver\u00eb<\/p>\n<\/li>\n<\/ul>","protected":false},"excerpt":{"rendered":"<p>Nj\u00eb klasik modern q\u00eb pasqyron stilin \u201cclean urban\u201d. Ky xhemper \u201chalf-zip\u201d \u00ebsht\u00eb krijuar nga material i but\u00eb premium me struktur\u00eb t\u00eb l\u00ebmuar, q\u00eb ofron rehat, stil dhe eleganc\u00eb minimaliste.Ngjyra e bardh\u00eb e past\u00ebr thekson thjesht\u00ebsin\u00eb dhe rafinimin, nd\u00ebrsa logoja DIFFERENT e qepur n\u00eb gjoks shton nj\u00eb prekje delikate identiteti.P\u00ebrshtatet leht\u00eb me \u00e7do kombinim \u2014 pantallona [&hellip;]<\/p>","protected":false},"featured_media":8488,"comment_status":"open","ping_status":"closed","template":"","meta":[],"product_brand":[],"product_cat":[26],"product_tag":[421,420],"class_list":{"0":"post-8487","1":"product","2":"type-product","3":"status-publish","4":"has-post-thumbnail","6":"product_cat-sweater","7":"product_tag-e-bardhe-premium","8":"product_tag-xhemper-urban-half-zip-different","10":"first","11":"instock","12":"sale","13":"taxable","14":"shipping-taxable","15":"purchasable","16":"product-type-variable"},"jetpack_sharing_enabled":true,"_links":{"self":[{"href":"https:\/\/urban-clothingstore.com\/en\/wp-json\/wp\/v2\/product\/8487","targetHints":{"allow":["GET"]}}],"collection":[{"href":"https:\/\/urban-clothingstore.com\/en\/wp-json\/wp\/v2\/product"}],"about":[{"href":"https:\/\/urban-clothingstore.com\/en\/wp-json\/wp\/v2\/types\/product"}],"replies":[{"embeddable":true,"href":"https:\/\/urban-clothingstore.com\/en\/wp-json\/wp\/v2\/comments?post=8487"}],"wp:featuredmedia":[{"embeddable":true,"href":"https:\/\/urban-clothingstore.com\/en\/wp-json\/wp\/v2\/media\/8488"}],"wp:attachment":[{"href":"https:\/\/urban-clothingstore.com\/en\/wp-json\/wp\/v2\/media?parent=8487"}],"wp:term":[{"taxonomy":"product_brand","embeddable":true,"href":"https:\/\/urban-clothingstore.com\/en\/wp-json\/wp\/v2\/product_brand?post=8487"},{"taxonomy":"product_cat","embeddable":true,"href":"https:\/\/urban-clothingstore.com\/en\/wp-json\/wp\/v2\/product_cat?post=8487"},{"taxonomy":"product_tag","embeddable":true,"href":"https:\/\/urban-clothingstore.com\/en\/wp-json\/wp\/v2\/product_tag?post=8487"}],"curies":[{"name":"wp","href":"https:\/\/api.w.org\/{rel}","templated":true}]}}