{"id":8515,"date":"2025-10-31T14:37:08","date_gmt":"2025-10-31T14:37:08","guid":{"rendered":"https:\/\/urban-clothingstore.com\/?post_type=product&#038;p=8515"},"modified":"2026-03-09T21:29:26","modified_gmt":"2026-03-09T21:29:26","slug":"xhemper-urban-half-zip-essential-antracit-i-erret","status":"publish","type":"product","link":"https:\/\/urban-clothingstore.com\/en\/product\/xhemper-urban-half-zip-essential-antracit-i-erret\/","title":{"rendered":"Xhemper \u201cUrban Half-Zip Essential\u201d \u2013 Antracit i Err\u00ebt"},"content":{"rendered":"<p data-start=\"395\" data-end=\"774\">Ky xhemper \u201chalf-zip\u201d \u00ebsht\u00eb simbol i thjesht\u00ebsis\u00eb moderne dhe stilit t\u00eb past\u00ebr urban. Me dizajn minimalist dhe material premium q\u00eb siguron rehati maksimale, ai kombinon eleganc\u00ebn me prakticitetin e p\u00ebrditsh\u00ebm.<br data-start=\"604\" data-end=\"607\" \/>Ngjyra antracite e err\u00ebt i jep nj\u00eb pamje neutrale dhe t\u00eb sofistikuar, e leht\u00eb p\u00ebr t\u2019u kombinuar me \u00e7do outfit \u2013 nga pantallonat e zeza deri te xhinset blu apo bezh\u00eb.<\/p>\n<p data-start=\"776\" data-end=\"798\"><strong data-start=\"776\" data-end=\"796\">Detaje kryesore:<\/strong><\/p>\n<ul data-start=\"799\" data-end=\"1048\">\n<li data-start=\"799\" data-end=\"839\">\n<p data-start=\"801\" data-end=\"839\">Dizajn \u201cHalf-zip\u201d me jak\u00eb t\u00eb ngritur<\/p>\n<\/li>\n<li data-start=\"840\" data-end=\"868\">\n<p data-start=\"842\" data-end=\"868\">Ngjyr\u00eb: antracit e err\u00ebt<\/p>\n<\/li>\n<li data-start=\"869\" data-end=\"919\">\n<p data-start=\"871\" data-end=\"919\">Material: pambuk premium, i but\u00eb dhe rezistent<\/p>\n<\/li>\n<li data-start=\"920\" data-end=\"954\">\n<p data-start=\"922\" data-end=\"954\">P\u00ebrshtatje: regular-fit urbane<\/p>\n<\/li>\n<li data-start=\"955\" data-end=\"1003\">\n<p data-start=\"957\" data-end=\"1003\">Zinxhir metalik elegant n\u00eb pjes\u00ebn e p\u00ebrparme<\/p>\n<\/li>\n<li data-start=\"1004\" data-end=\"1048\">\n<p data-start=\"1006\" data-end=\"1048\">Ideal p\u00ebr kombinime minimal &amp; streetwear<\/p>\n<\/li>\n<\/ul>","protected":false},"excerpt":{"rendered":"<p>Ky xhemper \u201chalf-zip\u201d \u00ebsht\u00eb simbol i thjesht\u00ebsis\u00eb moderne dhe stilit t\u00eb past\u00ebr urban. Me dizajn minimalist dhe material premium q\u00eb siguron rehati maksimale, ai kombinon eleganc\u00ebn me prakticitetin e p\u00ebrditsh\u00ebm.Ngjyra antracite e err\u00ebt i jep nj\u00eb pamje neutrale dhe t\u00eb sofistikuar, e leht\u00eb p\u00ebr t\u2019u kombinuar me \u00e7do outfit \u2013 nga pantallonat e zeza deri [&hellip;]<\/p>","protected":false},"featured_media":8516,"comment_status":"open","ping_status":"closed","template":"","meta":[],"product_brand":[],"product_cat":[26],"product_tag":[364,396,367,376],"class_list":{"0":"post-8515","1":"product","2":"type-product","3":"status-publish","4":"has-post-thumbnail","6":"product_cat-sweater","7":"product_tag-gjysmezip","8":"product_tag-ngjyr-antracid","9":"product_tag-regularfit","10":"product_tag-xhemper","12":"first","13":"outofstock","14":"sale","15":"taxable","16":"shipping-taxable","17":"purchasable","18":"product-type-variable"},"jetpack_sharing_enabled":true,"_links":{"self":[{"href":"https:\/\/urban-clothingstore.com\/en\/wp-json\/wp\/v2\/product\/8515","targetHints":{"allow":["GET"]}}],"collection":[{"href":"https:\/\/urban-clothingstore.com\/en\/wp-json\/wp\/v2\/product"}],"about":[{"href":"https:\/\/urban-clothingstore.com\/en\/wp-json\/wp\/v2\/types\/product"}],"replies":[{"embeddable":true,"href":"https:\/\/urban-clothingstore.com\/en\/wp-json\/wp\/v2\/comments?post=8515"}],"wp:featuredmedia":[{"embeddable":true,"href":"https:\/\/urban-clothingstore.com\/en\/wp-json\/wp\/v2\/media\/8516"}],"wp:attachment":[{"href":"https:\/\/urban-clothingstore.com\/en\/wp-json\/wp\/v2\/media?parent=8515"}],"wp:term":[{"taxonomy":"product_brand","embeddable":true,"href":"https:\/\/urban-clothingstore.com\/en\/wp-json\/wp\/v2\/product_brand?post=8515"},{"taxonomy":"product_cat","embeddable":true,"href":"https:\/\/urban-clothingstore.com\/en\/wp-json\/wp\/v2\/product_cat?post=8515"},{"taxonomy":"product_tag","embeddable":true,"href":"https:\/\/urban-clothingstore.com\/en\/wp-json\/wp\/v2\/product_tag?post=8515"}],"curies":[{"name":"wp","href":"https:\/\/api.w.org\/{rel}","templated":true}]}}