{"id":8635,"date":"2025-11-09T14:48:52","date_gmt":"2025-11-09T14:48:52","guid":{"rendered":"https:\/\/urban-clothingstore.com\/?post_type=product&#038;p=8635"},"modified":"2025-11-15T17:38:58","modified_gmt":"2025-11-15T17:38:58","slug":"pallto-e-zeze-elegante-me-dy-rreshta-kopsa-stil-klasik-dhe-modern","status":"publish","type":"product","link":"https:\/\/urban-clothingstore.com\/en\/product\/pallto-e-zeze-elegante-me-dy-rreshta-kopsa-stil-klasik-dhe-modern\/","title":{"rendered":"Pallto e zez\u00eb elegante me dy rreshta kopsa \u2013 stil klasik dhe modern"},"content":{"rendered":"<p data-start=\"94\" data-end=\"570\">Kjo pallto e zez\u00eb \u00ebsht\u00eb kombinimi perfekt mes eleganc\u00ebs klasike dhe stilit modern urban. Me prerje t\u00eb strukturuar dhe detaje t\u00eb punuara me precizion, ofron nj\u00eb pamje t\u00eb past\u00ebr dhe t\u00eb sofistikuar p\u00ebr \u00e7do rast. Dy rreshtat e kopsave metalike shtojn\u00eb karakter, nd\u00ebrsa materiali premium siguron ngroht\u00ebsi dhe komoditet gjat\u00eb stin\u00ebs s\u00eb ftoht\u00eb. E p\u00ebrsosur p\u00ebr t\u2019u kombinuar me golf t\u00eb zi, pantallona slim dhe \u00e7izme l\u00ebkure p\u00ebr nj\u00eb pamje \u201cUrban Gentleman\u201d.<\/p>\n<p data-start=\"572\" data-end=\"593\"><strong data-start=\"572\" data-end=\"591\">Pikat kryesore:<\/strong><\/p>\n<ul data-start=\"594\" data-end=\"810\">\n<li data-start=\"594\" data-end=\"640\">\n<p data-start=\"596\" data-end=\"640\">Pallto e zez\u00eb me dy rreshta kopsa metalike<\/p>\n<\/li>\n<li data-start=\"641\" data-end=\"678\">\n<p data-start=\"643\" data-end=\"678\">Prerje klasike me linja t\u00eb pastra<\/p>\n<\/li>\n<li data-start=\"679\" data-end=\"726\">\n<p data-start=\"681\" data-end=\"726\">Material i trash\u00eb, ideal p\u00ebr dit\u00ebt e ftohta<\/p>\n<\/li>\n<li data-start=\"727\" data-end=\"764\">\n<p data-start=\"729\" data-end=\"764\">Pamje luksoze, urbane dhe moderne<\/p>\n<\/li>\n<li data-start=\"765\" data-end=\"810\">\n<p data-start=\"767\" data-end=\"810\">Detaje t\u00eb p\u00ebrpunuara p\u00ebr nj\u00eb stil premium<\/p>\n<\/li>\n<\/ul>","protected":false},"excerpt":{"rendered":"<p>Kjo pallto e zez\u00eb \u00ebsht\u00eb kombinimi perfekt mes eleganc\u00ebs klasike dhe stilit modern urban. Me prerje t\u00eb strukturuar dhe detaje t\u00eb punuara me precizion, ofron nj\u00eb pamje t\u00eb past\u00ebr dhe t\u00eb sofistikuar p\u00ebr \u00e7do rast. Dy rreshtat e kopsave metalike shtojn\u00eb karakter, nd\u00ebrsa materiali premium siguron ngroht\u00ebsi dhe komoditet gjat\u00eb stin\u00ebs s\u00eb ftoht\u00eb. E p\u00ebrsosur [&hellip;]<\/p>","protected":false},"featured_media":8637,"comment_status":"open","ping_status":"closed","template":"","meta":[],"product_brand":[],"product_cat":[293],"product_tag":[335,298,302,334],"class_list":{"0":"post-8635","1":"product","2":"type-product","3":"status-publish","4":"has-post-thumbnail","6":"product_cat-coat","7":"product_tag-elegante","8":"product_tag-klasike","9":"product_tag-ngjyre-e-zeze","10":"product_tag-pallto","12":"first","13":"instock","14":"sale","15":"taxable","16":"shipping-taxable","17":"purchasable","18":"product-type-variable"},"jetpack_sharing_enabled":true,"_links":{"self":[{"href":"https:\/\/urban-clothingstore.com\/en\/wp-json\/wp\/v2\/product\/8635","targetHints":{"allow":["GET"]}}],"collection":[{"href":"https:\/\/urban-clothingstore.com\/en\/wp-json\/wp\/v2\/product"}],"about":[{"href":"https:\/\/urban-clothingstore.com\/en\/wp-json\/wp\/v2\/types\/product"}],"replies":[{"embeddable":true,"href":"https:\/\/urban-clothingstore.com\/en\/wp-json\/wp\/v2\/comments?post=8635"}],"wp:featuredmedia":[{"embeddable":true,"href":"https:\/\/urban-clothingstore.com\/en\/wp-json\/wp\/v2\/media\/8637"}],"wp:attachment":[{"href":"https:\/\/urban-clothingstore.com\/en\/wp-json\/wp\/v2\/media?parent=8635"}],"wp:term":[{"taxonomy":"product_brand","embeddable":true,"href":"https:\/\/urban-clothingstore.com\/en\/wp-json\/wp\/v2\/product_brand?post=8635"},{"taxonomy":"product_cat","embeddable":true,"href":"https:\/\/urban-clothingstore.com\/en\/wp-json\/wp\/v2\/product_cat?post=8635"},{"taxonomy":"product_tag","embeddable":true,"href":"https:\/\/urban-clothingstore.com\/en\/wp-json\/wp\/v2\/product_tag?post=8635"}],"curies":[{"name":"wp","href":"https:\/\/api.w.org\/{rel}","templated":true}]}}