{"id":8643,"date":"2025-11-09T15:00:03","date_gmt":"2025-11-09T15:00:03","guid":{"rendered":"https:\/\/urban-clothingstore.com\/?post_type=product&#038;p=8643"},"modified":"2025-11-17T21:37:10","modified_gmt":"2025-11-17T21:37:10","slug":"pallto-navy-blue-me-jake-bezh-shearling-elegance-moderne-dhe-stil-luksoz","status":"publish","type":"product","link":"https:\/\/urban-clothingstore.com\/en\/product\/pallto-navy-blue-me-jake-bezh-shearling-elegance-moderne-dhe-stil-luksoz\/","title":{"rendered":"Pallto navy blue me jak\u00eb bezh shearling \u2013 eleganc\u00eb moderne dhe stil luksoz"},"content":{"rendered":"<p data-start=\"101\" data-end=\"566\">Kjo pallto navy blue me jak\u00eb bezh prej shearling \u00ebsht\u00eb p\u00ebrkufizimi i fines\u00ebs moderne. Me prerje t\u00eb drejt\u00eb, material premium dhe kontrast ngjyrash q\u00eb t\u00ebrheq v\u00ebmendjen, ky model p\u00ebrshtatet n\u00eb m\u00ebnyr\u00eb t\u00eb p\u00ebrkryer p\u00ebr meshkujt q\u00eb k\u00ebrkojn\u00eb eleganc\u00eb, ngroht\u00ebsi dhe stil t\u00eb sofistikuar n\u00eb t\u00eb nj\u00ebjt\u00ebn koh\u00eb. Jak\u00eb bezh prej pelushi i jep nj\u00eb prekje luksoze, nd\u00ebrsa kombinimi me golf t\u00eb bardh dhe \u00e7izme l\u00ebkure krijon pamjen perfekte \u201cUrban Classic\u201d.<\/p>\n<p data-start=\"568\" data-end=\"589\"><strong data-start=\"568\" data-end=\"587\">Pikat kryesore:<\/strong><\/p>\n<ul data-start=\"590\" data-end=\"809\">\n<li data-start=\"590\" data-end=\"633\">\n<p data-start=\"592\" data-end=\"633\">Pallto navy blue me jak\u00eb bezh shearling<\/p>\n<\/li>\n<li data-start=\"634\" data-end=\"671\">\n<p data-start=\"636\" data-end=\"671\">Prerje klasike dhe linja elegante<\/p>\n<\/li>\n<li data-start=\"672\" data-end=\"724\">\n<p data-start=\"674\" data-end=\"724\">Material premium me ndjesi t\u00eb but\u00eb dhe ngroht\u00ebsi<\/p>\n<\/li>\n<li data-start=\"725\" data-end=\"764\">\n<p data-start=\"727\" data-end=\"764\">Ideal p\u00ebr veshje urbane dhe formale<\/p>\n<\/li>\n<li data-start=\"765\" data-end=\"809\">\n<p data-start=\"767\" data-end=\"809\">Detaje luksoze p\u00ebr nj\u00eb pamje t\u00eb rafinuar<\/p>\n<\/li>\n<\/ul>","protected":false},"excerpt":{"rendered":"<p>Kjo pallto navy blue me jak\u00eb bezh prej shearling \u00ebsht\u00eb p\u00ebrkufizimi i fines\u00ebs moderne. Me prerje t\u00eb drejt\u00eb, material premium dhe kontrast ngjyrash q\u00eb t\u00ebrheq v\u00ebmendjen, ky model p\u00ebrshtatet n\u00eb m\u00ebnyr\u00eb t\u00eb p\u00ebrkryer p\u00ebr meshkujt q\u00eb k\u00ebrkojn\u00eb eleganc\u00eb, ngroht\u00ebsi dhe stil t\u00eb sofistikuar n\u00eb t\u00eb nj\u00ebjt\u00ebn koh\u00eb. Jak\u00eb bezh prej pelushi i jep nj\u00eb prekje [&hellip;]<\/p>","protected":false},"featured_media":8636,"comment_status":"open","ping_status":"closed","template":"","meta":[],"product_brand":[],"product_cat":[293],"product_tag":[335,339,334],"class_list":{"0":"post-8643","1":"product","2":"type-product","3":"status-publish","4":"has-post-thumbnail","6":"product_cat-coat","7":"product_tag-elegante","8":"product_tag-ngjyr-teget","9":"product_tag-pallto","11":"first","12":"outofstock","13":"sale","14":"taxable","15":"shipping-taxable","16":"purchasable","17":"product-type-variable"},"jetpack_sharing_enabled":true,"_links":{"self":[{"href":"https:\/\/urban-clothingstore.com\/en\/wp-json\/wp\/v2\/product\/8643","targetHints":{"allow":["GET"]}}],"collection":[{"href":"https:\/\/urban-clothingstore.com\/en\/wp-json\/wp\/v2\/product"}],"about":[{"href":"https:\/\/urban-clothingstore.com\/en\/wp-json\/wp\/v2\/types\/product"}],"replies":[{"embeddable":true,"href":"https:\/\/urban-clothingstore.com\/en\/wp-json\/wp\/v2\/comments?post=8643"}],"wp:featuredmedia":[{"embeddable":true,"href":"https:\/\/urban-clothingstore.com\/en\/wp-json\/wp\/v2\/media\/8636"}],"wp:attachment":[{"href":"https:\/\/urban-clothingstore.com\/en\/wp-json\/wp\/v2\/media?parent=8643"}],"wp:term":[{"taxonomy":"product_brand","embeddable":true,"href":"https:\/\/urban-clothingstore.com\/en\/wp-json\/wp\/v2\/product_brand?post=8643"},{"taxonomy":"product_cat","embeddable":true,"href":"https:\/\/urban-clothingstore.com\/en\/wp-json\/wp\/v2\/product_cat?post=8643"},{"taxonomy":"product_tag","embeddable":true,"href":"https:\/\/urban-clothingstore.com\/en\/wp-json\/wp\/v2\/product_tag?post=8643"}],"curies":[{"name":"wp","href":"https:\/\/api.w.org\/{rel}","templated":true}]}}