{"id":8657,"date":"2025-11-09T15:17:44","date_gmt":"2025-11-09T15:17:44","guid":{"rendered":"https:\/\/urban-clothingstore.com\/?post_type=product&#038;p=8657"},"modified":"2026-02-26T22:57:01","modified_gmt":"2026-02-26T22:57:01","slug":"xhup-i-zi-me-kapuc-dhe-pelush-te-brendshem-stil-urban-dhe-komoditet-maksimal","status":"publish","type":"product","link":"https:\/\/urban-clothingstore.com\/en\/product\/xhup-i-zi-me-kapuc-dhe-pelush-te-brendshem-stil-urban-dhe-komoditet-maksimal\/","title":{"rendered":"Xhup i zi me kapu\u00e7 dhe pelush t\u00eb brendsh\u00ebm \u2013 stil urban dhe komoditet maksimal"},"content":{"rendered":"<p data-start=\"105\" data-end=\"533\">Ky xhup i zi \u00ebsht\u00eb zgjedhja perfekte p\u00ebr sezonin e ftoht\u00eb, duke kombinuar stilin urban me funksionalitetin. I punuar nga material rezistent ndaj er\u00ebs dhe lag\u00ebshtis\u00eb, ai p\u00ebrmban pelush t\u00eb but\u00eb t\u00eb brendsh\u00ebm q\u00eb ofron ngroht\u00ebsi dhe rehati gjat\u00eb gjith\u00eb dit\u00ebs. Kapu\u00e7i me lidh\u00ebse, detajet metalike dhe dizajni minimalist e b\u00ebjn\u00eb k\u00ebt\u00eb model ideal p\u00ebr \u00e7do outfit street-style apo pamje t\u00eb p\u00ebrditshme elegante.<\/p>\n<p data-start=\"535\" data-end=\"556\"><strong data-start=\"535\" data-end=\"554\">Pikat kryesore:<\/strong><\/p>\n<ul data-start=\"557\" data-end=\"781\">\n<li data-start=\"557\" data-end=\"603\">\n<p data-start=\"559\" data-end=\"603\">Xhup i zi me kapu\u00e7 dhe pelush t\u00eb brendsh\u00ebm<\/p>\n<\/li>\n<li data-start=\"604\" data-end=\"660\">\n<p data-start=\"606\" data-end=\"660\">Material i fort\u00eb, rezistent ndaj er\u00ebs dhe t\u00eb ftohtit<\/p>\n<\/li>\n<li data-start=\"661\" data-end=\"700\">\n<p data-start=\"663\" data-end=\"700\">Dizajn minimalist me detaje moderne<\/p>\n<\/li>\n<li data-start=\"701\" data-end=\"741\">\n<p data-start=\"703\" data-end=\"741\">Kombinohet leht\u00eb me \u00e7do outfit urban<\/p>\n<\/li>\n<li data-start=\"742\" data-end=\"781\">\n<p data-start=\"744\" data-end=\"781\">Ngroht\u00ebsi maksimale me stil premium<\/p>\n<\/li>\n<\/ul>","protected":false},"excerpt":{"rendered":"<p>Ky xhup i zi \u00ebsht\u00eb zgjedhja perfekte p\u00ebr sezonin e ftoht\u00eb, duke kombinuar stilin urban me funksionalitetin. I punuar nga material rezistent ndaj er\u00ebs dhe lag\u00ebshtis\u00eb, ai p\u00ebrmban pelush t\u00eb but\u00eb t\u00eb brendsh\u00ebm q\u00eb ofron ngroht\u00ebsi dhe rehati gjat\u00eb gjith\u00eb dit\u00ebs. Kapu\u00e7i me lidh\u00ebse, detajet metalike dhe dizajni minimalist e b\u00ebjn\u00eb k\u00ebt\u00eb model ideal p\u00ebr [&hellip;]<\/p>","protected":false},"featured_media":8658,"comment_status":"open","ping_status":"closed","template":"","meta":[],"product_brand":[],"product_cat":[25],"product_tag":[298,370,302,338],"class_list":{"0":"post-8657","1":"product","2":"type-product","3":"status-publish","4":"has-post-thumbnail","6":"product_cat-jackets","7":"product_tag-klasike","8":"product_tag-me-pelush-te-brendshem","9":"product_tag-ngjyre-e-zeze","10":"product_tag-xhup","12":"first","13":"instock","14":"taxable","15":"shipping-taxable","16":"purchasable","17":"product-type-variable"},"jetpack_sharing_enabled":true,"_links":{"self":[{"href":"https:\/\/urban-clothingstore.com\/en\/wp-json\/wp\/v2\/product\/8657","targetHints":{"allow":["GET"]}}],"collection":[{"href":"https:\/\/urban-clothingstore.com\/en\/wp-json\/wp\/v2\/product"}],"about":[{"href":"https:\/\/urban-clothingstore.com\/en\/wp-json\/wp\/v2\/types\/product"}],"replies":[{"embeddable":true,"href":"https:\/\/urban-clothingstore.com\/en\/wp-json\/wp\/v2\/comments?post=8657"}],"wp:featuredmedia":[{"embeddable":true,"href":"https:\/\/urban-clothingstore.com\/en\/wp-json\/wp\/v2\/media\/8658"}],"wp:attachment":[{"href":"https:\/\/urban-clothingstore.com\/en\/wp-json\/wp\/v2\/media?parent=8657"}],"wp:term":[{"taxonomy":"product_brand","embeddable":true,"href":"https:\/\/urban-clothingstore.com\/en\/wp-json\/wp\/v2\/product_brand?post=8657"},{"taxonomy":"product_cat","embeddable":true,"href":"https:\/\/urban-clothingstore.com\/en\/wp-json\/wp\/v2\/product_cat?post=8657"},{"taxonomy":"product_tag","embeddable":true,"href":"https:\/\/urban-clothingstore.com\/en\/wp-json\/wp\/v2\/product_tag?post=8657"}],"curies":[{"name":"wp","href":"https:\/\/api.w.org\/{rel}","templated":true}]}}