{"id":8664,"date":"2025-11-09T15:27:27","date_gmt":"2025-11-09T15:27:27","guid":{"rendered":"https:\/\/urban-clothingstore.com\/?post_type=product&#038;p=8664"},"modified":"2026-02-26T22:55:13","modified_gmt":"2026-02-26T22:55:13","slug":"xhup-navy-blue-me-kapuc-dhe-pelush-te-brendshem-stil-urban-dhe-ngrohtesi-premium","status":"publish","type":"product","link":"https:\/\/urban-clothingstore.com\/en\/product\/xhup-navy-blue-me-kapuc-dhe-pelush-te-brendshem-stil-urban-dhe-ngrohtesi-premium\/","title":{"rendered":"Xhup navy blue me kapu\u00e7 dhe pelush t\u00eb brendsh\u00ebm \u2013 stil urban dhe ngroht\u00ebsi premium"},"content":{"rendered":"<p data-start=\"109\" data-end=\"503\">Ky xhup n\u00eb ngjyr\u00eb navy blue p\u00ebrfaq\u00ebson balanc\u00ebn perfekte midis komoditetit, funksionalitetit dhe stilit urban. Me dizajn minimalist dhe detaje t\u00eb punuara me kujdes, ai siguron mbrojtje maksimale nga i ftohti fal\u00eb pelushit t\u00eb brendsh\u00ebm t\u00eb but\u00eb. Kapu\u00e7i praktik dhe kopsat metalike shtojn\u00eb nj\u00eb prekje moderne q\u00eb e b\u00ebn ideal p\u00ebr \u00e7do pamje streetwear apo casual elegante.<\/p>\n<p data-start=\"505\" data-end=\"526\"><strong data-start=\"505\" data-end=\"524\">Pikat kryesore:<\/strong><\/p>\n<ul data-start=\"527\" data-end=\"755\">\n<li data-start=\"527\" data-end=\"578\">\n<p data-start=\"529\" data-end=\"578\">Xhup navy blue me kapu\u00e7 dhe pelush t\u00eb brendsh\u00ebm<\/p>\n<\/li>\n<li data-start=\"579\" data-end=\"629\">\n<p data-start=\"581\" data-end=\"629\">Material i q\u00ebndruesh\u00ebm dhe rezistent ndaj er\u00ebs<\/p>\n<\/li>\n<li data-start=\"630\" data-end=\"668\">\n<p data-start=\"632\" data-end=\"668\">Dizajn minimalist me detaje urbane<\/p>\n<\/li>\n<li data-start=\"669\" data-end=\"712\">\n<p data-start=\"671\" data-end=\"712\">Ngroht\u00ebsi dhe rehati gjat\u00eb gjith\u00eb dit\u00ebs<\/p>\n<\/li>\n<li data-start=\"713\" data-end=\"755\">\n<p data-start=\"715\" data-end=\"755\">Kombinohet leht\u00eb me \u00e7do outfit dim\u00ebror<\/p>\n<\/li>\n<\/ul>","protected":false},"excerpt":{"rendered":"<p>Ky xhup n\u00eb ngjyr\u00eb navy blue p\u00ebrfaq\u00ebson balanc\u00ebn perfekte midis komoditetit, funksionalitetit dhe stilit urban. Me dizajn minimalist dhe detaje t\u00eb punuara me kujdes, ai siguron mbrojtje maksimale nga i ftohti fal\u00eb pelushit t\u00eb brendsh\u00ebm t\u00eb but\u00eb. Kapu\u00e7i praktik dhe kopsat metalike shtojn\u00eb nj\u00eb prekje moderne q\u00eb e b\u00ebn ideal p\u00ebr \u00e7do pamje streetwear apo [&hellip;]<\/p>","protected":false},"featured_media":8665,"comment_status":"open","ping_status":"closed","template":"","meta":[],"product_brand":[],"product_cat":[25],"product_tag":[427,370,339,338],"class_list":{"0":"post-8664","1":"product","2":"type-product","3":"status-publish","4":"has-post-thumbnail","6":"product_cat-jackets","7":"product_tag-klasik","8":"product_tag-me-pelush-te-brendshem","9":"product_tag-ngjyr-teget","10":"product_tag-xhup","12":"first","13":"instock","14":"taxable","15":"shipping-taxable","16":"purchasable","17":"product-type-variable"},"jetpack_sharing_enabled":true,"_links":{"self":[{"href":"https:\/\/urban-clothingstore.com\/en\/wp-json\/wp\/v2\/product\/8664","targetHints":{"allow":["GET"]}}],"collection":[{"href":"https:\/\/urban-clothingstore.com\/en\/wp-json\/wp\/v2\/product"}],"about":[{"href":"https:\/\/urban-clothingstore.com\/en\/wp-json\/wp\/v2\/types\/product"}],"replies":[{"embeddable":true,"href":"https:\/\/urban-clothingstore.com\/en\/wp-json\/wp\/v2\/comments?post=8664"}],"wp:featuredmedia":[{"embeddable":true,"href":"https:\/\/urban-clothingstore.com\/en\/wp-json\/wp\/v2\/media\/8665"}],"wp:attachment":[{"href":"https:\/\/urban-clothingstore.com\/en\/wp-json\/wp\/v2\/media?parent=8664"}],"wp:term":[{"taxonomy":"product_brand","embeddable":true,"href":"https:\/\/urban-clothingstore.com\/en\/wp-json\/wp\/v2\/product_brand?post=8664"},{"taxonomy":"product_cat","embeddable":true,"href":"https:\/\/urban-clothingstore.com\/en\/wp-json\/wp\/v2\/product_cat?post=8664"},{"taxonomy":"product_tag","embeddable":true,"href":"https:\/\/urban-clothingstore.com\/en\/wp-json\/wp\/v2\/product_tag?post=8664"}],"curies":[{"name":"wp","href":"https:\/\/api.w.org\/{rel}","templated":true}]}}