{"id":8671,"date":"2025-11-09T15:36:04","date_gmt":"2025-11-09T15:36:04","guid":{"rendered":"https:\/\/urban-clothingstore.com\/?post_type=product&#038;p=8671"},"modified":"2026-02-26T22:53:12","modified_gmt":"2026-02-26T22:53:12","slug":"xhup-kafe-prej-eco-leather-me-kapuc-dhe-pelush-stil-urban-luksoz-per-ditet-e-ftohta","status":"publish","type":"product","link":"https:\/\/urban-clothingstore.com\/en\/product\/xhup-kafe-prej-eco-leather-me-kapuc-dhe-pelush-stil-urban-luksoz-per-ditet-e-ftohta\/","title":{"rendered":"Xhup kafe prej eco-leather me kapu\u00e7 dhe pelush \u2013 stil urban-luksoz p\u00ebr dit\u00ebt e ftohta"},"content":{"rendered":"<p data-start=\"112\" data-end=\"482\">Ky xhup prej eco-leather n\u00eb ngjyr\u00eb kafe \u00ebsht\u00eb thelbi i stilit urban dhe eleganc\u00ebs moderne. Me sip\u00ebrfaqe me shk\u00eblqim t\u00eb leht\u00eb, kapu\u00e7 praktik dhe pelush t\u00eb brendsh\u00ebm p\u00ebr ngroht\u00ebsi maksimale, ai ofron pamje luksoze dhe rehati n\u00eb \u00e7do moment. Kombinimi perfekt mes funksionalitetit dhe stilit e b\u00ebn ideal p\u00ebr pamje street-style ose casual premium.<\/p>\n<p data-start=\"484\" data-end=\"505\"><strong data-start=\"484\" data-end=\"503\">Pikat kryesore:<\/strong><\/p>\n<ul data-start=\"506\" data-end=\"745\">\n<li data-start=\"506\" data-end=\"546\">\n<p data-start=\"508\" data-end=\"546\">Xhup prej eco-leather n\u00eb ngjyr\u00eb kafe<\/p>\n<\/li>\n<li data-start=\"547\" data-end=\"593\">\n<p data-start=\"549\" data-end=\"593\">Kapu\u00e7 me pelush t\u00eb brendsh\u00ebm p\u00ebr ngroht\u00ebsi<\/p>\n<\/li>\n<li data-start=\"594\" data-end=\"639\">\n<p data-start=\"596\" data-end=\"639\">Material cil\u00ebsor dhe rezistent ndaj motit<\/p>\n<\/li>\n<li data-start=\"640\" data-end=\"700\">\n<p data-start=\"642\" data-end=\"700\">Detaje elastike n\u00eb m\u00ebng\u00eb dhe bel p\u00ebr p\u00ebrshtatje perfekte<\/p>\n<\/li>\n<li data-start=\"701\" data-end=\"745\">\n<p data-start=\"703\" data-end=\"745\">Stil urban me prekje luksoze dhe moderne<\/p>\n<\/li>\n<\/ul>","protected":false},"excerpt":{"rendered":"<p>Ky xhup prej eco-leather n\u00eb ngjyr\u00eb kafe \u00ebsht\u00eb thelbi i stilit urban dhe eleganc\u00ebs moderne. Me sip\u00ebrfaqe me shk\u00eblqim t\u00eb leht\u00eb, kapu\u00e7 praktik dhe pelush t\u00eb brendsh\u00ebm p\u00ebr ngroht\u00ebsi maksimale, ai ofron pamje luksoze dhe rehati n\u00eb \u00e7do moment. Kombinimi perfekt mes funksionalitetit dhe stilit e b\u00ebn ideal p\u00ebr pamje street-style ose casual premium. Pikat [&hellip;]<\/p>","protected":false},"featured_media":11642,"comment_status":"open","ping_status":"closed","template":"","meta":[],"product_brand":[],"product_cat":[25],"product_tag":[298,370,321,338],"class_list":{"0":"post-8671","1":"product","2":"type-product","3":"status-publish","4":"has-post-thumbnail","6":"product_cat-jackets","7":"product_tag-klasike","8":"product_tag-me-pelush-te-brendshem","9":"product_tag-ngjyr-kafe","10":"product_tag-xhup","12":"first","13":"instock","14":"taxable","15":"shipping-taxable","16":"purchasable","17":"product-type-variable"},"jetpack_sharing_enabled":true,"_links":{"self":[{"href":"https:\/\/urban-clothingstore.com\/en\/wp-json\/wp\/v2\/product\/8671","targetHints":{"allow":["GET"]}}],"collection":[{"href":"https:\/\/urban-clothingstore.com\/en\/wp-json\/wp\/v2\/product"}],"about":[{"href":"https:\/\/urban-clothingstore.com\/en\/wp-json\/wp\/v2\/types\/product"}],"replies":[{"embeddable":true,"href":"https:\/\/urban-clothingstore.com\/en\/wp-json\/wp\/v2\/comments?post=8671"}],"wp:featuredmedia":[{"embeddable":true,"href":"https:\/\/urban-clothingstore.com\/en\/wp-json\/wp\/v2\/media\/11642"}],"wp:attachment":[{"href":"https:\/\/urban-clothingstore.com\/en\/wp-json\/wp\/v2\/media?parent=8671"}],"wp:term":[{"taxonomy":"product_brand","embeddable":true,"href":"https:\/\/urban-clothingstore.com\/en\/wp-json\/wp\/v2\/product_brand?post=8671"},{"taxonomy":"product_cat","embeddable":true,"href":"https:\/\/urban-clothingstore.com\/en\/wp-json\/wp\/v2\/product_cat?post=8671"},{"taxonomy":"product_tag","embeddable":true,"href":"https:\/\/urban-clothingstore.com\/en\/wp-json\/wp\/v2\/product_tag?post=8671"}],"curies":[{"name":"wp","href":"https:\/\/api.w.org\/{rel}","templated":true}]}}