{"id":8713,"date":"2025-11-09T21:28:01","date_gmt":"2025-11-09T21:28:01","guid":{"rendered":"https:\/\/urban-clothingstore.com\/?post_type=product&#038;p=8713"},"modified":"2025-11-15T17:17:16","modified_gmt":"2025-11-15T17:17:16","slug":"pallto-camel-me-jake-pelushi-elegance-klasike-luksoze","status":"publish","type":"product","link":"https:\/\/urban-clothingstore.com\/en\/product\/pallto-camel-me-jake-pelushi-elegance-klasike-luksoze\/","title":{"rendered":"Pallto Camel me Jak\u00eb Pelushi \u2013 Eleganc\u00eb Klasike &#038; Luksoze"},"content":{"rendered":"<p data-start=\"437\" data-end=\"863\">Nj\u00eb pallto q\u00eb t\u00ebrheq v\u00ebmendjen me fines\u00eb dhe klas. Modeli camel me jak\u00eb pelushi bezh ofron nj\u00eb pamje t\u00eb sofistikuar, perfekte p\u00ebr dit\u00ebt e ftohta dhe eventet elegante. E punuar nga material premium, kjo pallto kombinon ngroht\u00ebsin\u00eb me stilin, duke i dh\u00ebn\u00eb \u00e7do veshje nj\u00eb prekje luksoze dhe klasike.<br data-start=\"733\" data-end=\"736\" \/>Ideale p\u00ebr t\u2019u kombinuar me kostume, golf apo pantallona klasike \u2013 p\u00ebr nj\u00eb pamje \u201cgentleman modern\u201d q\u00eb spikat n\u00eb \u00e7do ambient.<\/p>\n<p data-start=\"865\" data-end=\"887\"><strong data-start=\"865\" data-end=\"885\">Detaje kryesore:<\/strong><\/p>\n<ul data-start=\"888\" data-end=\"1111\">\n<li data-start=\"888\" data-end=\"941\">\n<p data-start=\"890\" data-end=\"941\">Material premium (wool blend me p\u00ebrb\u00ebrje t\u00eb but\u00eb)<\/p>\n<\/li>\n<li data-start=\"942\" data-end=\"985\">\n<p data-start=\"944\" data-end=\"985\">Jak\u00eb pelushi bezh e dendur dhe elegante<\/p>\n<\/li>\n<li data-start=\"986\" data-end=\"1015\">\n<p data-start=\"988\" data-end=\"1015\">Prerje klasike me 2 kopsa<\/p>\n<\/li>\n<li data-start=\"1016\" data-end=\"1040\">\n<p data-start=\"1018\" data-end=\"1040\">Xhepa me kapak anash<\/p>\n<\/li>\n<li data-start=\"1041\" data-end=\"1078\">\n<p data-start=\"1043\" data-end=\"1078\">Ngjyr\u00eb camel me nuanc\u00eb t\u00eb ngroht\u00eb<\/p>\n<\/li>\n<li data-start=\"1079\" data-end=\"1111\">\n<p data-start=\"1081\" data-end=\"1111\">Pamje luksoze dhe e rafinuar<\/p>\n<\/li>\n<\/ul>","protected":false},"excerpt":{"rendered":"<p>Nj\u00eb pallto q\u00eb t\u00ebrheq v\u00ebmendjen me fines\u00eb dhe klas. Modeli camel me jak\u00eb pelushi bezh ofron nj\u00eb pamje t\u00eb sofistikuar, perfekte p\u00ebr dit\u00ebt e ftohta dhe eventet elegante. E punuar nga material premium, kjo pallto kombinon ngroht\u00ebsin\u00eb me stilin, duke i dh\u00ebn\u00eb \u00e7do veshje nj\u00eb prekje luksoze dhe klasike.Ideale p\u00ebr t\u2019u kombinuar me kostume, golf [&hellip;]<\/p>","protected":false},"featured_media":8714,"comment_status":"open","ping_status":"closed","template":"","meta":[],"product_brand":[],"product_cat":[293],"product_tag":[433,432],"class_list":{"0":"post-8713","1":"product","2":"type-product","3":"status-publish","4":"has-post-thumbnail","6":"product_cat-coat","7":"product_tag-elegance-klasike-luksoze","8":"product_tag-pallto-camel-me-jake-pelushi","10":"first","11":"instock","12":"sale","13":"taxable","14":"shipping-taxable","15":"purchasable","16":"product-type-variable"},"jetpack_sharing_enabled":true,"_links":{"self":[{"href":"https:\/\/urban-clothingstore.com\/en\/wp-json\/wp\/v2\/product\/8713","targetHints":{"allow":["GET"]}}],"collection":[{"href":"https:\/\/urban-clothingstore.com\/en\/wp-json\/wp\/v2\/product"}],"about":[{"href":"https:\/\/urban-clothingstore.com\/en\/wp-json\/wp\/v2\/types\/product"}],"replies":[{"embeddable":true,"href":"https:\/\/urban-clothingstore.com\/en\/wp-json\/wp\/v2\/comments?post=8713"}],"wp:featuredmedia":[{"embeddable":true,"href":"https:\/\/urban-clothingstore.com\/en\/wp-json\/wp\/v2\/media\/8714"}],"wp:attachment":[{"href":"https:\/\/urban-clothingstore.com\/en\/wp-json\/wp\/v2\/media?parent=8713"}],"wp:term":[{"taxonomy":"product_brand","embeddable":true,"href":"https:\/\/urban-clothingstore.com\/en\/wp-json\/wp\/v2\/product_brand?post=8713"},{"taxonomy":"product_cat","embeddable":true,"href":"https:\/\/urban-clothingstore.com\/en\/wp-json\/wp\/v2\/product_cat?post=8713"},{"taxonomy":"product_tag","embeddable":true,"href":"https:\/\/urban-clothingstore.com\/en\/wp-json\/wp\/v2\/product_tag?post=8713"}],"curies":[{"name":"wp","href":"https:\/\/api.w.org\/{rel}","templated":true}]}}