{"id":8727,"date":"2025-11-09T21:35:11","date_gmt":"2025-11-09T21:35:11","guid":{"rendered":"https:\/\/urban-clothingstore.com\/?post_type=product&#038;p=8727"},"modified":"2026-01-15T20:55:54","modified_gmt":"2026-01-15T20:55:54","slug":"pallto-e-zeze-double-breasted-elegance-klasike-stil-luksoz","status":"publish","type":"product","link":"https:\/\/urban-clothingstore.com\/en\/product\/pallto-e-zeze-double-breasted-elegance-klasike-stil-luksoz\/","title":{"rendered":"Pallto e Zez\u00eb Double-Breasted \u2013 Eleganc\u00eb Klasike &#038; Stil Luksoz"},"content":{"rendered":"<p data-start=\"446\" data-end=\"866\">Kjo pallto e zez\u00eb \u00ebsht\u00eb simbol i klasit dhe fines\u00ebs mashkullore. Me dizajn \u201cdouble-breasted\u201d dhe prerje t\u00eb drejt\u00eb, ofron nj\u00eb siluet\u00eb t\u00eb fuqishme dhe moderne, perfekte p\u00ebr meshkujt q\u00eb preferojn\u00eb stilin e rafinuar.<br data-start=\"658\" data-end=\"661\" \/>E punuar nga material premium \u201cwool blend\u201d, siguron ngroht\u00ebsi dhe rehati gjat\u00eb dit\u00ebve t\u00eb ftohta, nd\u00ebrsa pamja e saj monokrome e b\u00ebn ideale p\u00ebr \u00e7do kombinim \u2013 nga golf\u00ebt elegant\u00eb deri te kostumet klasike.<\/p>\n<p data-start=\"868\" data-end=\"890\"><strong data-start=\"868\" data-end=\"888\">Detaje kryesore:<\/strong><\/p>\n<ul data-start=\"891\" data-end=\"1167\">\n<li data-start=\"891\" data-end=\"943\">\n<p data-start=\"893\" data-end=\"943\">Material i but\u00eb &amp; rezistent (premium wool blend)<\/p>\n<\/li>\n<li data-start=\"944\" data-end=\"991\">\n<p data-start=\"946\" data-end=\"991\">Model me dy rreshta kopsa (double-breasted)<\/p>\n<\/li>\n<li data-start=\"992\" data-end=\"1033\">\n<p data-start=\"994\" data-end=\"1033\">Prerje klasike dhe struktur\u00eb elegante<\/p>\n<\/li>\n<li data-start=\"1034\" data-end=\"1086\">\n<p data-start=\"1036\" data-end=\"1086\">Ngjyr\u00eb e zez\u00eb neutrale p\u00ebr kombinime t\u00eb pafundme<\/p>\n<\/li>\n<li data-start=\"1087\" data-end=\"1116\">\n<p data-start=\"1089\" data-end=\"1116\">Xhepa an\u00ebsor\u00eb funksional\u00eb<\/p>\n<\/li>\n<li data-start=\"1117\" data-end=\"1167\">\n<p data-start=\"1119\" data-end=\"1167\">Ideale p\u00ebr veshje urbane, elegante apo formale<\/p>\n<\/li>\n<\/ul>","protected":false},"excerpt":{"rendered":"<p>Kjo pallto e zez\u00eb \u00ebsht\u00eb simbol i klasit dhe fines\u00ebs mashkullore. Me dizajn \u201cdouble-breasted\u201d dhe prerje t\u00eb drejt\u00eb, ofron nj\u00eb siluet\u00eb t\u00eb fuqishme dhe moderne, perfekte p\u00ebr meshkujt q\u00eb preferojn\u00eb stilin e rafinuar.E punuar nga material premium \u201cwool blend\u201d, siguron ngroht\u00ebsi dhe rehati gjat\u00eb dit\u00ebve t\u00eb ftohta, nd\u00ebrsa pamja e saj monokrome e b\u00ebn ideale [&hellip;]<\/p>","protected":false},"featured_media":8728,"comment_status":"open","ping_status":"closed","template":"","meta":[],"product_brand":[],"product_cat":[293],"product_tag":[437,436],"class_list":{"0":"post-8727","1":"product","2":"type-product","3":"status-publish","4":"has-post-thumbnail","6":"product_cat-coat","7":"product_tag-elegance-klasike-stil-luksoz","8":"product_tag-pallto-e-zeze-double-breasted","10":"first","11":"outofstock","12":"sale","13":"taxable","14":"shipping-taxable","15":"purchasable","16":"product-type-variable"},"jetpack_sharing_enabled":true,"_links":{"self":[{"href":"https:\/\/urban-clothingstore.com\/en\/wp-json\/wp\/v2\/product\/8727","targetHints":{"allow":["GET"]}}],"collection":[{"href":"https:\/\/urban-clothingstore.com\/en\/wp-json\/wp\/v2\/product"}],"about":[{"href":"https:\/\/urban-clothingstore.com\/en\/wp-json\/wp\/v2\/types\/product"}],"replies":[{"embeddable":true,"href":"https:\/\/urban-clothingstore.com\/en\/wp-json\/wp\/v2\/comments?post=8727"}],"wp:featuredmedia":[{"embeddable":true,"href":"https:\/\/urban-clothingstore.com\/en\/wp-json\/wp\/v2\/media\/8728"}],"wp:attachment":[{"href":"https:\/\/urban-clothingstore.com\/en\/wp-json\/wp\/v2\/media?parent=8727"}],"wp:term":[{"taxonomy":"product_brand","embeddable":true,"href":"https:\/\/urban-clothingstore.com\/en\/wp-json\/wp\/v2\/product_brand?post=8727"},{"taxonomy":"product_cat","embeddable":true,"href":"https:\/\/urban-clothingstore.com\/en\/wp-json\/wp\/v2\/product_cat?post=8727"},{"taxonomy":"product_tag","embeddable":true,"href":"https:\/\/urban-clothingstore.com\/en\/wp-json\/wp\/v2\/product_tag?post=8727"}],"curies":[{"name":"wp","href":"https:\/\/api.w.org\/{rel}","templated":true}]}}