{"id":8748,"date":"2025-11-09T21:47:43","date_gmt":"2025-11-09T21:47:43","guid":{"rendered":"https:\/\/urban-clothingstore.com\/?post_type=product&#038;p=8748"},"modified":"2026-01-15T20:51:55","modified_gmt":"2026-01-15T20:51:55","slug":"pallto-gri-double-breasted-elegance-urbane-stil-klasik","status":"publish","type":"product","link":"https:\/\/urban-clothingstore.com\/en\/product\/pallto-gri-double-breasted-elegance-urbane-stil-klasik\/","title":{"rendered":"Pallto Gri Double-Breasted \u2013 Eleganc\u00eb Urbane &#038; Stil Klasik"},"content":{"rendered":"<p data-start=\"414\" data-end=\"903\">Kjo pallto gri premium me dy rreshta kopsa \u00ebsht\u00eb p\u00ebrkufizimi i fines\u00ebs dhe klasit modern. E punuar nga material \u201cwool blend\u201d me tekstur\u00eb t\u00eb but\u00eb, ofron ngroht\u00ebsi, q\u00ebndrueshm\u00ebri dhe nj\u00eb pamje t\u00eb sofistikuar q\u00eb p\u00ebrshtatet leht\u00eb me \u00e7do kombinim.<br data-start=\"656\" data-end=\"659\" \/>Ngjyra gri neutrale krijon nj\u00eb balanc\u00eb perfekte midis stilit formal dhe urban, duke e b\u00ebr\u00eb ideale p\u00ebr golf\u00eb t\u00eb err\u00ebt, pantallona klasike ose k\u00ebpuc\u00eb l\u00ebkure.<br data-start=\"814\" data-end=\"817\" \/>Nj\u00eb zgjedhje p\u00ebr meshkujt q\u00eb vler\u00ebsojn\u00eb luksin e heshtur dhe eleganc\u00ebn e p\u00ebrditshme.<\/p>\n<p data-start=\"905\" data-end=\"927\"><strong data-start=\"905\" data-end=\"925\">Detaje kryesore:<\/strong><\/p>\n<ul data-start=\"928\" data-end=\"1190\">\n<li data-start=\"928\" data-end=\"982\">\n<p data-start=\"930\" data-end=\"982\">Material premium (wool blend i but\u00eb dhe i ngroht\u00eb)<\/p>\n<\/li>\n<li data-start=\"983\" data-end=\"1031\">\n<p data-start=\"985\" data-end=\"1031\">Dizajn \u201cdouble-breasted\u201d me dy rreshta kopsa<\/p>\n<\/li>\n<li data-start=\"1032\" data-end=\"1078\">\n<p data-start=\"1034\" data-end=\"1078\">Ngjyr\u00eb gri neutrale p\u00ebr kombinime elegante<\/p>\n<\/li>\n<li data-start=\"1079\" data-end=\"1103\">\n<p data-start=\"1081\" data-end=\"1103\">Xhepa me kapak anash<\/p>\n<\/li>\n<li data-start=\"1104\" data-end=\"1131\">\n<p data-start=\"1106\" data-end=\"1131\">Prerje klasike e drejt\u00eb<\/p>\n<\/li>\n<li data-start=\"1132\" data-end=\"1190\">\n<p data-start=\"1134\" data-end=\"1190\">Perfekte p\u00ebr sezonin e ftoht\u00eb dhe pamje urbane luksoze<\/p>\n<\/li>\n<\/ul>","protected":false},"excerpt":{"rendered":"<p>Kjo pallto gri premium me dy rreshta kopsa \u00ebsht\u00eb p\u00ebrkufizimi i fines\u00ebs dhe klasit modern. E punuar nga material \u201cwool blend\u201d me tekstur\u00eb t\u00eb but\u00eb, ofron ngroht\u00ebsi, q\u00ebndrueshm\u00ebri dhe nj\u00eb pamje t\u00eb sofistikuar q\u00eb p\u00ebrshtatet leht\u00eb me \u00e7do kombinim.Ngjyra gri neutrale krijon nj\u00eb balanc\u00eb perfekte midis stilit formal dhe urban, duke e b\u00ebr\u00eb ideale p\u00ebr [&hellip;]<\/p>","protected":false},"featured_media":8749,"comment_status":"open","ping_status":"closed","template":"","meta":[],"product_brand":[],"product_cat":[293],"product_tag":[443,442],"class_list":{"0":"post-8748","1":"product","2":"type-product","3":"status-publish","4":"has-post-thumbnail","6":"product_cat-coat","7":"product_tag-elegance-urbane-stil-klasik","8":"product_tag-pallto-gri-double-breasted","10":"first","11":"instock","12":"sale","13":"taxable","14":"shipping-taxable","15":"purchasable","16":"product-type-variable"},"jetpack_sharing_enabled":true,"_links":{"self":[{"href":"https:\/\/urban-clothingstore.com\/en\/wp-json\/wp\/v2\/product\/8748","targetHints":{"allow":["GET"]}}],"collection":[{"href":"https:\/\/urban-clothingstore.com\/en\/wp-json\/wp\/v2\/product"}],"about":[{"href":"https:\/\/urban-clothingstore.com\/en\/wp-json\/wp\/v2\/types\/product"}],"replies":[{"embeddable":true,"href":"https:\/\/urban-clothingstore.com\/en\/wp-json\/wp\/v2\/comments?post=8748"}],"wp:featuredmedia":[{"embeddable":true,"href":"https:\/\/urban-clothingstore.com\/en\/wp-json\/wp\/v2\/media\/8749"}],"wp:attachment":[{"href":"https:\/\/urban-clothingstore.com\/en\/wp-json\/wp\/v2\/media?parent=8748"}],"wp:term":[{"taxonomy":"product_brand","embeddable":true,"href":"https:\/\/urban-clothingstore.com\/en\/wp-json\/wp\/v2\/product_brand?post=8748"},{"taxonomy":"product_cat","embeddable":true,"href":"https:\/\/urban-clothingstore.com\/en\/wp-json\/wp\/v2\/product_cat?post=8748"},{"taxonomy":"product_tag","embeddable":true,"href":"https:\/\/urban-clothingstore.com\/en\/wp-json\/wp\/v2\/product_tag?post=8748"}],"curies":[{"name":"wp","href":"https:\/\/api.w.org\/{rel}","templated":true}]}}