{"id":8793,"date":"2025-11-14T00:47:55","date_gmt":"2025-11-14T00:47:55","guid":{"rendered":"https:\/\/urban-clothingstore.com\/?post_type=product&#038;p=8793"},"modified":"2026-01-28T09:54:10","modified_gmt":"2026-01-28T09:54:10","slug":"pulover-meshkujsh-me-golf-slim-fit-premium","status":"publish","type":"product","link":"https:\/\/urban-clothingstore.com\/en\/product\/pulover-meshkujsh-me-golf-slim-fit-premium\/","title":{"rendered":"Pulov\u00ebr Meshkujsh me Golf \u2013 Slim Fit Premium"},"content":{"rendered":"<p data-start=\"77\" data-end=\"473\">Kjo pulov\u00ebr elegante me golf \u00ebsht\u00eb dizajnuar p\u00ebr meshkuj q\u00eb k\u00ebrkojn\u00eb stil, past\u00ebrti dhe klas n\u00eb \u00e7do kombinim. E punuar nga material premium me tekstur\u00eb t\u00eb but\u00eb dhe elasticitet t\u00eb p\u00ebrkryer, ajo ofron rehati t\u00eb lart\u00eb dhe nj\u00eb pamje t\u00eb rregullt, t\u00eb ngusht\u00eb dhe moderne. Golfi i formuar bukur jep nj\u00eb prekje luksoze, nd\u00ebrsa prerja Slim Fit thekson trupin n\u00eb m\u00ebnyr\u00eb fine dhe estetike.<\/p>\n<p data-start=\"475\" data-end=\"661\">Pulovra \u00ebsht\u00eb perfekte si p\u00ebr kombinime elegante me pantallona klasike, ashtu edhe p\u00ebr stil smart-casual me xhinse. Ngjyrat e ndryshme e b\u00ebjn\u00eb t\u00eb leht\u00eb adaptimin me \u00e7do veshje dhe sezon.<\/p>\n<p data-start=\"663\" data-end=\"687\"><strong data-start=\"663\" data-end=\"685\">Ve\u00e7orit\u00eb Kryesore:<\/strong><\/p>\n<ul data-start=\"688\" data-end=\"965\">\n<li data-start=\"688\" data-end=\"732\">\n<p data-start=\"690\" data-end=\"732\">Material premium, i but\u00eb dhe i rehatsh\u00ebm<\/p>\n<\/li>\n<li data-start=\"733\" data-end=\"774\">\n<p data-start=\"735\" data-end=\"774\">Prerje <strong data-start=\"742\" data-end=\"754\">Slim Fit<\/strong> q\u00eb thekson linjat<\/p>\n<\/li>\n<li data-start=\"775\" data-end=\"825\">\n<p data-start=\"777\" data-end=\"825\">Golf elegant, i q\u00ebndruesh\u00ebm dhe me elasticitet<\/p>\n<\/li>\n<li data-start=\"826\" data-end=\"867\">\n<p data-start=\"828\" data-end=\"867\">Ideale p\u00ebr veshje elegante dhe casual<\/p>\n<\/li>\n<li data-start=\"868\" data-end=\"900\">\n<p data-start=\"870\" data-end=\"900\">Ngjyra t\u00eb pastra dhe moderne<\/p>\n<\/li>\n<li data-start=\"901\" data-end=\"965\">\n<p data-start=\"903\" data-end=\"965\">Kombinohet perfekt me pantallona klasike, pallto dhe xhaketa<\/p>\n<\/li>\n<\/ul>","protected":false},"excerpt":{"rendered":"<p>Kjo pulov\u00ebr elegante me golf \u00ebsht\u00eb dizajnuar p\u00ebr meshkuj q\u00eb k\u00ebrkojn\u00eb stil, past\u00ebrti dhe klas n\u00eb \u00e7do kombinim. E punuar nga material premium me tekstur\u00eb t\u00eb but\u00eb dhe elasticitet t\u00eb p\u00ebrkryer, ajo ofron rehati t\u00eb lart\u00eb dhe nj\u00eb pamje t\u00eb rregullt, t\u00eb ngusht\u00eb dhe moderne. Golfi i formuar bukur jep nj\u00eb prekje luksoze, nd\u00ebrsa prerja [&hellip;]<\/p>","protected":false},"featured_media":8797,"comment_status":"open","ping_status":"closed","template":"","meta":[],"product_brand":[],"product_cat":[61],"product_tag":[298,344,337,321,339,304,302,445,57],"class_list":{"0":"post-8793","1":"product","2":"type-product","3":"status-publish","4":"has-post-thumbnail","6":"product_cat-shirt","7":"product_tag-klasike","8":"product_tag-ngjyr-bezhe","9":"product_tag-ngjyr-hiri","10":"product_tag-ngjyr-kafe","11":"product_tag-ngjyr-teget","12":"product_tag-ngjyre-e-bardhe","13":"product_tag-ngjyre-e-zeze","14":"product_tag-rrollk","15":"product_tag-slimfit","17":"first","18":"instock","19":"sale","20":"taxable","21":"shipping-taxable","22":"purchasable","23":"product-type-variable"},"jetpack_sharing_enabled":true,"_links":{"self":[{"href":"https:\/\/urban-clothingstore.com\/en\/wp-json\/wp\/v2\/product\/8793","targetHints":{"allow":["GET"]}}],"collection":[{"href":"https:\/\/urban-clothingstore.com\/en\/wp-json\/wp\/v2\/product"}],"about":[{"href":"https:\/\/urban-clothingstore.com\/en\/wp-json\/wp\/v2\/types\/product"}],"replies":[{"embeddable":true,"href":"https:\/\/urban-clothingstore.com\/en\/wp-json\/wp\/v2\/comments?post=8793"}],"wp:featuredmedia":[{"embeddable":true,"href":"https:\/\/urban-clothingstore.com\/en\/wp-json\/wp\/v2\/media\/8797"}],"wp:attachment":[{"href":"https:\/\/urban-clothingstore.com\/en\/wp-json\/wp\/v2\/media?parent=8793"}],"wp:term":[{"taxonomy":"product_brand","embeddable":true,"href":"https:\/\/urban-clothingstore.com\/en\/wp-json\/wp\/v2\/product_brand?post=8793"},{"taxonomy":"product_cat","embeddable":true,"href":"https:\/\/urban-clothingstore.com\/en\/wp-json\/wp\/v2\/product_cat?post=8793"},{"taxonomy":"product_tag","embeddable":true,"href":"https:\/\/urban-clothingstore.com\/en\/wp-json\/wp\/v2\/product_tag?post=8793"}],"curies":[{"name":"wp","href":"https:\/\/api.w.org\/{rel}","templated":true}]}}