{"id":8935,"date":"2025-11-15T17:07:49","date_gmt":"2025-11-15T17:07:49","guid":{"rendered":"https:\/\/urban-clothingstore.com\/?post_type=product&#038;p=8935"},"modified":"2025-11-17T22:48:21","modified_gmt":"2025-11-17T22:48:21","slug":"chelsea-boots-lekure-urban-essential-black","status":"publish","type":"product","link":"https:\/\/urban-clothingstore.com\/en\/product\/chelsea-boots-lekure-urban-essential-black\/","title":{"rendered":"Chelsea Boots L\u00ebkure \u201cUrban Essential\u201d \u2013 Black"},"content":{"rendered":"<p data-start=\"112\" data-end=\"391\">Chelsea Boots <strong data-start=\"126\" data-end=\"145\">Urban Essential<\/strong> jan\u00eb k\u00ebpuc\u00ebt perfekte p\u00ebr stil elegant dhe komod gjat\u00eb gjith\u00eb dit\u00ebs. T\u00eb punuara nga <strong data-start=\"230\" data-end=\"251\">l\u00ebkur\u00eb origjinale<\/strong>, me sip\u00ebrfaqe t\u00eb l\u00ebmuar dhe shk\u00eblqim t\u00eb leht\u00eb, k\u00ebto boots kan\u00eb dizajn klasik me an\u00eb elastike q\u00eb lejon <strong data-start=\"354\" data-end=\"379\">veshje shum\u00eb t\u00eb leht\u00eb<\/strong> pa lidh\u00ebse.<\/p>\n<p data-start=\"393\" data-end=\"632\">Tabani \u00ebsht\u00eb i fort\u00eb dhe i rehatsh\u00ebm, ideal p\u00ebr p\u00ebrdorim t\u00eb p\u00ebrditsh\u00ebm, nd\u00ebrsa profili i thjesht\u00eb minimal u p\u00ebrshtatet si xhinseve, ashtu edhe pantallonave klasike dhe palltos. Zgjedhja perfekte p\u00ebr outfit urban, zyr\u00eb apo mbr\u00ebmje elegante.<\/p>\n<hr data-start=\"634\" data-end=\"637\" \/>\n<h3 data-start=\"639\" data-end=\"661\">Detajet kryesore<\/h3>\n<ul data-start=\"662\" data-end=\"840\" data-is-last-node=\"\" data-is-only-node=\"\">\n<li data-start=\"662\" data-end=\"697\">\n<p data-start=\"664\" data-end=\"697\">Material: <strong data-start=\"674\" data-end=\"695\">L\u00ebkur\u00eb origjinale<\/strong><\/p>\n<\/li>\n<li data-start=\"698\" data-end=\"743\">\n<p data-start=\"700\" data-end=\"743\">Model Chelsea pa lidh\u00ebse, me an\u00eb elastike<\/p>\n<\/li>\n<li data-start=\"744\" data-end=\"779\">\n<p data-start=\"746\" data-end=\"779\">Tabani i rehatsh\u00ebm, antishqit\u00ebs<\/p>\n<\/li>\n<li data-start=\"780\" data-end=\"811\">\n<p data-start=\"782\" data-end=\"811\">Stil elegant \/ smart\u2013casual<\/p>\n<\/li>\n<li data-start=\"812\" data-end=\"840\" data-is-last-node=\"\">\n<p data-start=\"814\" data-end=\"840\" data-is-last-node=\"\">Ngjyra: <strong data-start=\"822\" data-end=\"840\" data-is-last-node=\"\">E zez\u00eb klasike<\/strong><\/p>\n<\/li>\n<\/ul>","protected":false},"excerpt":{"rendered":"<p>Chelsea Boots Urban Essential jan\u00eb k\u00ebpuc\u00ebt perfekte p\u00ebr stil elegant dhe komod gjat\u00eb gjith\u00eb dit\u00ebs. T\u00eb punuara nga l\u00ebkur\u00eb origjinale, me sip\u00ebrfaqe t\u00eb l\u00ebmuar dhe shk\u00eblqim t\u00eb leht\u00eb, k\u00ebto boots kan\u00eb dizajn klasik me an\u00eb elastike q\u00eb lejon veshje shum\u00eb t\u00eb leht\u00eb pa lidh\u00ebse. Tabani \u00ebsht\u00eb i fort\u00eb dhe i rehatsh\u00ebm, ideal p\u00ebr p\u00ebrdorim t\u00eb [&hellip;]<\/p>","protected":false},"featured_media":8937,"comment_status":"open","ping_status":"closed","template":"","meta":[],"product_brand":[],"product_cat":[267],"product_tag":[446,309,302],"class_list":{"0":"post-8935","1":"product","2":"type-product","3":"status-publish","4":"has-post-thumbnail","6":"product_cat-shoes","7":"product_tag-kepuce","8":"product_tag-lekure","9":"product_tag-ngjyre-e-zeze","11":"first","12":"instock","13":"sale","14":"taxable","15":"shipping-taxable","16":"purchasable","17":"product-type-variable"},"jetpack_sharing_enabled":true,"_links":{"self":[{"href":"https:\/\/urban-clothingstore.com\/en\/wp-json\/wp\/v2\/product\/8935","targetHints":{"allow":["GET"]}}],"collection":[{"href":"https:\/\/urban-clothingstore.com\/en\/wp-json\/wp\/v2\/product"}],"about":[{"href":"https:\/\/urban-clothingstore.com\/en\/wp-json\/wp\/v2\/types\/product"}],"replies":[{"embeddable":true,"href":"https:\/\/urban-clothingstore.com\/en\/wp-json\/wp\/v2\/comments?post=8935"}],"wp:featuredmedia":[{"embeddable":true,"href":"https:\/\/urban-clothingstore.com\/en\/wp-json\/wp\/v2\/media\/8937"}],"wp:attachment":[{"href":"https:\/\/urban-clothingstore.com\/en\/wp-json\/wp\/v2\/media?parent=8935"}],"wp:term":[{"taxonomy":"product_brand","embeddable":true,"href":"https:\/\/urban-clothingstore.com\/en\/wp-json\/wp\/v2\/product_brand?post=8935"},{"taxonomy":"product_cat","embeddable":true,"href":"https:\/\/urban-clothingstore.com\/en\/wp-json\/wp\/v2\/product_cat?post=8935"},{"taxonomy":"product_tag","embeddable":true,"href":"https:\/\/urban-clothingstore.com\/en\/wp-json\/wp\/v2\/product_tag?post=8935"}],"curies":[{"name":"wp","href":"https:\/\/api.w.org\/{rel}","templated":true}]}}