{"id":9153,"date":"2025-11-18T13:37:30","date_gmt":"2025-11-18T13:37:30","guid":{"rendered":"https:\/\/urban-clothingstore.com\/?post_type=product&#038;p=9153"},"modified":"2026-03-09T21:26:32","modified_gmt":"2026-03-09T21:26:32","slug":"half-zip-premium-create-more-sweatshirt-i-trashe-me-jake-te-larte","status":"publish","type":"product","link":"https:\/\/urban-clothingstore.com\/en\/product\/half-zip-premium-create-more-sweatshirt-i-trashe-me-jake-te-larte\/","title":{"rendered":"Half Zip Premium \u201cCREATE MORE\u201d \u2013 Sweatshirt i Trash\u00eb Me Jak\u00eb t\u00eb Lart\u00eb"},"content":{"rendered":"<p>Sweatshirt-i Half Zip \u201cCREATE MORE\u201d \u00ebsht\u00eb pjesa perfekte p\u00ebr dit\u00ebt e ftohta urbane. Material i trash\u00eb, i but\u00eb nga brenda, me jak\u00eb t\u00eb lart\u00eb dhe zinxhir gjysm\u00eb-zip q\u00eb mund ta mbash hapur ose mbyllur sipas stilit t\u00ebnd. Vija e past\u00ebr, m\u00ebng\u00ebt me llastik dhe beli i rrafsh\u00ebt i japin pamje moderne dhe t\u00eb rregullt, nd\u00ebrsa shkrimi minimal \u201cCREATE MORE\u201d n\u00eb gjoks shton at\u00eb detajin e ve\u00e7ant\u00eb premium. I kombinon leht\u00ebsisht me xhinse, cargo apo pantallona t\u00eb thjeshta \u2013 perfekt si p\u00ebr p\u00ebrditshm\u00ebri, ashtu edhe p\u00ebr dalje n\u00eb mbr\u00ebmje. Disponohet n\u00eb disa ngjyra klasike (e zez\u00eb, e bardh\u00eb, krem, jeshile e err\u00ebt, petrol) q\u00eb p\u00ebrshtaten me \u00e7do stil. Detaje kryesore: \u2022 Material i trash\u00eb, i but\u00eb dhe i ngroht\u00eb \u2022 Jak\u00eb e lart\u00eb me half zip funksional \u2022 Prerje komode, q\u00eb rri bukur n\u00eb trup \u2022 M\u00ebng\u00eb dhe bel me llastik p\u00ebr form\u00eb t\u00eb past\u00ebr \u2022 Print minimal \u201cCREATE MORE\u201d n\u00eb gjoks \u2022 I p\u00ebrshtatsh\u00ebm p\u00ebr veshje t\u00eb p\u00ebrditshme dhe street style<\/p>","protected":false},"excerpt":{"rendered":"<p>Sweatshirt-i Half Zip \u201cCREATE MORE\u201d \u00ebsht\u00eb pjesa perfekte p\u00ebr dit\u00ebt e ftohta urbane. Material i trash\u00eb, i but\u00eb nga brenda, me jak\u00eb t\u00eb lart\u00eb dhe zinxhir gjysm\u00eb-zip q\u00eb mund ta mbash hapur ose mbyllur sipas stilit t\u00ebnd. Vija e past\u00ebr, m\u00ebng\u00ebt me llastik dhe beli i rrafsh\u00ebt i japin pamje moderne dhe t\u00eb rregullt, nd\u00ebrsa [&hellip;]<\/p>","protected":false},"featured_media":9157,"comment_status":"open","ping_status":"closed","template":"","meta":[],"product_brand":[],"product_cat":[26],"product_tag":[295,364,344,336,365,304,302,57],"class_list":{"0":"post-9153","1":"product","2":"type-product","3":"status-publish","4":"has-post-thumbnail","6":"product_cat-sweater","7":"product_tag-bluze","8":"product_tag-gjysmezip","9":"product_tag-ngjyr-bezhe","10":"product_tag-ngjyr-e-gjelbert","11":"product_tag-ngjyr-kalter","12":"product_tag-ngjyre-e-bardhe","13":"product_tag-ngjyre-e-zeze","14":"product_tag-slimfit","16":"first","17":"instock","18":"sale","19":"taxable","20":"shipping-taxable","21":"purchasable","22":"product-type-variable"},"jetpack_sharing_enabled":true,"_links":{"self":[{"href":"https:\/\/urban-clothingstore.com\/en\/wp-json\/wp\/v2\/product\/9153","targetHints":{"allow":["GET"]}}],"collection":[{"href":"https:\/\/urban-clothingstore.com\/en\/wp-json\/wp\/v2\/product"}],"about":[{"href":"https:\/\/urban-clothingstore.com\/en\/wp-json\/wp\/v2\/types\/product"}],"replies":[{"embeddable":true,"href":"https:\/\/urban-clothingstore.com\/en\/wp-json\/wp\/v2\/comments?post=9153"}],"wp:featuredmedia":[{"embeddable":true,"href":"https:\/\/urban-clothingstore.com\/en\/wp-json\/wp\/v2\/media\/9157"}],"wp:attachment":[{"href":"https:\/\/urban-clothingstore.com\/en\/wp-json\/wp\/v2\/media?parent=9153"}],"wp:term":[{"taxonomy":"product_brand","embeddable":true,"href":"https:\/\/urban-clothingstore.com\/en\/wp-json\/wp\/v2\/product_brand?post=9153"},{"taxonomy":"product_cat","embeddable":true,"href":"https:\/\/urban-clothingstore.com\/en\/wp-json\/wp\/v2\/product_cat?post=9153"},{"taxonomy":"product_tag","embeddable":true,"href":"https:\/\/urban-clothingstore.com\/en\/wp-json\/wp\/v2\/product_tag?post=9153"}],"curies":[{"name":"wp","href":"https:\/\/api.w.org\/{rel}","templated":true}]}}