{"id":917,"date":"2025-02-11T19:11:45","date_gmt":"2025-02-11T19:11:45","guid":{"rendered":"https:\/\/urban-clothingstore.com\/?post_type=product&#038;p=917"},"modified":"2025-11-15T22:33:32","modified_gmt":"2025-11-15T22:33:32","slug":"shadow-puffer-jacket","status":"publish","type":"product","link":"https:\/\/urban-clothingstore.com\/en\/product\/shadow-puffer-jacket\/","title":{"rendered":"Xhaket\u00eb e Zez\u00eb e Fryr\u00eb"},"content":{"rendered":"<p><span class=\"jCAhz ChMk0b\"><span class=\"ryNqvb\">Xhaketa \u00ebsht\u00eb nj\u00eb shtes\u00eb e domosdoshme p\u00ebr veshjen tuaj dim\u00ebrore.<\/span><\/span> <span class=\"jCAhz ChMk0b\"><span class=\"ryNqvb\">E punuar me materiale me cil\u00ebsi t\u00eb lart\u00eb, ajo kombinon stilin dhe funksionalitetin p\u00ebr t&#8217;ju mbajtur rehat gjat\u00eb muajve t\u00eb ftoht\u00eb.<\/span><\/span> <span class=\"jCAhz ChMk0b\"><span class=\"ryNqvb\">Kjo xhaket\u00eb paraqet nj\u00eb siluet\u00eb elegante q\u00eb p\u00ebrmir\u00ebson figur\u00ebn tuaj duke ofruar izolim t\u00eb mjaftuesh\u00ebm.<\/span><\/span><\/p>\n<p><strong><span class=\"jCAhz ChMk0b\"><span class=\"ryNqvb\">Dizajn i Gjithansh\u00ebm p\u00ebr \u00c7do Rast <\/span><\/span><\/strong><\/p>\n<p><span class=\"jCAhz ChMk0b\"><span class=\"ryNqvb\">N\u00ebse po dilni p\u00ebr nj\u00eb dit\u00eb t\u00eb rast\u00ebsishme me miqt\u00eb ose keni nevoj\u00eb p\u00ebr nj\u00eb shtres\u00eb shtes\u00eb p\u00ebr nj\u00eb sh\u00ebtitje t\u00eb shpejt\u00eb n\u00eb mbr\u00ebmje, xhaketa e zez\u00eb p\u00ebrshtatet pa probleme me \u00e7do veshje.<\/span><\/span> <span class=\"jCAhz ChMk0b\"><span class=\"ryNqvb\">Dizajni i saj i leht\u00eb siguron l\u00ebvizje t\u00eb leht\u00eb, duke e b\u00ebr\u00eb at\u00eb ideale si p\u00ebr aventura urbane ashtu edhe p\u00ebr aktivitete n\u00eb natyr\u00eb.<\/span><\/span><\/p>\n<p><strong><span class=\"jCAhz ChMk0b\"><span class=\"ryNqvb\">Q\u00ebndrueshm\u00ebria Takon Rehatin\u00eb<\/span><\/span><\/strong><\/p>\n<p><span class=\"jCAhz ChMk0b\"><span class=\"ryNqvb\">Shijoni ngroht\u00ebsin\u00eb pa b\u00ebr\u00eb kompromis me stilin, duke e b\u00ebr\u00eb at\u00eb nj\u00eb zgjedhje perfekte p\u00ebr k\u00ebdo q\u00eb k\u00ebrkon nj\u00eb shoq\u00ebrues t\u00eb besuesh\u00ebm dim\u00ebror.<\/span><\/span><\/p>","protected":false},"excerpt":{"rendered":"<p>Xhaketa \u00ebsht\u00eb nj\u00eb shtes\u00eb e domosdoshme p\u00ebr veshjen tuaj dim\u00ebrore. E punuar me materiale me cil\u00ebsi t\u00eb lart\u00eb, ajo kombinon stilin dhe funksionalitetin p\u00ebr t&#8217;ju mbajtur rehat gjat\u00eb muajve t\u00eb ftoht\u00eb. Kjo xhaket\u00eb paraqet nj\u00eb siluet\u00eb elegante q\u00eb p\u00ebrmir\u00ebson figur\u00ebn tuaj duke ofruar izolim t\u00eb mjaftuesh\u00ebm. Dizajn i Gjithansh\u00ebm p\u00ebr \u00c7do Rast N\u00ebse po dilni [&hellip;]<\/p>","protected":false},"featured_media":920,"comment_status":"open","ping_status":"closed","template":"","meta":[],"product_brand":[],"product_cat":[25],"product_tag":[],"class_list":{"0":"post-917","1":"product","2":"type-product","3":"status-publish","4":"has-post-thumbnail","6":"product_cat-jackets","8":"first","9":"instock","10":"sale","11":"taxable","12":"shipping-taxable","13":"purchasable","14":"product-type-variable"},"jetpack_sharing_enabled":true,"_links":{"self":[{"href":"https:\/\/urban-clothingstore.com\/en\/wp-json\/wp\/v2\/product\/917","targetHints":{"allow":["GET"]}}],"collection":[{"href":"https:\/\/urban-clothingstore.com\/en\/wp-json\/wp\/v2\/product"}],"about":[{"href":"https:\/\/urban-clothingstore.com\/en\/wp-json\/wp\/v2\/types\/product"}],"replies":[{"embeddable":true,"href":"https:\/\/urban-clothingstore.com\/en\/wp-json\/wp\/v2\/comments?post=917"}],"wp:featuredmedia":[{"embeddable":true,"href":"https:\/\/urban-clothingstore.com\/en\/wp-json\/wp\/v2\/media\/920"}],"wp:attachment":[{"href":"https:\/\/urban-clothingstore.com\/en\/wp-json\/wp\/v2\/media?parent=917"}],"wp:term":[{"taxonomy":"product_brand","embeddable":true,"href":"https:\/\/urban-clothingstore.com\/en\/wp-json\/wp\/v2\/product_brand?post=917"},{"taxonomy":"product_cat","embeddable":true,"href":"https:\/\/urban-clothingstore.com\/en\/wp-json\/wp\/v2\/product_cat?post=917"},{"taxonomy":"product_tag","embeddable":true,"href":"https:\/\/urban-clothingstore.com\/en\/wp-json\/wp\/v2\/product_tag?post=917"}],"curies":[{"name":"wp","href":"https:\/\/api.w.org\/{rel}","templated":true}]}}