{"id":9239,"date":"2025-11-19T16:52:35","date_gmt":"2025-11-19T16:52:35","guid":{"rendered":"https:\/\/urban-clothingstore.com\/?post_type=product&#038;p=9239"},"modified":"2025-11-19T16:52:35","modified_gmt":"2025-11-19T16:52:35","slug":"jeans-slim-fit-black-washed-denim","status":"publish","type":"product","link":"https:\/\/urban-clothingstore.com\/en\/product\/jeans-slim-fit-black-washed-denim\/","title":{"rendered":"Jeans Slim Fit \u2013 Black Washed Denim"},"content":{"rendered":"<p data-start=\"68\" data-end=\"345\">K\u00ebta <strong data-start=\"103\" data-end=\"144\">jeans slim fit n\u00eb ngjyr\u00eb black washed<\/strong> ofrojn\u00eb nj\u00eb pamje moderne, t\u00eb past\u00ebr dhe perfekte p\u00ebr \u00e7do kombinim urban. Materiali elastik siguron komoditet gjat\u00eb gjith\u00eb dit\u00ebs, nd\u00ebrsa prerja slim jep nj\u00eb siluet\u00eb elegante pa qen\u00eb shum\u00eb e ngusht\u00eb.<\/p>\n<p data-start=\"347\" data-end=\"549\">Detajet e qepjes dhe efekti i leht\u00eb i zbehjes u japin pantallonave nj\u00eb stil m\u00eb t\u00eb rafinuar dhe premium. Kombinohen leht\u00ebsisht me T-shirt, k\u00ebmisha ose xhaketa p\u00ebr \u00e7do stil \u2013 nga casual te smart-casual.<\/p>\n<p data-start=\"551\" data-end=\"582\"><strong data-start=\"551\" data-end=\"580\">Karakteristikat kryesore:<\/strong><\/p>\n<ul data-start=\"583\" data-end=\"752\">\n<li data-start=\"583\" data-end=\"607\">\n<p data-start=\"585\" data-end=\"607\">Ngjyr\u00eb: Black washed<\/p>\n<\/li>\n<li data-start=\"608\" data-end=\"628\">\n<p data-start=\"610\" data-end=\"628\">Prerje: Slim Fit<\/p>\n<\/li>\n<li data-start=\"629\" data-end=\"670\">\n<p data-start=\"631\" data-end=\"670\">Material elastik p\u00ebr rehati maksimale<\/p>\n<\/li>\n<li data-start=\"671\" data-end=\"699\">\n<p data-start=\"673\" data-end=\"699\">Stil modern dhe i past\u00ebr<\/p>\n<\/li>\n<li data-start=\"700\" data-end=\"752\">\n<p data-start=\"702\" data-end=\"752\">P\u00ebrshtaten me \u00e7do lloj sneaker ose k\u00ebpuc\u00eb casual<\/p>\n<\/li>\n<\/ul>","protected":false},"excerpt":{"rendered":"<p>K\u00ebta jeans slim fit n\u00eb ngjyr\u00eb black washed ofrojn\u00eb nj\u00eb pamje moderne, t\u00eb past\u00ebr dhe perfekte p\u00ebr \u00e7do kombinim urban. Materiali elastik siguron komoditet gjat\u00eb gjith\u00eb dit\u00ebs, nd\u00ebrsa prerja slim jep nj\u00eb siluet\u00eb elegante pa qen\u00eb shum\u00eb e ngusht\u00eb. Detajet e qepjes dhe efekti i leht\u00eb i zbehjes u japin pantallonave nj\u00eb stil m\u00eb t\u00eb [&hellip;]<\/p>","protected":false},"featured_media":9240,"comment_status":"open","ping_status":"closed","template":"","meta":[],"product_brand":[],"product_cat":[27],"product_tag":[449,448],"class_list":{"0":"post-9239","1":"product","2":"type-product","3":"status-publish","4":"has-post-thumbnail","6":"product_cat-jeans","7":"product_tag-black-washed-denim","8":"product_tag-jeans-slim-fit","10":"first","11":"instock","12":"sale","13":"taxable","14":"shipping-taxable","15":"purchasable","16":"product-type-variable"},"jetpack_sharing_enabled":true,"_links":{"self":[{"href":"https:\/\/urban-clothingstore.com\/en\/wp-json\/wp\/v2\/product\/9239","targetHints":{"allow":["GET"]}}],"collection":[{"href":"https:\/\/urban-clothingstore.com\/en\/wp-json\/wp\/v2\/product"}],"about":[{"href":"https:\/\/urban-clothingstore.com\/en\/wp-json\/wp\/v2\/types\/product"}],"replies":[{"embeddable":true,"href":"https:\/\/urban-clothingstore.com\/en\/wp-json\/wp\/v2\/comments?post=9239"}],"wp:featuredmedia":[{"embeddable":true,"href":"https:\/\/urban-clothingstore.com\/en\/wp-json\/wp\/v2\/media\/9240"}],"wp:attachment":[{"href":"https:\/\/urban-clothingstore.com\/en\/wp-json\/wp\/v2\/media?parent=9239"}],"wp:term":[{"taxonomy":"product_brand","embeddable":true,"href":"https:\/\/urban-clothingstore.com\/en\/wp-json\/wp\/v2\/product_brand?post=9239"},{"taxonomy":"product_cat","embeddable":true,"href":"https:\/\/urban-clothingstore.com\/en\/wp-json\/wp\/v2\/product_cat?post=9239"},{"taxonomy":"product_tag","embeddable":true,"href":"https:\/\/urban-clothingstore.com\/en\/wp-json\/wp\/v2\/product_tag?post=9239"}],"curies":[{"name":"wp","href":"https:\/\/api.w.org\/{rel}","templated":true}]}}