{"id":9249,"date":"2025-11-19T16:57:16","date_gmt":"2025-11-19T16:57:16","guid":{"rendered":"https:\/\/urban-clothingstore.com\/?post_type=product&#038;p=9249"},"modified":"2025-11-19T16:57:16","modified_gmt":"2025-11-19T16:57:16","slug":"jeans-slim-fit-mid-blue-classic-denim","status":"publish","type":"product","link":"https:\/\/urban-clothingstore.com\/en\/product\/jeans-slim-fit-mid-blue-classic-denim\/","title":{"rendered":"Jeans Slim Fit \u2013 Mid Blue Classic Denim"},"content":{"rendered":"<p data-start=\"72\" data-end=\"344\">K\u00ebta <strong data-start=\"107\" data-end=\"144\">jeans slim fit n\u00eb ngjyr\u00eb mid blue<\/strong> jan\u00eb nj\u00eb zgjedhje perfekte p\u00ebr nj\u00eb stil t\u00eb past\u00ebr, modern dhe t\u00eb p\u00ebrditsh\u00ebm. Denimi me shtrirje t\u00eb leht\u00eb garanton rehati maksimale, nd\u00ebrsa prerja slim krijon nj\u00eb siluet\u00eb elegante pa qen\u00eb e ngusht\u00eb.<\/p>\n<p data-start=\"346\" data-end=\"536\">Ngjyra klasike blu me efekt t\u00eb leht\u00eb zbehjeje i jep nj\u00eb pamje premium dhe shum\u00eb t\u00eb kombinueshme \u2013 ideale si p\u00ebr veshje casual me sneakers, ashtu edhe p\u00ebr kombinime smart-casual me k\u00ebmish\u00eb.<\/p>\n<p data-start=\"538\" data-end=\"569\"><strong data-start=\"538\" data-end=\"567\">Karakteristikat kryesore:<\/strong><\/p>\n<ul data-start=\"570\" data-end=\"731\">\n<li data-start=\"570\" data-end=\"596\">\n<p data-start=\"572\" data-end=\"596\">Ngjyr\u00eb: Mid Blue Denim<\/p>\n<\/li>\n<li data-start=\"597\" data-end=\"617\">\n<p data-start=\"599\" data-end=\"617\">Prerje: Slim Fit<\/p>\n<\/li>\n<li data-start=\"618\" data-end=\"654\">\n<p data-start=\"620\" data-end=\"654\">Material elastik dhe i rehatsh\u00ebm<\/p>\n<\/li>\n<li data-start=\"655\" data-end=\"691\">\n<p data-start=\"657\" data-end=\"691\">Zbehje e leht\u00eb p\u00ebr pamje moderne<\/p>\n<\/li>\n<li data-start=\"692\" data-end=\"731\">\n<p data-start=\"694\" data-end=\"731\">Kombinohen leht\u00ebsisht me \u00e7do veshje<\/p>\n<\/li>\n<\/ul>","protected":false},"excerpt":{"rendered":"<p>K\u00ebta jeans slim fit n\u00eb ngjyr\u00eb mid blue jan\u00eb nj\u00eb zgjedhje perfekte p\u00ebr nj\u00eb stil t\u00eb past\u00ebr, modern dhe t\u00eb p\u00ebrditsh\u00ebm. Denimi me shtrirje t\u00eb leht\u00eb garanton rehati maksimale, nd\u00ebrsa prerja slim krijon nj\u00eb siluet\u00eb elegante pa qen\u00eb e ngusht\u00eb. Ngjyra klasike blu me efekt t\u00eb leht\u00eb zbehjeje i jep nj\u00eb pamje premium dhe shum\u00eb [&hellip;]<\/p>","protected":false},"featured_media":9250,"comment_status":"open","ping_status":"closed","template":"","meta":[],"product_brand":[],"product_cat":[27],"product_tag":[448,450],"class_list":{"0":"post-9249","1":"product","2":"type-product","3":"status-publish","4":"has-post-thumbnail","6":"product_cat-jeans","7":"product_tag-jeans-slim-fit","8":"product_tag-mid-blue-classic-denim","10":"first","11":"instock","12":"sale","13":"taxable","14":"shipping-taxable","15":"purchasable","16":"product-type-variable"},"jetpack_sharing_enabled":true,"_links":{"self":[{"href":"https:\/\/urban-clothingstore.com\/en\/wp-json\/wp\/v2\/product\/9249","targetHints":{"allow":["GET"]}}],"collection":[{"href":"https:\/\/urban-clothingstore.com\/en\/wp-json\/wp\/v2\/product"}],"about":[{"href":"https:\/\/urban-clothingstore.com\/en\/wp-json\/wp\/v2\/types\/product"}],"replies":[{"embeddable":true,"href":"https:\/\/urban-clothingstore.com\/en\/wp-json\/wp\/v2\/comments?post=9249"}],"wp:featuredmedia":[{"embeddable":true,"href":"https:\/\/urban-clothingstore.com\/en\/wp-json\/wp\/v2\/media\/9250"}],"wp:attachment":[{"href":"https:\/\/urban-clothingstore.com\/en\/wp-json\/wp\/v2\/media?parent=9249"}],"wp:term":[{"taxonomy":"product_brand","embeddable":true,"href":"https:\/\/urban-clothingstore.com\/en\/wp-json\/wp\/v2\/product_brand?post=9249"},{"taxonomy":"product_cat","embeddable":true,"href":"https:\/\/urban-clothingstore.com\/en\/wp-json\/wp\/v2\/product_cat?post=9249"},{"taxonomy":"product_tag","embeddable":true,"href":"https:\/\/urban-clothingstore.com\/en\/wp-json\/wp\/v2\/product_tag?post=9249"}],"curies":[{"name":"wp","href":"https:\/\/api.w.org\/{rel}","templated":true}]}}