{"id":9258,"date":"2025-11-19T17:02:31","date_gmt":"2025-11-19T17:02:31","guid":{"rendered":"https:\/\/urban-clothingstore.com\/?post_type=product&#038;p=9258"},"modified":"2025-11-19T17:02:31","modified_gmt":"2025-11-19T17:02:31","slug":"jeans-slim-fit-dark-navy-denim","status":"publish","type":"product","link":"https:\/\/urban-clothingstore.com\/en\/product\/jeans-slim-fit-dark-navy-denim\/","title":{"rendered":"Jeans Slim Fit \u2013 Dark Navy Denim"},"content":{"rendered":"<p data-start=\"65\" data-end=\"347\">K\u00ebta <strong data-start=\"100\" data-end=\"138\">jeans slim fit n\u00eb ngjyr\u00eb dark navy<\/strong> ofrojn\u00eb nj\u00eb pamje elegante, t\u00eb past\u00ebr dhe shum\u00eb t\u00eb kombinuar. Ngjyra e thell\u00eb blu jep nj\u00eb stil m\u00eb t\u00eb rafinuar se denim-i klasik, duke i b\u00ebr\u00eb perfekt\u00eb p\u00ebr veshje t\u00eb p\u00ebrditshme, por edhe kombinime m\u00eb serioze.<\/p>\n<p data-start=\"349\" data-end=\"555\">Materiali me elasticitet t\u00eb but\u00eb siguron rehati gjat\u00eb gjith\u00eb dit\u00ebs, nd\u00ebrsa prerja slim thekson linjat e trupit pa u b\u00ebr\u00eb e ngusht\u00eb. Qepjet dhe detajet e thjeshta i japin nj\u00eb pamje premium dhe minimaliste.<\/p>\n<p data-start=\"557\" data-end=\"588\"><strong data-start=\"557\" data-end=\"586\">Karakteristikat kryesore:<\/strong><\/p>\n<ul data-start=\"589\" data-end=\"767\">\n<li data-start=\"589\" data-end=\"610\">\n<p data-start=\"591\" data-end=\"610\">Ngjyr\u00eb: Dark Navy<\/p>\n<\/li>\n<li data-start=\"611\" data-end=\"631\">\n<p data-start=\"613\" data-end=\"631\">Prerje: Slim Fit<\/p>\n<\/li>\n<li data-start=\"632\" data-end=\"679\">\n<p data-start=\"634\" data-end=\"679\">Material elastik, i rehatsh\u00ebm dhe rezistent<\/p>\n<\/li>\n<li data-start=\"680\" data-end=\"709\">\n<p data-start=\"682\" data-end=\"709\">Dizajn minimal dhe modern<\/p>\n<\/li>\n<li data-start=\"710\" data-end=\"767\">\n<p data-start=\"712\" data-end=\"767\">I p\u00ebrshtatsh\u00ebm p\u00ebr \u00e7do stil \u2013 casual dhe smart-casual<\/p>\n<\/li>\n<\/ul>","protected":false},"excerpt":{"rendered":"<p>K\u00ebta jeans slim fit n\u00eb ngjyr\u00eb dark navy ofrojn\u00eb nj\u00eb pamje elegante, t\u00eb past\u00ebr dhe shum\u00eb t\u00eb kombinuar. Ngjyra e thell\u00eb blu jep nj\u00eb stil m\u00eb t\u00eb rafinuar se denim-i klasik, duke i b\u00ebr\u00eb perfekt\u00eb p\u00ebr veshje t\u00eb p\u00ebrditshme, por edhe kombinime m\u00eb serioze. Materiali me elasticitet t\u00eb but\u00eb siguron rehati gjat\u00eb gjith\u00eb dit\u00ebs, nd\u00ebrsa [&hellip;]<\/p>","protected":false},"featured_media":9259,"comment_status":"open","ping_status":"closed","template":"","meta":[],"product_brand":[],"product_cat":[27],"product_tag":[451,448],"class_list":{"0":"post-9258","1":"product","2":"type-product","3":"status-publish","4":"has-post-thumbnail","6":"product_cat-jeans","7":"product_tag-dark-navy-denim","8":"product_tag-jeans-slim-fit","10":"first","11":"instock","12":"sale","13":"taxable","14":"shipping-taxable","15":"purchasable","16":"product-type-variable"},"jetpack_sharing_enabled":true,"_links":{"self":[{"href":"https:\/\/urban-clothingstore.com\/en\/wp-json\/wp\/v2\/product\/9258","targetHints":{"allow":["GET"]}}],"collection":[{"href":"https:\/\/urban-clothingstore.com\/en\/wp-json\/wp\/v2\/product"}],"about":[{"href":"https:\/\/urban-clothingstore.com\/en\/wp-json\/wp\/v2\/types\/product"}],"replies":[{"embeddable":true,"href":"https:\/\/urban-clothingstore.com\/en\/wp-json\/wp\/v2\/comments?post=9258"}],"wp:featuredmedia":[{"embeddable":true,"href":"https:\/\/urban-clothingstore.com\/en\/wp-json\/wp\/v2\/media\/9259"}],"wp:attachment":[{"href":"https:\/\/urban-clothingstore.com\/en\/wp-json\/wp\/v2\/media?parent=9258"}],"wp:term":[{"taxonomy":"product_brand","embeddable":true,"href":"https:\/\/urban-clothingstore.com\/en\/wp-json\/wp\/v2\/product_brand?post=9258"},{"taxonomy":"product_cat","embeddable":true,"href":"https:\/\/urban-clothingstore.com\/en\/wp-json\/wp\/v2\/product_cat?post=9258"},{"taxonomy":"product_tag","embeddable":true,"href":"https:\/\/urban-clothingstore.com\/en\/wp-json\/wp\/v2\/product_tag?post=9258"}],"curies":[{"name":"wp","href":"https:\/\/api.w.org\/{rel}","templated":true}]}}