{"id":928,"date":"2025-02-11T19:15:32","date_gmt":"2025-02-11T19:15:32","guid":{"rendered":"https:\/\/urban-clothingstore.com\/?post_type=product&#038;p=928"},"modified":"2025-11-15T22:48:54","modified_gmt":"2025-11-15T22:48:54","slug":"black-puffer-jacket-75","status":"publish","type":"product","link":"https:\/\/urban-clothingstore.com\/en\/product\/black-puffer-jacket-75\/","title":{"rendered":"Xhaket\u00eb e Zez\u00eb"},"content":{"rendered":"<p><strong><span class=\"jCAhz ChMk0b\"><span class=\"ryNqvb\">Izolim me Cil\u00ebsi t\u00eb Lart\u00eb <\/span><\/span><\/strong><\/p>\n<p><span class=\"jCAhz ChMk0b\"><span class=\"ryNqvb\">Xhaketa jon\u00eb e zez\u00eb e fryr\u00eb \u00ebsht\u00eb krijuar me mjesht\u00ebri p\u00ebr t\u00eb ofruar ngroht\u00ebsi dhe rehati t\u00eb jasht\u00ebzakonshme.<\/span><\/span> <span class=\"jCAhz ChMk0b\"><span class=\"ryNqvb\">Duke ofruar izolim cil\u00ebsor, ajo bllokon nxeht\u00ebsin\u00eb n\u00eb m\u00ebnyr\u00eb efektive, duke e b\u00ebr\u00eb at\u00eb nj\u00eb zgjedhje ideale p\u00ebr mot t\u00eb ftoht\u00eb.<\/span><\/span><\/p>\n<p><strong><span class=\"jCAhz ChMk0b\"><span class=\"ryNqvb\">Dizajn Elegant <\/span><\/span><\/strong><\/p>\n<p><span class=\"jCAhz ChMk0b\"><span class=\"ryNqvb\">Dizajni elegant i k\u00ebsaj xhakete t\u00eb zez\u00eb t\u00eb fryr\u00eb jo vet\u00ebm q\u00eb sh\u00ebrben p\u00ebr nj\u00eb q\u00ebllim funksional, por gjithashtu plot\u00ebson stilin tuaj.<\/span><\/span> <span class=\"jCAhz ChMk0b\"><span class=\"ryNqvb\">Pavar\u00ebsisht n\u00ebse jeni duke b\u00ebr\u00eb pun\u00eb ose duke shkuar n\u00eb nj\u00eb takim dim\u00ebror, kjo xhaket\u00eb i shton nj\u00eb prekje moderniteti \u00e7do veshjeje.<\/span><\/span><\/p>\n<p><strong><span class=\"jCAhz ChMk0b\"><span class=\"ryNqvb\">Q\u00ebndrueshm\u00ebri dhe Rehati <\/span><\/span><\/strong><\/p>\n<p><span class=\"jCAhz ChMk0b\"><span class=\"ryNqvb\">E nd\u00ebrtuar nga materiale t\u00eb q\u00ebndrueshme, xhaketa jon\u00eb e zez\u00eb e fryr\u00eb \u00ebsht\u00eb nd\u00ebrtuar p\u00ebr t\u00eb zgjatur.<\/span><\/span> <span class=\"jCAhz ChMk0b\"><span class=\"ryNqvb\">Ofron nj\u00eb ndjesi t\u00eb leht\u00eb pa b\u00ebr\u00eb kompromis me ngroht\u00ebsin\u00eb, duke siguruar q\u00eb t\u00eb q\u00ebndroni rehat gjat\u00eb gjith\u00eb dit\u00ebs.<\/span><\/span><\/p>","protected":false},"excerpt":{"rendered":"<p>Izolim me Cil\u00ebsi t\u00eb Lart\u00eb Xhaketa jon\u00eb e zez\u00eb e fryr\u00eb \u00ebsht\u00eb krijuar me mjesht\u00ebri p\u00ebr t\u00eb ofruar ngroht\u00ebsi dhe rehati t\u00eb jasht\u00ebzakonshme. Duke ofruar izolim cil\u00ebsor, ajo bllokon nxeht\u00ebsin\u00eb n\u00eb m\u00ebnyr\u00eb efektive, duke e b\u00ebr\u00eb at\u00eb nj\u00eb zgjedhje ideale p\u00ebr mot t\u00eb ftoht\u00eb. Dizajn Elegant Dizajni elegant i k\u00ebsaj xhakete t\u00eb zez\u00eb t\u00eb fryr\u00eb [&hellip;]<\/p>","protected":false},"featured_media":929,"comment_status":"open","ping_status":"closed","template":"","meta":[],"product_brand":[],"product_cat":[25],"product_tag":[],"class_list":{"0":"post-928","1":"product","2":"type-product","3":"status-publish","4":"has-post-thumbnail","6":"product_cat-jackets","8":"first","9":"instock","10":"sale","11":"taxable","12":"shipping-taxable","13":"purchasable","14":"product-type-variable"},"jetpack_sharing_enabled":true,"_links":{"self":[{"href":"https:\/\/urban-clothingstore.com\/en\/wp-json\/wp\/v2\/product\/928","targetHints":{"allow":["GET"]}}],"collection":[{"href":"https:\/\/urban-clothingstore.com\/en\/wp-json\/wp\/v2\/product"}],"about":[{"href":"https:\/\/urban-clothingstore.com\/en\/wp-json\/wp\/v2\/types\/product"}],"replies":[{"embeddable":true,"href":"https:\/\/urban-clothingstore.com\/en\/wp-json\/wp\/v2\/comments?post=928"}],"wp:featuredmedia":[{"embeddable":true,"href":"https:\/\/urban-clothingstore.com\/en\/wp-json\/wp\/v2\/media\/929"}],"wp:attachment":[{"href":"https:\/\/urban-clothingstore.com\/en\/wp-json\/wp\/v2\/media?parent=928"}],"wp:term":[{"taxonomy":"product_brand","embeddable":true,"href":"https:\/\/urban-clothingstore.com\/en\/wp-json\/wp\/v2\/product_brand?post=928"},{"taxonomy":"product_cat","embeddable":true,"href":"https:\/\/urban-clothingstore.com\/en\/wp-json\/wp\/v2\/product_cat?post=928"},{"taxonomy":"product_tag","embeddable":true,"href":"https:\/\/urban-clothingstore.com\/en\/wp-json\/wp\/v2\/product_tag?post=928"}],"curies":[{"name":"wp","href":"https:\/\/api.w.org\/{rel}","templated":true}]}}