{"id":9390,"date":"2025-11-22T10:26:17","date_gmt":"2025-11-22T10:26:17","guid":{"rendered":"https:\/\/urban-clothingstore.com\/?post_type=product&#038;p=9390"},"modified":"2026-03-09T21:26:05","modified_gmt":"2026-03-09T21:26:05","slug":"pulover-half-zip-me-vija-urban-stripes","status":"publish","type":"product","link":"https:\/\/urban-clothingstore.com\/en\/product\/pulover-half-zip-me-vija-urban-stripes\/","title":{"rendered":"Pulov\u00ebr Half-Zip me Vija \u201cUrban Stripes\u201d"},"content":{"rendered":"<article class=\"text-token-text-primary w-full focus:outline-none [--shadow-height:45px] has-data-writing-block:pointer-events-none has-data-writing-block:-mt-(--shadow-height) has-data-writing-block:pt-(--shadow-height) [&amp;:has([data-writing-block])&gt;*]:pointer-events-auto [content-visibility:auto] supports-[content-visibility:auto]:[contain-intrinsic-size:auto_100lvh] scroll-mt-[calc(var(--header-height)+min(200px,max(70px,20svh)))]\" dir=\"auto\" tabindex=\"-1\" data-turn-id=\"f4f57630-c2fa-4cdb-b6da-b9712616fec2\" data-testid=\"conversation-turn-6\" data-scroll-anchor=\"true\" data-turn=\"assistant\">\n<div class=\"text-base my-auto mx-auto pb-10 [--thread-content-margin:--spacing(4)] thread-sm:[--thread-content-margin:--spacing(6)] thread-lg:[--thread-content-margin:--spacing(16)] px-(--thread-content-margin)\">\n<div class=\"[--thread-content-max-width:40rem] thread-lg:[--thread-content-max-width:48rem] mx-auto max-w-(--thread-content-max-width) flex-1 group\/turn-messages focus-visible:outline-hidden relative flex w-full min-w-0 flex-col agent-turn\" tabindex=\"-1\">\n<div class=\"flex max-w-full flex-col grow\">\n<div class=\"min-h-8 text-message relative flex w-full flex-col items-end gap-2 text-start break-words whitespace-normal [.text-message+&amp;]:mt-1\" dir=\"auto\" data-message-author-role=\"assistant\" data-message-id=\"a4c1b6f1-cca0-4cec-803a-b06130755449\" data-message-model-slug=\"gpt-5-1-thinking\">\n<div class=\"flex w-full flex-col gap-1 empty:hidden first:pt-[1px]\">\n<div class=\"markdown prose dark:prose-invert w-full break-words light markdown-new-styling\">\n<article class=\"text-token-text-primary w-full focus:outline-none [--shadow-height:45px] has-data-writing-block:pointer-events-none has-data-writing-block:-mt-(--shadow-height) has-data-writing-block:pt-(--shadow-height) [&amp;:has([data-writing-block])&gt;*]:pointer-events-auto [content-visibility:auto] supports-[content-visibility:auto]:[contain-intrinsic-size:auto_100lvh] scroll-mt-[calc(var(--header-height)+min(200px,max(70px,20svh)))]\" dir=\"auto\" tabindex=\"-1\" data-turn-id=\"f4f57630-c2fa-4cdb-b6da-b9712616fec2\" data-testid=\"conversation-turn-6\" data-scroll-anchor=\"true\" data-turn=\"assistant\">\n<div class=\"text-base my-auto mx-auto pb-10 [--thread-content-margin:--spacing(4)] thread-sm:[--thread-content-margin:--spacing(6)] thread-lg:[--thread-content-margin:--spacing(16)] px-(--thread-content-margin)\">\n<div class=\"[--thread-content-max-width:40rem] thread-lg:[--thread-content-max-width:48rem] mx-auto max-w-(--thread-content-max-width) flex-1 group\/turn-messages focus-visible:outline-hidden relative flex w-full min-w-0 flex-col agent-turn\" tabindex=\"-1\">\n<div class=\"flex max-w-full flex-col grow\">\n<div class=\"min-h-8 text-message relative flex w-full flex-col items-end gap-2 text-start break-words whitespace-normal [.text-message+&amp;]:mt-1\" dir=\"auto\" data-message-author-role=\"assistant\" data-message-id=\"a4c1b6f1-cca0-4cec-803a-b06130755449\" data-message-model-slug=\"gpt-5-1-thinking\">\n<div class=\"flex w-full flex-col gap-1 empty:hidden first:pt-[1px]\">\n<div class=\"markdown prose dark:prose-invert w-full break-words light markdown-new-styling\">\n<p data-start=\"69\" data-end=\"438\">Pulov\u00ebr modern me vija horizontale, perfect p\u00ebr nj\u00eb stil urban dhe t\u00eb past\u00ebr. Dizajn half-zip me jak\u00eb t\u00eb lart\u00eb, q\u00eb mund ta mbash t\u00eb hapur ose t\u00eb mbyllur sipas stilit dhe motit. Kombinimi i shiriteve kontrastues i jep pulovr\u00ebs nj\u00eb pamje \u201crugby \/ college style\u201d, shum\u00eb trend dhe e leht\u00eb p\u00ebr t\u2019u kombinuar si me xhinse ashtu edhe me pantallona materiale.<\/p>\n<p data-start=\"440\" data-end=\"606\">Materiali i but\u00eb dhe elastik rri bukur n\u00eb trup pa t\u00eb shtr\u00ebnguar, nd\u00ebrsa fundi dhe m\u00ebng\u00ebt me rifinitur\u00eb rib sigurojn\u00eb q\u00ebndrueshm\u00ebri dhe komoditet gjat\u00eb gjith\u00eb dit\u00ebs.<\/p>\n<p data-start=\"608\" data-end=\"636\">Disponohet n\u00eb disa ngjyra:<\/p>\n<ul data-start=\"637\" data-end=\"751\">\n<li data-start=\"637\" data-end=\"660\">\n<p data-start=\"639\" data-end=\"660\">E zez\u00eb me t\u00eb bardh\u00eb<\/p>\n<\/li>\n<li data-start=\"661\" data-end=\"690\">\n<p data-start=\"663\" data-end=\"690\">Kafe (mocha) me t\u00eb bardh\u00eb<\/p>\n<\/li>\n<li data-start=\"691\" data-end=\"725\">\n<p data-start=\"693\" data-end=\"725\">E gjelb\u00ebr e err\u00ebt me t\u00eb bardh\u00eb<\/p>\n<\/li>\n<li data-start=\"726\" data-end=\"751\">\n<p data-start=\"728\" data-end=\"751\">Navy blu me t\u00eb bardh\u00eb<\/p>\n<\/li>\n<\/ul>\n<p data-start=\"753\" data-end=\"773\"><strong data-start=\"753\" data-end=\"773\">Detaje kryesore:<\/strong><\/p>\n<ul data-start=\"774\" data-end=\"1071\" data-is-last-node=\"\" data-is-only-node=\"\">\n<li data-start=\"774\" data-end=\"812\">\n<p data-start=\"776\" data-end=\"812\">Dizajn half-zip me zinxhir metalik<\/p>\n<\/li>\n<li data-start=\"813\" data-end=\"852\">\n<p data-start=\"815\" data-end=\"852\">Jak\u00eb e lart\u00eb p\u00ebr ngroht\u00ebsi dhe stil<\/p>\n<\/li>\n<li data-start=\"853\" data-end=\"886\">\n<p data-start=\"855\" data-end=\"886\">Vija horizontale kontrastuese<\/p>\n<\/li>\n<li data-start=\"887\" data-end=\"929\">\n<p data-start=\"889\" data-end=\"929\">M\u00ebng\u00eb t\u00eb gjata, fund dhe manek\u00eb me rib<\/p>\n<\/li>\n<li data-start=\"930\" data-end=\"990\">\n<p data-start=\"932\" data-end=\"990\">P\u00ebrshtatje komode, ideale p\u00ebr stil casual &amp; smart-casual<\/p>\n<\/li>\n<li data-start=\"991\" data-end=\"1071\" data-is-last-node=\"\">\n<p data-start=\"993\" data-end=\"1071\" data-is-last-node=\"\">E p\u00ebrkryer p\u00ebr p\u00ebrditshm\u00ebri, dalje n\u00eb mbr\u00ebmje dhe kombinime shtresash n\u00eb dim\u00ebr<\/p>\n<\/li>\n<\/ul>\n<\/div>\n<\/div>\n<\/div>\n<\/div>\n<div class=\"z-0 flex min-h-[46px] justify-start\"><\/div>\n<div class=\"mt-3 w-full empty:hidden\">\n<div class=\"text-center\"><\/div>\n<\/div>\n<\/div>\n<\/div>\n<\/article>\n<div class=\"pointer-events-none h-px w-px\" aria-hidden=\"true\" data-edge=\"true\"><\/div>\n<\/div>\n<\/div>\n<\/div>\n<\/div>\n<div class=\"z-0 flex min-h-[46px] justify-start\"><\/div>\n<div class=\"mt-3 w-full empty:hidden\">\n<div class=\"text-center\"><\/div>\n<\/div>\n<\/div>\n<\/div>\n<\/article>\n<div class=\"pointer-events-none h-px w-px\" aria-hidden=\"true\" data-edge=\"true\"><\/div>","protected":false},"excerpt":{"rendered":"<p>Pulov\u00ebr modern me vija horizontale, perfect p\u00ebr nj\u00eb stil urban dhe t\u00eb past\u00ebr. Dizajn half-zip me jak\u00eb t\u00eb lart\u00eb, q\u00eb mund ta mbash t\u00eb hapur ose t\u00eb mbyllur sipas stilit dhe motit. Kombinimi i shiriteve kontrastues i jep pulovr\u00ebs nj\u00eb pamje \u201crugby \/ college style\u201d, shum\u00eb trend dhe e leht\u00eb p\u00ebr t\u2019u kombinuar si me [&hellip;]<\/p>","protected":false},"featured_media":9394,"comment_status":"open","ping_status":"closed","template":"","meta":[],"product_brand":[],"product_cat":[26],"product_tag":[372,364,361,321,339,302,465],"class_list":{"0":"post-9390","1":"product","2":"type-product","3":"status-publish","4":"has-post-thumbnail","6":"product_cat-sweater","7":"product_tag-dyngjyresh","8":"product_tag-gjysmezip","9":"product_tag-ngjyr-jeshile","10":"product_tag-ngjyr-kafe","11":"product_tag-ngjyr-teget","12":"product_tag-ngjyre-e-zeze","13":"product_tag-xhempera","15":"first","16":"instock","17":"sale","18":"taxable","19":"shipping-taxable","20":"purchasable","21":"product-type-variable"},"jetpack_sharing_enabled":true,"_links":{"self":[{"href":"https:\/\/urban-clothingstore.com\/en\/wp-json\/wp\/v2\/product\/9390","targetHints":{"allow":["GET"]}}],"collection":[{"href":"https:\/\/urban-clothingstore.com\/en\/wp-json\/wp\/v2\/product"}],"about":[{"href":"https:\/\/urban-clothingstore.com\/en\/wp-json\/wp\/v2\/types\/product"}],"replies":[{"embeddable":true,"href":"https:\/\/urban-clothingstore.com\/en\/wp-json\/wp\/v2\/comments?post=9390"}],"wp:featuredmedia":[{"embeddable":true,"href":"https:\/\/urban-clothingstore.com\/en\/wp-json\/wp\/v2\/media\/9394"}],"wp:attachment":[{"href":"https:\/\/urban-clothingstore.com\/en\/wp-json\/wp\/v2\/media?parent=9390"}],"wp:term":[{"taxonomy":"product_brand","embeddable":true,"href":"https:\/\/urban-clothingstore.com\/en\/wp-json\/wp\/v2\/product_brand?post=9390"},{"taxonomy":"product_cat","embeddable":true,"href":"https:\/\/urban-clothingstore.com\/en\/wp-json\/wp\/v2\/product_cat?post=9390"},{"taxonomy":"product_tag","embeddable":true,"href":"https:\/\/urban-clothingstore.com\/en\/wp-json\/wp\/v2\/product_tag?post=9390"}],"curies":[{"name":"wp","href":"https:\/\/api.w.org\/{rel}","templated":true}]}}