{"id":9430,"date":"2025-11-22T11:17:32","date_gmt":"2025-11-22T11:17:32","guid":{"rendered":"https:\/\/urban-clothingstore.com\/?post_type=product&#038;p=9430"},"modified":"2025-11-22T11:17:32","modified_gmt":"2025-11-22T11:17:32","slug":"xhakete-shearling-eco-leather-urban-black-double-collar","status":"publish","type":"product","link":"https:\/\/urban-clothingstore.com\/en\/product\/xhakete-shearling-eco-leather-urban-black-double-collar\/","title":{"rendered":"Xhaket\u00eb Shearling Eco-Leather \u201cUrban Black Double Collar\u201d"},"content":{"rendered":"<article class=\"text-token-text-primary w-full focus:outline-none [--shadow-height:45px] has-data-writing-block:pointer-events-none has-data-writing-block:-mt-(--shadow-height) has-data-writing-block:pt-(--shadow-height) [&amp;:has([data-writing-block])&gt;*]:pointer-events-auto [content-visibility:auto] supports-[content-visibility:auto]:[contain-intrinsic-size:auto_100lvh] scroll-mt-[calc(var(--header-height)+min(200px,max(70px,20svh)))]\" dir=\"auto\" tabindex=\"-1\" data-turn-id=\"d520bec4-6e7a-4822-a831-2b29779ad29e\" data-testid=\"conversation-turn-12\" data-scroll-anchor=\"true\" data-turn=\"assistant\">\n<div class=\"text-base my-auto mx-auto pb-10 [--thread-content-margin:--spacing(4)] thread-sm:[--thread-content-margin:--spacing(6)] thread-lg:[--thread-content-margin:--spacing(16)] px-(--thread-content-margin)\">\n<div class=\"[--thread-content-max-width:40rem] thread-lg:[--thread-content-max-width:48rem] mx-auto max-w-(--thread-content-max-width) flex-1 group\/turn-messages focus-visible:outline-hidden relative flex w-full min-w-0 flex-col agent-turn\" tabindex=\"-1\">\n<div class=\"flex max-w-full flex-col grow\">\n<div class=\"min-h-8 text-message relative flex w-full flex-col items-end gap-2 text-start break-words whitespace-normal [.text-message+&amp;]:mt-1\" dir=\"auto\" data-message-author-role=\"assistant\" data-message-id=\"ce3ae63b-1e51-410a-97e6-94b66cf14db1\" data-message-model-slug=\"gpt-5-1-thinking\">\n<div class=\"flex w-full flex-col gap-1 empty:hidden first:pt-[1px]\">\n<div class=\"markdown prose dark:prose-invert w-full break-words light markdown-new-styling\">\n<p data-start=\"86\" data-end=\"442\">Xhaket\u00eb premium eco-leather n\u00eb ngjyr\u00eb t\u00eb zez\u00eb t\u00eb thell\u00eb, me pamje luksoze dhe shum\u00eb mashkullore. Dizajn bomber\/aviator me trup t\u00eb drejt\u00eb, zinxhir metalik n\u00eb mes dhe xhepa an\u00ebsor\u00eb me zip. Brend\u00ebsia \u00ebsht\u00eb e mbushur, ideale p\u00ebr dit\u00ebt e ftohta t\u00eb dimrit, nd\u00ebrsa kombinimi \u201call black\u201d me golf dhe pantallona t\u00eb zeza i jep nj\u00eb look super urban.<\/p>\n<p data-start=\"444\" data-end=\"490\">Modeli vjen n\u00eb dy versione jakash shearling:<\/p>\n<ul data-start=\"491\" data-end=\"647\">\n<li data-start=\"491\" data-end=\"571\">\n<p data-start=\"493\" data-end=\"571\"><strong data-start=\"493\" data-end=\"517\">Jak\u00eb me pelush t\u00eb zi<\/strong> p\u00ebr pamje total black, m\u00eb e rafinuar dhe misterioze<\/p>\n<\/li>\n<li data-start=\"572\" data-end=\"647\">\n<p data-start=\"574\" data-end=\"647\"><strong data-start=\"574\" data-end=\"602\">Jak\u00eb me pelush t\u00eb bardh\u00eb<\/strong> p\u00ebr kontrast luksoz dhe stil m\u00eb t\u00eb duksh\u00ebm<\/p>\n<\/li>\n<\/ul>\n<p data-start=\"649\" data-end=\"740\">Perfekte p\u00ebr dalje n\u00eb mbr\u00ebmje, kafe n\u00eb qytet apo evente ku do dukesh i rregullt dhe modern.<\/p>\n<p data-start=\"742\" data-end=\"762\"><strong data-start=\"742\" data-end=\"762\">Detaje kryesore:<\/strong><\/p>\n<ul data-start=\"763\" data-end=\"1089\" data-is-last-node=\"\" data-is-only-node=\"\">\n<li data-start=\"763\" data-end=\"789\">\n<p data-start=\"765\" data-end=\"789\">Ngjyr\u00eb: E zez\u00eb (black)<\/p>\n<\/li>\n<li data-start=\"790\" data-end=\"847\">\n<p data-start=\"792\" data-end=\"847\">Material: Eco-leather me tekstur\u00eb + shearling n\u00eb jak\u00eb<\/p>\n<\/li>\n<li data-start=\"848\" data-end=\"901\">\n<p data-start=\"850\" data-end=\"901\">Dy versione jakash: pelush i zi \/ pelush i bardh\u00eb<\/p>\n<\/li>\n<li data-start=\"902\" data-end=\"932\">\n<p data-start=\"904\" data-end=\"932\">Zinxhir metalik i dyansh\u00ebm<\/p>\n<\/li>\n<li data-start=\"933\" data-end=\"957\">\n<p data-start=\"935\" data-end=\"957\">Xhepa an\u00ebsor\u00eb me zip<\/p>\n<\/li>\n<li data-start=\"958\" data-end=\"1009\">\n<p data-start=\"960\" data-end=\"1009\">P\u00ebrshtatje moderne, ideale p\u00ebr sezonin e ftoht\u00eb<\/p>\n<\/li>\n<li data-start=\"1010\" data-end=\"1089\" data-is-last-node=\"\">\n<p data-start=\"1012\" data-end=\"1089\" data-is-last-node=\"\">Kombinohet bukur me golf, xhinse ose pantallona materiale \u201cslim\/straight fit\u201d<\/p>\n<\/li>\n<\/ul>\n<\/div>\n<\/div>\n<\/div>\n<\/div>\n<div class=\"z-0 flex min-h-[46px] justify-start\"><\/div>\n<div class=\"mt-3 w-full empty:hidden\">\n<div class=\"text-center\"><\/div>\n<\/div>\n<\/div>\n<\/div>\n<\/article>\n<div class=\"pointer-events-none h-px w-px\" aria-hidden=\"true\" data-edge=\"true\"><\/div>","protected":false},"excerpt":{"rendered":"<p>Xhaket\u00eb premium eco-leather n\u00eb ngjyr\u00eb t\u00eb zez\u00eb t\u00eb thell\u00eb, me pamje luksoze dhe shum\u00eb mashkullore. Dizajn bomber\/aviator me trup t\u00eb drejt\u00eb, zinxhir metalik n\u00eb mes dhe xhepa an\u00ebsor\u00eb me zip. Brend\u00ebsia \u00ebsht\u00eb e mbushur, ideale p\u00ebr dit\u00ebt e ftohta t\u00eb dimrit, nd\u00ebrsa kombinimi \u201call black\u201d me golf dhe pantallona t\u00eb zeza i jep nj\u00eb look [&hellip;]<\/p>","protected":false},"featured_media":9432,"comment_status":"open","ping_status":"closed","template":"","meta":[],"product_brand":[],"product_cat":[25],"product_tag":[348,466,370,467,312],"class_list":{"0":"post-9430","1":"product","2":"type-product","3":"status-publish","4":"has-post-thumbnail","6":"product_cat-jackets","7":"product_tag-ecolekure","8":"product_tag-me-pelush-te-bardhe","9":"product_tag-me-pelush-te-brendshem","10":"product_tag-me-pelush-te-zeze","11":"product_tag-xhakete","13":"first","14":"instock","15":"taxable","16":"shipping-taxable","17":"purchasable","18":"product-type-variable"},"jetpack_sharing_enabled":true,"_links":{"self":[{"href":"https:\/\/urban-clothingstore.com\/en\/wp-json\/wp\/v2\/product\/9430","targetHints":{"allow":["GET"]}}],"collection":[{"href":"https:\/\/urban-clothingstore.com\/en\/wp-json\/wp\/v2\/product"}],"about":[{"href":"https:\/\/urban-clothingstore.com\/en\/wp-json\/wp\/v2\/types\/product"}],"replies":[{"embeddable":true,"href":"https:\/\/urban-clothingstore.com\/en\/wp-json\/wp\/v2\/comments?post=9430"}],"wp:featuredmedia":[{"embeddable":true,"href":"https:\/\/urban-clothingstore.com\/en\/wp-json\/wp\/v2\/media\/9432"}],"wp:attachment":[{"href":"https:\/\/urban-clothingstore.com\/en\/wp-json\/wp\/v2\/media?parent=9430"}],"wp:term":[{"taxonomy":"product_brand","embeddable":true,"href":"https:\/\/urban-clothingstore.com\/en\/wp-json\/wp\/v2\/product_brand?post=9430"},{"taxonomy":"product_cat","embeddable":true,"href":"https:\/\/urban-clothingstore.com\/en\/wp-json\/wp\/v2\/product_cat?post=9430"},{"taxonomy":"product_tag","embeddable":true,"href":"https:\/\/urban-clothingstore.com\/en\/wp-json\/wp\/v2\/product_tag?post=9430"}],"curies":[{"name":"wp","href":"https:\/\/api.w.org\/{rel}","templated":true}]}}