{"id":9443,"date":"2025-11-22T11:28:25","date_gmt":"2025-11-22T11:28:25","guid":{"rendered":"https:\/\/urban-clothingstore.com\/?post_type=product&#038;p=9443"},"modified":"2026-02-26T22:42:24","modified_gmt":"2026-02-26T22:42:24","slug":"xhakete-shearling-biker-urban-black-rider","status":"publish","type":"product","link":"https:\/\/urban-clothingstore.com\/en\/product\/xhakete-shearling-biker-urban-black-rider\/","title":{"rendered":"Xhaket\u00eb Shearling Biker \u201cUrban Black Rider\u201d"},"content":{"rendered":"<article class=\"text-token-text-primary w-full focus:outline-none [--shadow-height:45px] has-data-writing-block:pointer-events-none has-data-writing-block:-mt-(--shadow-height) has-data-writing-block:pt-(--shadow-height) [&amp;:has([data-writing-block])&gt;*]:pointer-events-auto [content-visibility:auto] supports-[content-visibility:auto]:[contain-intrinsic-size:auto_100lvh] scroll-mt-[calc(var(--header-height)+min(200px,max(70px,20svh)))]\" dir=\"auto\" tabindex=\"-1\" data-turn-id=\"45893b19-6320-4d50-9a23-aa48cc1623de\" data-testid=\"conversation-turn-14\" data-scroll-anchor=\"true\" data-turn=\"assistant\">\n<div class=\"text-base my-auto mx-auto pb-10 [--thread-content-margin:--spacing(4)] thread-sm:[--thread-content-margin:--spacing(6)] thread-lg:[--thread-content-margin:--spacing(16)] px-(--thread-content-margin)\">\n<div class=\"[--thread-content-max-width:40rem] thread-lg:[--thread-content-max-width:48rem] mx-auto max-w-(--thread-content-max-width) flex-1 group\/turn-messages focus-visible:outline-hidden relative flex w-full min-w-0 flex-col agent-turn\" tabindex=\"-1\">\n<div class=\"flex max-w-full flex-col grow\">\n<div class=\"min-h-8 text-message relative flex w-full flex-col items-end gap-2 text-start break-words whitespace-normal [.text-message+&amp;]:mt-1\" dir=\"auto\" data-message-author-role=\"assistant\" data-message-id=\"645d04e2-7ca9-4642-887d-4b92b3ecd2ba\" data-message-model-slug=\"gpt-5-1-thinking\">\n<div class=\"flex w-full flex-col gap-1 empty:hidden first:pt-[1px]\">\n<div class=\"markdown prose dark:prose-invert w-full break-words light markdown-new-styling\">\n<p data-start=\"72\" data-end=\"340\">Xhaket\u00eb premium biker n\u00eb eco-leather t\u00eb zez\u00eb, me pamje shum\u00eb luksoze dhe mashkullore. Dizajn me zinxhir anash (asymmetrical zip), jak\u00eb t\u00eb madhe me pelush dhe detaje zip n\u00eb pjes\u00ebn e p\u00ebrparme q\u00eb i japin nj\u00eb stil \u201cmoto \/ streetwear\u201d perfekt p\u00ebr dim\u00ebr.<\/p>\n<p data-start=\"342\" data-end=\"371\">Modeli vjen n\u00eb dy versione:<\/p>\n<ul data-start=\"372\" data-end=\"585\">\n<li data-start=\"372\" data-end=\"446\">\n<p data-start=\"374\" data-end=\"446\"><strong data-start=\"374\" data-end=\"389\">Pelush i zi<\/strong> \u2013 p\u00ebr pamje \u201call black\u201d, shum\u00eb e rafinuar dhe elegante<\/p>\n<\/li>\n<li data-start=\"447\" data-end=\"585\">\n<p data-start=\"449\" data-end=\"585\"><strong data-start=\"449\" data-end=\"473\">Pelush i bardh\u00eb krem<\/strong> \u2013 p\u00ebr kontrast t\u00eb fort\u00eb dhe look m\u00eb t\u00eb duksh\u00ebm, ideal p\u00ebr kombinime me t-shirt t\u00eb bardh\u00eb dhe xhinse t\u00eb err\u00ebta<\/p>\n<\/li>\n<\/ul>\n<p data-start=\"587\" data-end=\"794\">Brend\u00ebsia e mbushur siguron ngroht\u00ebsi, nd\u00ebrsa materiali i jasht\u00ebm i fort\u00eb e b\u00ebn xhaket\u00ebn ideale p\u00ebr p\u00ebrdorim t\u00eb p\u00ebrditsh\u00ebm n\u00eb mot t\u00eb ftoht\u00eb. Kombinohet leht\u00ebsisht me t-shirt basic, golf ose pulov\u00ebr t\u00eb holl\u00eb.<\/p>\n<p data-start=\"796\" data-end=\"816\"><strong data-start=\"796\" data-end=\"816\">Detaje kryesore:<\/strong><\/p>\n<ul data-start=\"817\" data-end=\"1146\" data-is-last-node=\"\" data-is-only-node=\"\">\n<li data-start=\"817\" data-end=\"843\">\n<p data-start=\"819\" data-end=\"843\">Ngjyr\u00eb: E zez\u00eb (black)<\/p>\n<\/li>\n<li data-start=\"844\" data-end=\"898\">\n<p data-start=\"846\" data-end=\"898\">Material: Eco-leather cil\u00ebsor + shearling (pelush)<\/p>\n<\/li>\n<li data-start=\"899\" data-end=\"944\">\n<p data-start=\"901\" data-end=\"944\">Dy variante pelushi: i zi \/ i bardh\u00eb krem<\/p>\n<\/li>\n<li data-start=\"945\" data-end=\"976\">\n<p data-start=\"947\" data-end=\"976\">Zinxhir anash (biker style)<\/p>\n<\/li>\n<li data-start=\"977\" data-end=\"1014\">\n<p data-start=\"979\" data-end=\"1014\">Xhepa me zip n\u00eb pjes\u00ebn e p\u00ebrparme<\/p>\n<\/li>\n<li data-start=\"1015\" data-end=\"1073\">\n<p data-start=\"1017\" data-end=\"1073\">M\u00ebng\u00eb t\u00eb drejta me fund pelushi (te varianti i bardh\u00eb)<\/p>\n<\/li>\n<li data-start=\"1074\" data-end=\"1146\" data-is-last-node=\"\">\n<p data-start=\"1076\" data-end=\"1146\" data-is-last-node=\"\">P\u00ebrshtatje moderne, ideale p\u00ebr sezonin e ftoht\u00eb dhe stil urban premium<\/p>\n<\/li>\n<\/ul>\n<\/div>\n<\/div>\n<\/div>\n<\/div>\n<div class=\"z-0 flex min-h-[46px] justify-start\"><\/div>\n<div class=\"mt-3 w-full empty:hidden\">\n<div class=\"text-center\"><\/div>\n<\/div>\n<\/div>\n<\/div>\n<\/article>\n<div class=\"pointer-events-none h-px w-px\" aria-hidden=\"true\" data-edge=\"true\"><\/div>","protected":false},"excerpt":{"rendered":"<p>Xhaket\u00eb premium biker n\u00eb eco-leather t\u00eb zez\u00eb, me pamje shum\u00eb luksoze dhe mashkullore. Dizajn me zinxhir anash (asymmetrical zip), jak\u00eb t\u00eb madhe me pelush dhe detaje zip n\u00eb pjes\u00ebn e p\u00ebrparme q\u00eb i japin nj\u00eb stil \u201cmoto \/ streetwear\u201d perfekt p\u00ebr dim\u00ebr. Modeli vjen n\u00eb dy versione: Pelush i zi \u2013 p\u00ebr pamje \u201call black\u201d, [&hellip;]<\/p>","protected":false},"featured_media":9444,"comment_status":"open","ping_status":"closed","template":"","meta":[],"product_brand":[],"product_cat":[25],"product_tag":[348,466,370,467,302,312],"class_list":{"0":"post-9443","1":"product","2":"type-product","3":"status-publish","4":"has-post-thumbnail","6":"product_cat-jackets","7":"product_tag-ecolekure","8":"product_tag-me-pelush-te-bardhe","9":"product_tag-me-pelush-te-brendshem","10":"product_tag-me-pelush-te-zeze","11":"product_tag-ngjyre-e-zeze","12":"product_tag-xhakete","14":"first","15":"instock","16":"taxable","17":"shipping-taxable","18":"purchasable","19":"product-type-variable"},"jetpack_sharing_enabled":true,"_links":{"self":[{"href":"https:\/\/urban-clothingstore.com\/en\/wp-json\/wp\/v2\/product\/9443","targetHints":{"allow":["GET"]}}],"collection":[{"href":"https:\/\/urban-clothingstore.com\/en\/wp-json\/wp\/v2\/product"}],"about":[{"href":"https:\/\/urban-clothingstore.com\/en\/wp-json\/wp\/v2\/types\/product"}],"replies":[{"embeddable":true,"href":"https:\/\/urban-clothingstore.com\/en\/wp-json\/wp\/v2\/comments?post=9443"}],"wp:featuredmedia":[{"embeddable":true,"href":"https:\/\/urban-clothingstore.com\/en\/wp-json\/wp\/v2\/media\/9444"}],"wp:attachment":[{"href":"https:\/\/urban-clothingstore.com\/en\/wp-json\/wp\/v2\/media?parent=9443"}],"wp:term":[{"taxonomy":"product_brand","embeddable":true,"href":"https:\/\/urban-clothingstore.com\/en\/wp-json\/wp\/v2\/product_brand?post=9443"},{"taxonomy":"product_cat","embeddable":true,"href":"https:\/\/urban-clothingstore.com\/en\/wp-json\/wp\/v2\/product_cat?post=9443"},{"taxonomy":"product_tag","embeddable":true,"href":"https:\/\/urban-clothingstore.com\/en\/wp-json\/wp\/v2\/product_tag?post=9443"}],"curies":[{"name":"wp","href":"https:\/\/api.w.org\/{rel}","templated":true}]}}