{"id":952,"date":"2025-02-11T20:00:42","date_gmt":"2025-02-11T20:00:42","guid":{"rendered":"https:\/\/urban-clothingstore.com\/?post_type=product&#038;p=952"},"modified":"2026-03-23T09:37:51","modified_gmt":"2026-03-23T09:37:51","slug":"brown-leather-fur-collar-jacket","status":"publish","type":"product","link":"https:\/\/urban-clothingstore.com\/en\/product\/brown-leather-fur-collar-jacket\/","title":{"rendered":"Xhaket\u00eb prej L\u00ebkure Kafe me Jak\u00eb G\u00ebzofi"},"content":{"rendered":"<div class=\"lRu31\" dir=\"ltr\"><span class=\"HwtZe\" lang=\"sq\"><span class=\"jCAhz ChMk0b\"><span class=\"ryNqvb\">P\u00ebrjetoni stil dhe rehati t\u00eb pakrahasueshme me xhaket\u00ebn ton\u00eb t\u00eb holl\u00eb prej l\u00ebkure ngjyr\u00eb kafe me jak\u00eb g\u00ebzofi.<\/span><\/span> <span class=\"jCAhz ChMk0b\"><span class=\"ryNqvb\">E punuar nga l\u00ebkur\u00eb me cil\u00ebsi t\u00eb lart\u00eb, kjo pjes\u00eb ofron si q\u00ebndrueshm\u00ebri ashtu edhe sofistikim, duke e b\u00ebr\u00eb at\u00eb nj\u00eb domosdoshm\u00ebri p\u00ebr gard\u00ebrob\u00ebn tuaj.<\/span><\/span> <\/span><\/div>\n<div dir=\"ltr\"><\/div>\n<div class=\"lRu31\" dir=\"ltr\"><strong><span class=\"HwtZe\" lang=\"sq\"><span class=\"jCAhz ChMk0b\"><span class=\"ryNqvb\">Karakteristikat dhe P\u00ebrfitimet <\/span><\/span><\/span><\/strong><\/div>\n<div class=\"lRu31\" dir=\"ltr\"><span class=\"HwtZe\" lang=\"sq\"><span class=\"jCAhz ChMk0b\"><span class=\"ryNqvb\">Xhaketa p\u00ebrmban nj\u00eb jak\u00eb luksoze q\u00eb shton nj\u00eb prekje elegance nd\u00ebrsa ofron ngroht\u00ebsi shtes\u00eb.<\/span><\/span> <span class=\"jCAhz ChMk0b\"><span class=\"ryNqvb\">Dizajni i saj klasik siguron shkatht\u00ebsi, duke e b\u00ebr\u00eb at\u00eb t\u00eb p\u00ebrshtatshme si p\u00ebr dalje t\u00eb rast\u00ebsishme ashtu edhe p\u00ebr evente m\u00eb formale.<\/span><\/span> <\/span><\/div>\n<div dir=\"ltr\"><\/div>\n<div class=\"lRu31\" dir=\"ltr\"><span class=\"HwtZe\" lang=\"sq\"><strong><span class=\"jCAhz ChMk0b\"><span class=\"ryNqvb\">Pse ta Zgjidhni K\u00ebt\u00eb Xhaket\u00eb?<\/span><\/span><\/strong> <\/span><\/div>\n<div class=\"lRu31\" dir=\"ltr\">\n<p><span class=\"HwtZe\" lang=\"sq\"><span class=\"jCAhz ChMk0b\"><span class=\"ryNqvb\">Kjo xhaket\u00eb ngjyr\u00eb kafe jo vet\u00ebm q\u00eb p\u00ebrmir\u00ebson stilin tuaj, por gjithashtu garanton rehati gjat\u00eb gjith\u00eb dit\u00ebs.<\/span><\/span> <span class=\"jCAhz ChMk0b\"><span class=\"ryNqvb\">Ngritni nivelin tuaj t\u00eb mod\u00ebs sot me k\u00ebt\u00eb shtes\u00eb t\u00eb jasht\u00ebzakonshme dhe p\u00ebrqafoni mjesht\u00ebrin\u00eb cil\u00ebsore.<\/span><\/span><\/span><\/p>\n<div class=\"OvtS8d\"><\/div>\n<div class=\"NQSJo\"><\/div>\n<\/div>\n<div class=\"UdTY9 WdefRb\" aria-hidden=\"true\" data-location=\"2\"><\/div>","protected":false},"excerpt":{"rendered":"<p>P\u00ebrjetoni stil dhe rehati t\u00eb pakrahasueshme me xhaket\u00ebn ton\u00eb t\u00eb holl\u00eb prej l\u00ebkure ngjyr\u00eb kafe me jak\u00eb g\u00ebzofi. E punuar nga l\u00ebkur\u00eb me cil\u00ebsi t\u00eb lart\u00eb, kjo pjes\u00eb ofron si q\u00ebndrueshm\u00ebri ashtu edhe sofistikim, duke e b\u00ebr\u00eb at\u00eb nj\u00eb domosdoshm\u00ebri p\u00ebr gard\u00ebrob\u00ebn tuaj. Karakteristikat dhe P\u00ebrfitimet Xhaketa p\u00ebrmban nj\u00eb jak\u00eb luksoze q\u00eb shton nj\u00eb prekje [&hellip;]<\/p>","protected":false},"featured_media":954,"comment_status":"open","ping_status":"closed","template":"","meta":[],"product_brand":[],"product_cat":[25],"product_tag":[],"class_list":{"0":"post-952","1":"product","2":"type-product","3":"status-publish","4":"has-post-thumbnail","6":"product_cat-jackets","8":"first","9":"outofstock","10":"taxable","11":"shipping-taxable","12":"purchasable","13":"product-type-variable"},"jetpack_sharing_enabled":true,"_links":{"self":[{"href":"https:\/\/urban-clothingstore.com\/en\/wp-json\/wp\/v2\/product\/952","targetHints":{"allow":["GET"]}}],"collection":[{"href":"https:\/\/urban-clothingstore.com\/en\/wp-json\/wp\/v2\/product"}],"about":[{"href":"https:\/\/urban-clothingstore.com\/en\/wp-json\/wp\/v2\/types\/product"}],"replies":[{"embeddable":true,"href":"https:\/\/urban-clothingstore.com\/en\/wp-json\/wp\/v2\/comments?post=952"}],"wp:featuredmedia":[{"embeddable":true,"href":"https:\/\/urban-clothingstore.com\/en\/wp-json\/wp\/v2\/media\/954"}],"wp:attachment":[{"href":"https:\/\/urban-clothingstore.com\/en\/wp-json\/wp\/v2\/media?parent=952"}],"wp:term":[{"taxonomy":"product_brand","embeddable":true,"href":"https:\/\/urban-clothingstore.com\/en\/wp-json\/wp\/v2\/product_brand?post=952"},{"taxonomy":"product_cat","embeddable":true,"href":"https:\/\/urban-clothingstore.com\/en\/wp-json\/wp\/v2\/product_cat?post=952"},{"taxonomy":"product_tag","embeddable":true,"href":"https:\/\/urban-clothingstore.com\/en\/wp-json\/wp\/v2\/product_tag?post=952"}],"curies":[{"name":"wp","href":"https:\/\/api.w.org\/{rel}","templated":true}]}}