{"id":9522,"date":"2025-11-25T17:56:59","date_gmt":"2025-11-25T17:56:59","guid":{"rendered":"https:\/\/urban-clothingstore.com\/?post_type=product&#038;p=9522"},"modified":"2026-02-25T19:13:47","modified_gmt":"2026-02-25T19:13:47","slug":"urban-black-leather-puffer-jacket","status":"publish","type":"product","link":"https:\/\/urban-clothingstore.com\/en\/product\/urban-black-leather-puffer-jacket\/","title":{"rendered":"Urban Black Leather Puffer Jacket"},"content":{"rendered":"<p data-start=\"59\" data-end=\"491\">Xhup puffer i zi me efekt l\u00ebkure, super i plot\u00eb dhe modern, ideal p\u00ebr dit\u00ebt e ftohta n\u00eb qytet. Fasha e fryr\u00eb dhe mbushja e dendur mbajn\u00eb ngroht\u00ebsi, nd\u00ebrsa jaka e lart\u00eb mbron perfekt nga era dhe i jep look luksoz streetwear. M\u00ebng\u00ebt dhe beli me llastik rregullojn\u00eb form\u00ebn n\u00eb trup dhe mbajn\u00eb nxeht\u00ebsin\u00eb brenda. Kombinohet leht\u00eb me pantallona t\u00eb zeza, jeans apo trening p\u00ebr outfit urban nga m\u00ebngjesi n\u00eb mbr\u00ebmje.<\/p>\n<ul data-start=\"493\" data-end=\"674\">\n<li data-start=\"493\" data-end=\"538\">\n<p data-start=\"495\" data-end=\"538\">Material: material puffer me efekt l\u00ebkure<\/p>\n<\/li>\n<li data-start=\"539\" data-end=\"568\">\n<p data-start=\"541\" data-end=\"568\">Ngjyra: e zez\u00eb full black<\/p>\n<\/li>\n<li data-start=\"569\" data-end=\"611\">\n<p data-start=\"571\" data-end=\"611\">Modeli: slim\/regular fit, jak\u00eb e lart\u00eb<\/p>\n<\/li>\n<li data-start=\"612\" data-end=\"648\">\n<p data-start=\"614\" data-end=\"648\">Mbyllja: zinxhir metalik frontal<\/p>\n<\/li>\n<li data-start=\"649\" data-end=\"674\">\n<p data-start=\"651\" data-end=\"674\">Sezoni: vjesht\u00eb\/dim\u00ebr<\/p>\n<\/li>\n<\/ul>","protected":false},"excerpt":{"rendered":"<p>Xhup puffer i zi me efekt l\u00ebkure, super i plot\u00eb dhe modern, ideal p\u00ebr dit\u00ebt e ftohta n\u00eb qytet. Fasha e fryr\u00eb dhe mbushja e dendur mbajn\u00eb ngroht\u00ebsi, nd\u00ebrsa jaka e lart\u00eb mbron perfekt nga era dhe i jep look luksoz streetwear. M\u00ebng\u00ebt dhe beli me llastik rregullojn\u00eb form\u00ebn n\u00eb trup dhe mbajn\u00eb nxeht\u00ebsin\u00eb brenda. [&hellip;]<\/p>","protected":false},"featured_media":9523,"comment_status":"open","ping_status":"closed","template":"","meta":[],"product_brand":[],"product_cat":[25],"product_tag":[329,306,302,359],"class_list":{"0":"post-9522","1":"product","2":"type-product","3":"status-publish","4":"has-post-thumbnail","6":"product_cat-jackets","7":"product_tag-eco-lekure","8":"product_tag-jakne","9":"product_tag-ngjyre-e-zeze","10":"product_tag-puffer","12":"first","13":"instock","14":"taxable","15":"shipping-taxable","16":"purchasable","17":"product-type-variable"},"jetpack_sharing_enabled":true,"_links":{"self":[{"href":"https:\/\/urban-clothingstore.com\/en\/wp-json\/wp\/v2\/product\/9522","targetHints":{"allow":["GET"]}}],"collection":[{"href":"https:\/\/urban-clothingstore.com\/en\/wp-json\/wp\/v2\/product"}],"about":[{"href":"https:\/\/urban-clothingstore.com\/en\/wp-json\/wp\/v2\/types\/product"}],"replies":[{"embeddable":true,"href":"https:\/\/urban-clothingstore.com\/en\/wp-json\/wp\/v2\/comments?post=9522"}],"wp:featuredmedia":[{"embeddable":true,"href":"https:\/\/urban-clothingstore.com\/en\/wp-json\/wp\/v2\/media\/9523"}],"wp:attachment":[{"href":"https:\/\/urban-clothingstore.com\/en\/wp-json\/wp\/v2\/media?parent=9522"}],"wp:term":[{"taxonomy":"product_brand","embeddable":true,"href":"https:\/\/urban-clothingstore.com\/en\/wp-json\/wp\/v2\/product_brand?post=9522"},{"taxonomy":"product_cat","embeddable":true,"href":"https:\/\/urban-clothingstore.com\/en\/wp-json\/wp\/v2\/product_cat?post=9522"},{"taxonomy":"product_tag","embeddable":true,"href":"https:\/\/urban-clothingstore.com\/en\/wp-json\/wp\/v2\/product_tag?post=9522"}],"curies":[{"name":"wp","href":"https:\/\/api.w.org\/{rel}","templated":true}]}}