{"id":9539,"date":"2025-11-26T00:49:49","date_gmt":"2025-11-26T00:49:49","guid":{"rendered":"https:\/\/urban-clothingstore.com\/?post_type=product&#038;p=9539"},"modified":"2026-03-20T08:14:42","modified_gmt":"2026-03-20T08:14:42","slug":"mens-premium-original-leather-jacket","status":"publish","type":"product","link":"https:\/\/urban-clothingstore.com\/en\/product\/mens-premium-original-leather-jacket\/","title":{"rendered":"Men\u2019s Premium Original Leather Jacket"},"content":{"rendered":"<p data-start=\"171\" data-end=\"582\">P\u00ebrjetoni kombinimin ideal t\u00eb eleganc\u00ebs, cil\u00ebsis\u00eb dhe stilit modern me <strong data-start=\"242\" data-end=\"283\">Men\u2019s Premium Original Leather Jacket<\/strong>. E punuar nga l\u00ebkur\u00eb origjinale premium, kjo xhaket\u00eb ofron nj\u00eb pamje t\u00eb past\u00ebr dhe t\u00eb rafinuar, duke q\u00ebndruar perfekt n\u00eb trup fal\u00eb prerjes s\u00eb saj precize.<br data-start=\"438\" data-end=\"441\" \/>Dizajni minimalist me jak\u00eb klasike, qepje t\u00eb rregullta dhe sip\u00ebrfaqe t\u00eb l\u00ebmuar e b\u00ebn k\u00ebt\u00eb xhaket\u00eb t\u00eb p\u00ebrshtatshme p\u00ebr \u00e7do sezon dhe \u00e7do stil.<\/p>\n<p data-start=\"584\" data-end=\"846\">E disponueshme n\u00eb ngjyr\u00eb <strong data-start=\"609\" data-end=\"618\">Black<\/strong> dhe <strong data-start=\"623\" data-end=\"639\">Coffee Brown<\/strong>, ajo ofron dy opsione t\u00eb forta p\u00ebr nj\u00eb pamje urbane, elegante dhe t\u00eb p\u00ebrjetshme.<br data-start=\"720\" data-end=\"723\" \/>Pavar\u00ebsisht n\u00ebse e kombinon me jeans, pantallona elegante apo nj\u00eb veshje all-black, kjo xhaket\u00eb ngrit menj\u00ebher\u00eb \u00e7do outfit.<\/p>\n<h3 data-start=\"848\" data-end=\"872\"><strong data-start=\"852\" data-end=\"872\">Detaje Produkti:<\/strong><\/h3>\n<ul data-start=\"873\" data-end=\"1167\">\n<li data-start=\"873\" data-end=\"917\">\n<p data-start=\"875\" data-end=\"917\">Material: 100% l\u00ebkur\u00eb origjinale premium<\/p>\n<\/li>\n<li data-start=\"918\" data-end=\"981\">\n<p data-start=\"920\" data-end=\"981\">Sip\u00ebrfaqe e l\u00ebmuar, cil\u00ebsi e lart\u00eb dhe rezistenc\u00eb afatgjat\u00eb<\/p>\n<\/li>\n<li data-start=\"982\" data-end=\"1025\">\n<p data-start=\"984\" data-end=\"1025\">Zinxhir metalik i fort\u00eb dhe i paduksh\u00ebm<\/p>\n<\/li>\n<li data-start=\"1026\" data-end=\"1073\">\n<p data-start=\"1028\" data-end=\"1073\">Prerje moderne dhe form\u00eb e rregullt n\u00eb trup<\/p>\n<\/li>\n<li data-start=\"1074\" data-end=\"1108\">\n<p data-start=\"1076\" data-end=\"1108\">Jak\u00eb klasike me dizajn elegant<\/p>\n<\/li>\n<li data-start=\"1109\" data-end=\"1167\">\n<p data-start=\"1111\" data-end=\"1167\">E p\u00ebrshtatshme p\u00ebr stil urban, casual dhe smart-casual<\/p>\n<\/li>\n<\/ul>","protected":false},"excerpt":{"rendered":"<p>P\u00ebrjetoni kombinimin ideal t\u00eb eleganc\u00ebs, cil\u00ebsis\u00eb dhe stilit modern me Men\u2019s Premium Original Leather Jacket. E punuar nga l\u00ebkur\u00eb origjinale premium, kjo xhaket\u00eb ofron nj\u00eb pamje t\u00eb past\u00ebr dhe t\u00eb rafinuar, duke q\u00ebndruar perfekt n\u00eb trup fal\u00eb prerjes s\u00eb saj precize.Dizajni minimalist me jak\u00eb klasike, qepje t\u00eb rregullta dhe sip\u00ebrfaqe t\u00eb l\u00ebmuar e b\u00ebn k\u00ebt\u00eb [&hellip;]<\/p>","protected":false},"featured_media":9541,"comment_status":"open","ping_status":"closed","template":"","meta":[],"product_brand":[],"product_cat":[25],"product_tag":[309,321,302,57,312],"class_list":{"0":"post-9539","1":"product","2":"type-product","3":"status-publish","4":"has-post-thumbnail","6":"product_cat-jackets","7":"product_tag-lekure","8":"product_tag-ngjyr-kafe","9":"product_tag-ngjyre-e-zeze","10":"product_tag-slimfit","11":"product_tag-xhakete","13":"first","14":"instock","15":"taxable","16":"shipping-taxable","17":"purchasable","18":"product-type-variable"},"jetpack_sharing_enabled":true,"_links":{"self":[{"href":"https:\/\/urban-clothingstore.com\/en\/wp-json\/wp\/v2\/product\/9539","targetHints":{"allow":["GET"]}}],"collection":[{"href":"https:\/\/urban-clothingstore.com\/en\/wp-json\/wp\/v2\/product"}],"about":[{"href":"https:\/\/urban-clothingstore.com\/en\/wp-json\/wp\/v2\/types\/product"}],"replies":[{"embeddable":true,"href":"https:\/\/urban-clothingstore.com\/en\/wp-json\/wp\/v2\/comments?post=9539"}],"wp:featuredmedia":[{"embeddable":true,"href":"https:\/\/urban-clothingstore.com\/en\/wp-json\/wp\/v2\/media\/9541"}],"wp:attachment":[{"href":"https:\/\/urban-clothingstore.com\/en\/wp-json\/wp\/v2\/media?parent=9539"}],"wp:term":[{"taxonomy":"product_brand","embeddable":true,"href":"https:\/\/urban-clothingstore.com\/en\/wp-json\/wp\/v2\/product_brand?post=9539"},{"taxonomy":"product_cat","embeddable":true,"href":"https:\/\/urban-clothingstore.com\/en\/wp-json\/wp\/v2\/product_cat?post=9539"},{"taxonomy":"product_tag","embeddable":true,"href":"https:\/\/urban-clothingstore.com\/en\/wp-json\/wp\/v2\/product_tag?post=9539"}],"curies":[{"name":"wp","href":"https:\/\/api.w.org\/{rel}","templated":true}]}}