{"id":9561,"date":"2025-11-26T00:58:42","date_gmt":"2025-11-26T00:58:42","guid":{"rendered":"https:\/\/urban-clothingstore.com\/?post_type=product&#038;p=9561"},"modified":"2026-03-20T08:14:12","modified_gmt":"2026-03-20T08:14:12","slug":"mens-premium-stand-collar-original-leather-jacket-black","status":"publish","type":"product","link":"https:\/\/urban-clothingstore.com\/en\/product\/mens-premium-stand-collar-original-leather-jacket-black\/","title":{"rendered":"Men\u2019s Premium Stand-Collar Original Leather Jacket \u2013 Black"},"content":{"rendered":"<p data-start=\"208\" data-end=\"567\">Elevoni stilin tuaj me <strong data-start=\"231\" data-end=\"293\">Men\u2019s Premium Stand-Collar Original Leather Jacket \u2013 Black<\/strong>, nj\u00eb xhaket\u00eb moderne dhe ultra-elegante e krijuar p\u00ebr meshkuj q\u00eb k\u00ebrkojn\u00eb cil\u00ebsi dhe prezenc\u00eb.<br data-start=\"388\" data-end=\"391\" \/>E punuar nga l\u00ebkur\u00eb origjinale premium, me sip\u00ebrfaqe t\u00eb l\u00ebmuar dhe struktur\u00eb t\u00eb fort\u00eb, kjo xhaket\u00eb ofron nj\u00eb pamje luksoze dhe perfekte p\u00ebr \u00e7do kombinim urban apo smart-casual.<\/p>\n<p data-start=\"569\" data-end=\"849\">Jak\u00eb e drejt\u00eb (stand collar) i jep nj\u00eb karakter m\u00eb modern dhe m\u00eb \u201cclean look\u201d, nd\u00ebrsa zinxhir\u00ebt metalik\u00eb dhe prerja e ngusht\u00eb rrisin ndjesin\u00eb e cil\u00ebsis\u00eb s\u00eb lart\u00eb.<br data-start=\"731\" data-end=\"734\" \/>E leht\u00eb p\u00ebr t\u2019u kombinuar me veshje all-black, jeans ose pantallona elegante \u2013 nj\u00eb zgjedhje universale p\u00ebr sezonin.<\/p>\n<h3 data-start=\"851\" data-end=\"875\"><strong data-start=\"855\" data-end=\"875\">Detaje Produkti:<\/strong><\/h3>\n<ul data-start=\"876\" data-end=\"1130\">\n<li data-start=\"876\" data-end=\"920\">\n<p data-start=\"878\" data-end=\"920\">Material: 100% l\u00ebkur\u00eb origjinale premium<\/p>\n<\/li>\n<li data-start=\"921\" data-end=\"950\">\n<p data-start=\"923\" data-end=\"950\">Jak\u00eb moderne stand-collar<\/p>\n<\/li>\n<li data-start=\"951\" data-end=\"993\">\n<p data-start=\"953\" data-end=\"993\">Zinxhir\u00eb metalik\u00eb t\u00eb cil\u00ebsis\u00eb s\u00eb lart\u00eb<\/p>\n<\/li>\n<li data-start=\"994\" data-end=\"1049\">\n<p data-start=\"996\" data-end=\"1049\">Prerje e ngusht\u00eb dhe strukturuar p\u00ebr form\u00eb perfekte<\/p>\n<\/li>\n<li data-start=\"1050\" data-end=\"1085\">\n<p data-start=\"1052\" data-end=\"1085\">Sip\u00ebrfaqe e l\u00ebmuar dhe e past\u00ebr<\/p>\n<\/li>\n<li data-start=\"1086\" data-end=\"1130\">\n<p data-start=\"1088\" data-end=\"1130\">Ideal p\u00ebr stil urban, casual dhe elegant<\/p>\n<\/li>\n<\/ul>","protected":false},"excerpt":{"rendered":"<p>Elevoni stilin tuaj me Men\u2019s Premium Stand-Collar Original Leather Jacket \u2013 Black, nj\u00eb xhaket\u00eb moderne dhe ultra-elegante e krijuar p\u00ebr meshkuj q\u00eb k\u00ebrkojn\u00eb cil\u00ebsi dhe prezenc\u00eb.E punuar nga l\u00ebkur\u00eb origjinale premium, me sip\u00ebrfaqe t\u00eb l\u00ebmuar dhe struktur\u00eb t\u00eb fort\u00eb, kjo xhaket\u00eb ofron nj\u00eb pamje luksoze dhe perfekte p\u00ebr \u00e7do kombinim urban apo smart-casual. Jak\u00eb e [&hellip;]<\/p>","protected":false},"featured_media":0,"comment_status":"open","ping_status":"closed","template":"","meta":[],"product_brand":[],"product_cat":[25],"product_tag":[309,302,57,312],"class_list":{"0":"post-9561","1":"product","2":"type-product","3":"status-publish","5":"product_cat-jackets","6":"product_tag-lekure","7":"product_tag-ngjyre-e-zeze","8":"product_tag-slimfit","9":"product_tag-xhakete","11":"first","12":"instock","13":"taxable","14":"shipping-taxable","15":"purchasable","16":"product-type-variable"},"jetpack_sharing_enabled":true,"_links":{"self":[{"href":"https:\/\/urban-clothingstore.com\/en\/wp-json\/wp\/v2\/product\/9561","targetHints":{"allow":["GET"]}}],"collection":[{"href":"https:\/\/urban-clothingstore.com\/en\/wp-json\/wp\/v2\/product"}],"about":[{"href":"https:\/\/urban-clothingstore.com\/en\/wp-json\/wp\/v2\/types\/product"}],"replies":[{"embeddable":true,"href":"https:\/\/urban-clothingstore.com\/en\/wp-json\/wp\/v2\/comments?post=9561"}],"wp:attachment":[{"href":"https:\/\/urban-clothingstore.com\/en\/wp-json\/wp\/v2\/media?parent=9561"}],"wp:term":[{"taxonomy":"product_brand","embeddable":true,"href":"https:\/\/urban-clothingstore.com\/en\/wp-json\/wp\/v2\/product_brand?post=9561"},{"taxonomy":"product_cat","embeddable":true,"href":"https:\/\/urban-clothingstore.com\/en\/wp-json\/wp\/v2\/product_cat?post=9561"},{"taxonomy":"product_tag","embeddable":true,"href":"https:\/\/urban-clothingstore.com\/en\/wp-json\/wp\/v2\/product_tag?post=9561"}],"curies":[{"name":"wp","href":"https:\/\/api.w.org\/{rel}","templated":true}]}}