{"id":9570,"date":"2025-11-26T01:02:23","date_gmt":"2025-11-26T01:02:23","guid":{"rendered":"https:\/\/urban-clothingstore.com\/?post_type=product&#038;p=9570"},"modified":"2026-02-25T19:09:12","modified_gmt":"2026-02-25T19:09:12","slug":"mens-premium-original-leather-jacket-classic-collar-ribbed-trim","status":"publish","type":"product","link":"https:\/\/urban-clothingstore.com\/en\/product\/mens-premium-original-leather-jacket-classic-collar-ribbed-trim\/","title":{"rendered":"Men\u2019s Premium Original Leather Jacket \u2013 Classic Collar &#038; Ribbed Trim"},"content":{"rendered":"<p data-start=\"236\" data-end=\"534\">Shijo kombinimin perfekt t\u00eb eleganc\u00ebs klasike dhe stilit urban me <strong data-start=\"302\" data-end=\"374\">Men\u2019s Premium Original Leather Jacket \u2013 Classic Collar &amp; Ribbed Trim<\/strong>.<br data-start=\"375\" data-end=\"378\" \/>E punuar nga l\u00ebkur\u00eb origjinale premium me sip\u00ebrfaqe t\u00eb l\u00ebmuar dhe shk\u00eblqim t\u00eb but\u00eb, kjo xhaket\u00eb dallohet p\u00ebr pamjen e past\u00ebr, moderne dhe nd\u00ebrtimin cil\u00ebsor.<\/p>\n<p data-start=\"536\" data-end=\"804\">Jaka klasike i jep nj\u00eb pamje elegante, nd\u00ebrsa detajet me llastik n\u00eb m\u00ebng\u00eb dhe bel sjellin komoditet dhe nj\u00eb form\u00eb ideale n\u00eb trup.<br data-start=\"665\" data-end=\"668\" \/>Zinxhiri metalik dhe qepjet e rregullta e b\u00ebjn\u00eb k\u00ebt\u00eb xhaket\u00eb nj\u00eb zgjedhje t\u00eb p\u00ebrditshme p\u00ebr \u00e7do stil \u2013 nga casual deri te smart-elegant.<\/p>\n<h3 data-start=\"806\" data-end=\"830\"><strong data-start=\"810\" data-end=\"830\">Detaje Produkti:<\/strong><\/h3>\n<ul data-start=\"831\" data-end=\"1149\">\n<li data-start=\"831\" data-end=\"875\">\n<p data-start=\"833\" data-end=\"875\">Material: 100% l\u00ebkur\u00eb origjinale premium<\/p>\n<\/li>\n<li data-start=\"876\" data-end=\"912\">\n<p data-start=\"878\" data-end=\"912\">Jaka klasike me dizajn t\u00eb past\u00ebr<\/p>\n<\/li>\n<li data-start=\"913\" data-end=\"974\">\n<p data-start=\"915\" data-end=\"974\">Bel dhe m\u00ebng\u00eb me llastik (ribbed trim) p\u00ebr form\u00eb perfekte<\/p>\n<\/li>\n<li data-start=\"975\" data-end=\"1002\">\n<p data-start=\"977\" data-end=\"1002\">Zinxhir metalik cil\u00ebsor<\/p>\n<\/li>\n<li data-start=\"1003\" data-end=\"1048\">\n<p data-start=\"1005\" data-end=\"1048\">Sip\u00ebrfaqe e l\u00ebmuar dhe e fort\u00eb, pa rrudha<\/p>\n<\/li>\n<li data-start=\"1049\" data-end=\"1085\">\n<p data-start=\"1051\" data-end=\"1085\">Prerje moderne dhe e strukturuar<\/p>\n<\/li>\n<li data-start=\"1086\" data-end=\"1149\">\n<p data-start=\"1088\" data-end=\"1149\">E p\u00ebrkryer p\u00ebr style urban, elegant dhe kombinime all-black<\/p>\n<\/li>\n<\/ul>","protected":false},"excerpt":{"rendered":"<p>Shijo kombinimin perfekt t\u00eb eleganc\u00ebs klasike dhe stilit urban me Men\u2019s Premium Original Leather Jacket \u2013 Classic Collar &amp; Ribbed Trim.E punuar nga l\u00ebkur\u00eb origjinale premium me sip\u00ebrfaqe t\u00eb l\u00ebmuar dhe shk\u00eblqim t\u00eb but\u00eb, kjo xhaket\u00eb dallohet p\u00ebr pamjen e past\u00ebr, moderne dhe nd\u00ebrtimin cil\u00ebsor. Jaka klasike i jep nj\u00eb pamje elegante, nd\u00ebrsa detajet me [&hellip;]<\/p>","protected":false},"featured_media":9571,"comment_status":"open","ping_status":"closed","template":"","meta":[],"product_brand":[],"product_cat":[25],"product_tag":[309,297,302,57,312],"class_list":{"0":"post-9570","1":"product","2":"type-product","3":"status-publish","4":"has-post-thumbnail","6":"product_cat-jackets","7":"product_tag-lekure","8":"product_tag-me-jake","9":"product_tag-ngjyre-e-zeze","10":"product_tag-slimfit","11":"product_tag-xhakete","13":"first","14":"instock","15":"taxable","16":"shipping-taxable","17":"purchasable","18":"product-type-variable"},"jetpack_sharing_enabled":true,"_links":{"self":[{"href":"https:\/\/urban-clothingstore.com\/en\/wp-json\/wp\/v2\/product\/9570","targetHints":{"allow":["GET"]}}],"collection":[{"href":"https:\/\/urban-clothingstore.com\/en\/wp-json\/wp\/v2\/product"}],"about":[{"href":"https:\/\/urban-clothingstore.com\/en\/wp-json\/wp\/v2\/types\/product"}],"replies":[{"embeddable":true,"href":"https:\/\/urban-clothingstore.com\/en\/wp-json\/wp\/v2\/comments?post=9570"}],"wp:featuredmedia":[{"embeddable":true,"href":"https:\/\/urban-clothingstore.com\/en\/wp-json\/wp\/v2\/media\/9571"}],"wp:attachment":[{"href":"https:\/\/urban-clothingstore.com\/en\/wp-json\/wp\/v2\/media?parent=9570"}],"wp:term":[{"taxonomy":"product_brand","embeddable":true,"href":"https:\/\/urban-clothingstore.com\/en\/wp-json\/wp\/v2\/product_brand?post=9570"},{"taxonomy":"product_cat","embeddable":true,"href":"https:\/\/urban-clothingstore.com\/en\/wp-json\/wp\/v2\/product_cat?post=9570"},{"taxonomy":"product_tag","embeddable":true,"href":"https:\/\/urban-clothingstore.com\/en\/wp-json\/wp\/v2\/product_tag?post=9570"}],"curies":[{"name":"wp","href":"https:\/\/api.w.org\/{rel}","templated":true}]}}