{"id":958,"date":"2025-02-11T20:04:16","date_gmt":"2025-02-11T20:04:16","guid":{"rendered":"https:\/\/urban-clothingstore.com\/?post_type=product&#038;p=958"},"modified":"2025-11-15T22:45:16","modified_gmt":"2025-11-15T22:45:16","slug":"emerald-shiny-puffer-jacket","status":"publish","type":"product","link":"https:\/\/urban-clothingstore.com\/en\/product\/emerald-shiny-puffer-jacket\/","title":{"rendered":"Xhaket\u00eb e Fryr\u00eb me Shk\u00eblqim Emeraldi"},"content":{"rendered":"<p><span class=\"jCAhz ChMk0b\"><span class=\"ryNqvb\">\u00a0Xhaketa e fryr\u00eb me shk\u00eblqim emeraldi kombinon stilin me funksionalitetin, duke e b\u00ebr\u00eb at\u00eb nj\u00eb shtes\u00eb t\u00eb p\u00ebrsosur p\u00ebr gard\u00ebrob\u00ebn tuaj dim\u00ebrore.<\/span><\/span> <span class=\"jCAhz ChMk0b\"><span class=\"ryNqvb\">E punuar me materiale me cil\u00ebsi t\u00eb lart\u00eb, kjo xhaket\u00eb siguron rehati nd\u00ebrsa ju mban ngroht\u00eb gjat\u00eb dit\u00ebve t\u00eb ftohta.<\/span><\/span><\/p>\n<p><span class=\"jCAhz ChMk0b\"><span class=\"ryNqvb\">Karakteristikat Kryesore\u00a0<\/span><\/span><\/p>\n<p><span class=\"jCAhz ChMk0b\"><span class=\"ryNqvb\">Kjo xhaket\u00eb paraqet nj\u00eb ngjyr\u00eb t\u00eb gjall\u00eb emeraldi q\u00eb bie n\u00eb sy, s\u00eb bashku me nj\u00eb p\u00ebrfundim t\u00eb shndritsh\u00ebm q\u00eb shton nj\u00eb prekje elegance.<\/span><\/span> <span class=\"jCAhz ChMk0b\"><span class=\"ryNqvb\">E projektuar p\u00ebr shkatht\u00ebsi, mund t\u00eb kombinohet me veshje t\u00eb ndryshme, pavar\u00ebsisht n\u00ebse po dilni p\u00ebr nj\u00eb dalje t\u00eb rast\u00ebsishme apo nj\u00eb nat\u00eb n\u00eb qytet.<\/span><\/span><\/p>\n<p><span class=\"jCAhz ChMk0b\"><span class=\"ryNqvb\">Pse ju nevojitet kjo xhaket\u00eb?<\/span><\/span><\/p>\n<p><span class=\"jCAhz ChMk0b\"><span class=\"ryNqvb\">Me dizajnin e saj t\u00ebrheq\u00ebs dhe izolimin praktik, xhaketa me shk\u00eblqim emeraldi \u00ebsht\u00eb m\u00eb shum\u00eb sesa thjesht nj\u00eb veshje;<\/span><\/span> <span class=\"jCAhz ChMk0b\"><span class=\"ryNqvb\">\u00ebsht\u00eb nj\u00eb deklarat\u00eb mode.<\/span><\/span> <span class=\"jCAhz ChMk0b\"><span class=\"ryNqvb\">Mos e humbisni mund\u00ebsin\u00eb p\u00ebr t\u00eb p\u00ebrmir\u00ebsuar stilin tuaj dim\u00ebror!<\/span><\/span><\/p>","protected":false},"excerpt":{"rendered":"<p>\u00a0Xhaketa e fryr\u00eb me shk\u00eblqim emeraldi kombinon stilin me funksionalitetin, duke e b\u00ebr\u00eb at\u00eb nj\u00eb shtes\u00eb t\u00eb p\u00ebrsosur p\u00ebr gard\u00ebrob\u00ebn tuaj dim\u00ebrore. E punuar me materiale me cil\u00ebsi t\u00eb lart\u00eb, kjo xhaket\u00eb siguron rehati nd\u00ebrsa ju mban ngroht\u00eb gjat\u00eb dit\u00ebve t\u00eb ftohta. Karakteristikat Kryesore\u00a0 Kjo xhaket\u00eb paraqet nj\u00eb ngjyr\u00eb t\u00eb gjall\u00eb emeraldi q\u00eb bie n\u00eb [&hellip;]<\/p>","protected":false},"featured_media":960,"comment_status":"open","ping_status":"closed","template":"","meta":[],"product_brand":[],"product_cat":[25],"product_tag":[],"class_list":{"0":"post-958","1":"product","2":"type-product","3":"status-publish","4":"has-post-thumbnail","6":"product_cat-jackets","8":"first","9":"instock","10":"sale","11":"taxable","12":"shipping-taxable","13":"purchasable","14":"product-type-variable"},"jetpack_sharing_enabled":true,"_links":{"self":[{"href":"https:\/\/urban-clothingstore.com\/en\/wp-json\/wp\/v2\/product\/958","targetHints":{"allow":["GET"]}}],"collection":[{"href":"https:\/\/urban-clothingstore.com\/en\/wp-json\/wp\/v2\/product"}],"about":[{"href":"https:\/\/urban-clothingstore.com\/en\/wp-json\/wp\/v2\/types\/product"}],"replies":[{"embeddable":true,"href":"https:\/\/urban-clothingstore.com\/en\/wp-json\/wp\/v2\/comments?post=958"}],"wp:featuredmedia":[{"embeddable":true,"href":"https:\/\/urban-clothingstore.com\/en\/wp-json\/wp\/v2\/media\/960"}],"wp:attachment":[{"href":"https:\/\/urban-clothingstore.com\/en\/wp-json\/wp\/v2\/media?parent=958"}],"wp:term":[{"taxonomy":"product_brand","embeddable":true,"href":"https:\/\/urban-clothingstore.com\/en\/wp-json\/wp\/v2\/product_brand?post=958"},{"taxonomy":"product_cat","embeddable":true,"href":"https:\/\/urban-clothingstore.com\/en\/wp-json\/wp\/v2\/product_cat?post=958"},{"taxonomy":"product_tag","embeddable":true,"href":"https:\/\/urban-clothingstore.com\/en\/wp-json\/wp\/v2\/product_tag?post=958"}],"curies":[{"name":"wp","href":"https:\/\/api.w.org\/{rel}","templated":true}]}}