{"id":971,"date":"2025-02-11T20:13:50","date_gmt":"2025-02-11T20:13:50","guid":{"rendered":"https:\/\/urban-clothingstore.com\/?post_type=product&#038;p=971"},"modified":"2025-11-15T22:54:51","modified_gmt":"2025-11-15T22:54:51","slug":"white-shiny-puffer-jacket","status":"publish","type":"product","link":"https:\/\/urban-clothingstore.com\/en\/product\/white-shiny-puffer-jacket\/","title":{"rendered":"Xhaket\u00eb e Bardh\u00eb me Shk\u00eblqim"},"content":{"rendered":"<p><span class=\"jCAhz ChMk0b\"><span class=\"ryNqvb\">Dizajn Elegant <\/span><\/span><\/p>\n<p><span class=\"jCAhz ChMk0b\"><span class=\"ryNqvb\">Ju prezantojm\u00eb xhaket\u00ebn e bardh\u00eb t\u00eb fryr\u00eb me shk\u00eblqim, nj\u00eb p\u00ebrzierje perfekte e stilit dhe rehatis\u00eb.<\/span><\/span> <span class=\"jCAhz ChMk0b\"><span class=\"ryNqvb\">P\u00ebrfundimi i saj me shk\u00eblqim i shton nj\u00eb stil bashk\u00ebkohor \u00e7do veshjeje, duke e b\u00ebr\u00eb ideale si p\u00ebr dalje rast\u00ebsore ashtu edhe p\u00ebr evente elegante.<\/span><\/span><\/p>\n<p><span class=\"jCAhz ChMk0b\"><span class=\"ryNqvb\">Ngroht\u00ebsi e Jasht\u00ebzakonshme <\/span><\/span><\/p>\n<p><span class=\"jCAhz ChMk0b\"><span class=\"ryNqvb\">E krijuar p\u00ebr t\u00eb ofruar ngroht\u00ebsi t\u00eb jasht\u00ebzakonshme, kjo xhaket\u00eb p\u00ebrmban nj\u00eb izolim t\u00eb but\u00eb q\u00eb ju mban rehat n\u00eb mot t\u00eb ftoht\u00eb.<\/span><\/span> <span class=\"jCAhz ChMk0b\"><span class=\"ryNqvb\">Materiali i leht\u00eb siguron l\u00ebvizje t\u00eb leht\u00eb, duke ju lejuar t\u00eb q\u00ebndroni elegant pa sakrifikuar rehatin\u00eb.<\/span><\/span><\/p>\n<p><span class=\"jCAhz ChMk0b\"><span class=\"ryNqvb\">Veshje e Shum\u00ebllojshme<\/span><\/span><\/p>\n<p><span class=\"jCAhz ChMk0b\"><span class=\"ryNqvb\"> Kjo xhaket\u00eb e bardh\u00eb \u00ebsht\u00eb leht\u00ebsisht e adaptueshme n\u00eb stile t\u00eb ndryshme mode.<\/span><\/span> <span class=\"jCAhz ChMk0b\"><span class=\"ryNqvb\">Kombinojeni me xhinse p\u00ebr nj\u00eb pamje rast\u00ebsore ose nj\u00eb pamje mbr\u00ebmjeje me k\u00ebt\u00eb veshje t\u00ebrheq\u00ebse.<\/span><\/span><\/p>","protected":false},"excerpt":{"rendered":"<p>Dizajn Elegant Ju prezantojm\u00eb xhaket\u00ebn e bardh\u00eb t\u00eb fryr\u00eb me shk\u00eblqim, nj\u00eb p\u00ebrzierje perfekte e stilit dhe rehatis\u00eb. P\u00ebrfundimi i saj me shk\u00eblqim i shton nj\u00eb stil bashk\u00ebkohor \u00e7do veshjeje, duke e b\u00ebr\u00eb ideale si p\u00ebr dalje rast\u00ebsore ashtu edhe p\u00ebr evente elegante. Ngroht\u00ebsi e Jasht\u00ebzakonshme E krijuar p\u00ebr t\u00eb ofruar ngroht\u00ebsi t\u00eb jasht\u00ebzakonshme, kjo [&hellip;]<\/p>","protected":false},"featured_media":974,"comment_status":"open","ping_status":"closed","template":"","meta":[],"product_brand":[],"product_cat":[25],"product_tag":[],"class_list":{"0":"post-971","1":"product","2":"type-product","3":"status-publish","4":"has-post-thumbnail","6":"product_cat-jackets","8":"first","9":"outofstock","10":"taxable","11":"shipping-taxable","12":"purchasable","13":"product-type-simple"},"jetpack_sharing_enabled":true,"_links":{"self":[{"href":"https:\/\/urban-clothingstore.com\/en\/wp-json\/wp\/v2\/product\/971","targetHints":{"allow":["GET"]}}],"collection":[{"href":"https:\/\/urban-clothingstore.com\/en\/wp-json\/wp\/v2\/product"}],"about":[{"href":"https:\/\/urban-clothingstore.com\/en\/wp-json\/wp\/v2\/types\/product"}],"replies":[{"embeddable":true,"href":"https:\/\/urban-clothingstore.com\/en\/wp-json\/wp\/v2\/comments?post=971"}],"wp:featuredmedia":[{"embeddable":true,"href":"https:\/\/urban-clothingstore.com\/en\/wp-json\/wp\/v2\/media\/974"}],"wp:attachment":[{"href":"https:\/\/urban-clothingstore.com\/en\/wp-json\/wp\/v2\/media?parent=971"}],"wp:term":[{"taxonomy":"product_brand","embeddable":true,"href":"https:\/\/urban-clothingstore.com\/en\/wp-json\/wp\/v2\/product_brand?post=971"},{"taxonomy":"product_cat","embeddable":true,"href":"https:\/\/urban-clothingstore.com\/en\/wp-json\/wp\/v2\/product_cat?post=971"},{"taxonomy":"product_tag","embeddable":true,"href":"https:\/\/urban-clothingstore.com\/en\/wp-json\/wp\/v2\/product_tag?post=971"}],"curies":[{"name":"wp","href":"https:\/\/api.w.org\/{rel}","templated":true}]}}