{"id":9781,"date":"2025-12-01T15:10:11","date_gmt":"2025-12-01T15:10:11","guid":{"rendered":"https:\/\/urban-clothingstore.com\/?post_type=product&#038;p=9781"},"modified":"2026-03-09T21:18:57","modified_gmt":"2026-03-09T21:18:57","slug":"mens-premium-cable-knit-polo-black","status":"publish","type":"product","link":"https:\/\/urban-clothingstore.com\/en\/product\/mens-premium-cable-knit-polo-black\/","title":{"rendered":"Men\u2019s Premium Cable Knit Polo \u2013 Black"},"content":{"rendered":"<p data-start=\"216\" data-end=\"498\">Modeli <strong data-start=\"223\" data-end=\"264\">Men\u2019s Premium Cable Knit Polo \u2013 Black<\/strong> vjen si nj\u00eb pjes\u00eb ikonike e sezonit, duke kombinuar eleganc\u00ebn e nj\u00eb polo-je klasike me luksin e struktur\u00ebs <strong data-start=\"372\" data-end=\"386\">cable knit<\/strong>. Materiali i but\u00eb dhe premium q\u00eb rri bukur n\u00eb trup ofron ngroht\u00ebsi, komoditet dhe nj\u00eb pamje t\u00eb rafinuar urbane.<\/p>\n<p data-start=\"500\" data-end=\"698\">Ngjyra <strong data-start=\"507\" data-end=\"516\">Black<\/strong> i shton minimaliz\u00ebm, stil dhe shum\u00eb kombinueshm\u00ebri \u2013 perfekt p\u00ebr veshje elegante, smart casual apo p\u00ebr nj\u00eb look t\u00eb past\u00ebr monochrome me pantallona t\u00eb zinj, gri apo xhinse t\u00eb err\u00ebta.<\/p>\n<hr data-start=\"700\" data-end=\"703\" \/>\n<h2 data-start=\"705\" data-end=\"730\"><strong data-start=\"710\" data-end=\"730\">Detajet Kryesore<\/strong><\/h2>\n<blockquote>\n<ul data-start=\"731\" data-end=\"1027\">\n<li data-start=\"731\" data-end=\"782\">\n<p data-start=\"733\" data-end=\"782\">Dizajn <strong data-start=\"740\" data-end=\"754\">cable knit<\/strong> premium p\u00ebr pamje luksoze<\/p>\n<\/li>\n<li data-start=\"783\" data-end=\"833\">\n<p data-start=\"785\" data-end=\"833\">Jak\u00eb polo me 3 kopsa t\u00eb punuara me detaje fine<\/p>\n<\/li>\n<li data-start=\"834\" data-end=\"872\">\n<p data-start=\"836\" data-end=\"872\">Material i but\u00eb, ngroht\u00eb dhe komod<\/p>\n<\/li>\n<li data-start=\"873\" data-end=\"914\">\n<p data-start=\"875\" data-end=\"914\">Prerje <strong data-start=\"882\" data-end=\"894\">slim-fit<\/strong> q\u00eb thekson linjat<\/p>\n<\/li>\n<li data-start=\"915\" data-end=\"975\">\n<p data-start=\"917\" data-end=\"975\">Ngjyr\u00eb <strong data-start=\"924\" data-end=\"933\">Black<\/strong> \u2013 klasike, moderne dhe shum\u00eb fleksibile<\/p>\n<\/li>\n<li data-start=\"976\" data-end=\"1027\">\n<p data-start=\"978\" data-end=\"1027\">Elastik n\u00eb m\u00ebng\u00eb dhe n\u00eb fund p\u00ebr form\u00eb perfekte<\/p>\n<\/li>\n<\/ul>\n<\/blockquote>","protected":false},"excerpt":{"rendered":"<p>Modeli Men\u2019s Premium Cable Knit Polo \u2013 Black vjen si nj\u00eb pjes\u00eb ikonike e sezonit, duke kombinuar eleganc\u00ebn e nj\u00eb polo-je klasike me luksin e struktur\u00ebs cable knit. Materiali i but\u00eb dhe premium q\u00eb rri bukur n\u00eb trup ofron ngroht\u00ebsi, komoditet dhe nj\u00eb pamje t\u00eb rafinuar urbane. Ngjyra Black i shton minimaliz\u00ebm, stil dhe shum\u00eb [&hellip;]<\/p>","protected":false},"featured_media":9782,"comment_status":"open","ping_status":"closed","template":"","meta":[],"product_brand":[],"product_cat":[26],"product_tag":[473],"class_list":{"0":"post-9781","1":"product","2":"type-product","3":"status-publish","4":"has-post-thumbnail","6":"product_cat-sweater","7":"product_tag-mens-premium-cable-knit-polo","9":"first","10":"outofstock","11":"sale","12":"taxable","13":"shipping-taxable","14":"purchasable","15":"product-type-variable"},"jetpack_sharing_enabled":true,"_links":{"self":[{"href":"https:\/\/urban-clothingstore.com\/en\/wp-json\/wp\/v2\/product\/9781","targetHints":{"allow":["GET"]}}],"collection":[{"href":"https:\/\/urban-clothingstore.com\/en\/wp-json\/wp\/v2\/product"}],"about":[{"href":"https:\/\/urban-clothingstore.com\/en\/wp-json\/wp\/v2\/types\/product"}],"replies":[{"embeddable":true,"href":"https:\/\/urban-clothingstore.com\/en\/wp-json\/wp\/v2\/comments?post=9781"}],"wp:featuredmedia":[{"embeddable":true,"href":"https:\/\/urban-clothingstore.com\/en\/wp-json\/wp\/v2\/media\/9782"}],"wp:attachment":[{"href":"https:\/\/urban-clothingstore.com\/en\/wp-json\/wp\/v2\/media?parent=9781"}],"wp:term":[{"taxonomy":"product_brand","embeddable":true,"href":"https:\/\/urban-clothingstore.com\/en\/wp-json\/wp\/v2\/product_brand?post=9781"},{"taxonomy":"product_cat","embeddable":true,"href":"https:\/\/urban-clothingstore.com\/en\/wp-json\/wp\/v2\/product_cat?post=9781"},{"taxonomy":"product_tag","embeddable":true,"href":"https:\/\/urban-clothingstore.com\/en\/wp-json\/wp\/v2\/product_tag?post=9781"}],"curies":[{"name":"wp","href":"https:\/\/api.w.org\/{rel}","templated":true}]}}