{"id":981,"date":"2025-02-11T20:24:57","date_gmt":"2025-02-11T20:24:57","guid":{"rendered":"https:\/\/urban-clothingstore.com\/?post_type=product&#038;p=981"},"modified":"2025-09-08T13:31:38","modified_gmt":"2025-09-08T13:31:38","slug":"faux-fur-black-leather-jacket","status":"publish","type":"product","link":"https:\/\/urban-clothingstore.com\/en\/product\/faux-fur-black-leather-jacket\/","title":{"rendered":"Xhaket\u00eb L\u00ebkure e Zez\u00eb me G\u00ebzof Artificial"},"content":{"rendered":"<p><strong><span class=\"jCAhz ChMk0b\"><span class=\"ryNqvb\">Dizajn Elegant <\/span><\/span><\/strong><\/p>\n<p><span class=\"jCAhz ChMk0b\"><span class=\"ryNqvb\">Xhaketa jon\u00eb prej l\u00ebkure t\u00eb zez\u00eb prej g\u00ebzofi artificial kombinon sofistikimin me dizajnin modern, duke ofruar nj\u00eb m\u00ebnyr\u00eb t\u00eb leht\u00eb p\u00ebr t\u00eb p\u00ebrmir\u00ebsuar gard\u00ebrob\u00ebn tuaj.<\/span><\/span> <span class=\"jCAhz ChMk0b\"><span class=\"ryNqvb\">E punuar me materiale me cil\u00ebsi t\u00eb lart\u00eb, kjo xhaket\u00eb paraqet nj\u00eb pjes\u00eb t\u00eb jashtme l\u00ebkure t\u00eb zez\u00eb elegante t\u00eb plot\u00ebsuar me detaje prej g\u00ebzofi.<\/span><\/span><\/p>\n<p><strong><span class=\"jCAhz ChMk0b\"><span class=\"ryNqvb\">Veshje e Gjithanshme <\/span><\/span><\/strong><\/p>\n<p><span class=\"jCAhz ChMk0b\"><span class=\"ryNqvb\">Kjo xhaket\u00eb \u00ebsht\u00eb perfekte p\u00ebr \u00e7do rast, pavar\u00ebsisht n\u00ebse visheni bukur p\u00ebr nj\u00eb dalje n\u00eb mbr\u00ebmje apo k\u00ebrkoni nj\u00eb shtres\u00eb elegante t\u00eb p\u00ebrditshme.<\/span><\/span> <span class=\"jCAhz ChMk0b\"><span class=\"ryNqvb\">Kombinojeni me xhinse p\u00ebr nj\u00eb pamje t\u00eb rast\u00ebsishme ose mbi nj\u00eb fustan p\u00ebr nj\u00eb event mbr\u00ebmjeje.<\/span><\/span><\/p>\n<p><span class=\"jCAhz ChMk0b\"><span class=\"ryNqvb\">Rehati dhe Q\u00ebndrueshm\u00ebri <\/span><\/span><\/p>\n<p><span class=\"jCAhz ChMk0b\"><span class=\"ryNqvb\">Kjo xhaket\u00eb jo vet\u00ebm q\u00eb ofron nj\u00eb pamje n\u00eb mod\u00eb, por gjithashtu ofron rehati dhe q\u00ebndrueshm\u00ebri.<\/span><\/span> <span class=\"jCAhz ChMk0b\"><span class=\"ryNqvb\">Rreshtimi i g\u00ebzofit siguron ngroht\u00ebsi pa kompromentuar pamjen e p\u00ebrjetshme t\u00eb l\u00ebkur\u00ebs.<\/span><\/span> <span class=\"jCAhz ChMk0b\"><span class=\"ryNqvb\">P\u00ebrjetoni luksin dhe stilin me xhaket\u00ebn ton\u00eb prej l\u00ebkure t\u00eb zez\u00eb sot!<\/span><\/span><\/p>","protected":false},"excerpt":{"rendered":"<p>Dizajn Elegant Xhaketa jon\u00eb prej l\u00ebkure t\u00eb zez\u00eb prej g\u00ebzofi artificial kombinon sofistikimin me dizajnin modern, duke ofruar nj\u00eb m\u00ebnyr\u00eb t\u00eb leht\u00eb p\u00ebr t\u00eb p\u00ebrmir\u00ebsuar gard\u00ebrob\u00ebn tuaj. E punuar me materiale me cil\u00ebsi t\u00eb lart\u00eb, kjo xhaket\u00eb paraqet nj\u00eb pjes\u00eb t\u00eb jashtme l\u00ebkure t\u00eb zez\u00eb elegante t\u00eb plot\u00ebsuar me detaje prej g\u00ebzofi. Veshje e Gjithanshme [&hellip;]<\/p>","protected":false},"featured_media":982,"comment_status":"open","ping_status":"closed","template":"","meta":[],"product_brand":[],"product_cat":[25],"product_tag":[],"class_list":{"0":"post-981","1":"product","2":"type-product","3":"status-publish","4":"has-post-thumbnail","6":"product_cat-jackets","8":"first","9":"instock","10":"taxable","11":"shipping-taxable","12":"purchasable","13":"product-type-simple"},"jetpack_sharing_enabled":true,"_links":{"self":[{"href":"https:\/\/urban-clothingstore.com\/en\/wp-json\/wp\/v2\/product\/981","targetHints":{"allow":["GET"]}}],"collection":[{"href":"https:\/\/urban-clothingstore.com\/en\/wp-json\/wp\/v2\/product"}],"about":[{"href":"https:\/\/urban-clothingstore.com\/en\/wp-json\/wp\/v2\/types\/product"}],"replies":[{"embeddable":true,"href":"https:\/\/urban-clothingstore.com\/en\/wp-json\/wp\/v2\/comments?post=981"}],"wp:featuredmedia":[{"embeddable":true,"href":"https:\/\/urban-clothingstore.com\/en\/wp-json\/wp\/v2\/media\/982"}],"wp:attachment":[{"href":"https:\/\/urban-clothingstore.com\/en\/wp-json\/wp\/v2\/media?parent=981"}],"wp:term":[{"taxonomy":"product_brand","embeddable":true,"href":"https:\/\/urban-clothingstore.com\/en\/wp-json\/wp\/v2\/product_brand?post=981"},{"taxonomy":"product_cat","embeddable":true,"href":"https:\/\/urban-clothingstore.com\/en\/wp-json\/wp\/v2\/product_cat?post=981"},{"taxonomy":"product_tag","embeddable":true,"href":"https:\/\/urban-clothingstore.com\/en\/wp-json\/wp\/v2\/product_tag?post=981"}],"curies":[{"name":"wp","href":"https:\/\/api.w.org\/{rel}","templated":true}]}}