{"id":9829,"date":"2025-12-02T12:29:12","date_gmt":"2025-12-02T12:29:12","guid":{"rendered":"https:\/\/urban-clothingstore.com\/?post_type=product&#038;p=9829"},"modified":"2026-03-09T21:15:01","modified_gmt":"2026-03-09T21:15:01","slug":"mens-premium-wool-overshirt-urban-classic-edition","status":"publish","type":"product","link":"https:\/\/urban-clothingstore.com\/en\/product\/mens-premium-wool-overshirt-urban-classic-edition\/","title":{"rendered":"Men\u2019s Premium Wool Overshirt \u2013 Urban Classic Edition"},"content":{"rendered":"<p data-start=\"270\" data-end=\"571\">Zbulo eleganc\u00ebn moderne me <strong data-start=\"297\" data-end=\"323\">Premium Wool Overshirt<\/strong>, nj\u00eb pjes\u00eb ikonike e krijuar p\u00ebr meshkuj q\u00eb k\u00ebrkojn\u00eb stil klasik, past\u00ebrti linjash dhe komfort maksimal.<br data-start=\"428\" data-end=\"431\" \/>E punuar me material cil\u00ebsor me tekstur\u00eb t\u00eb dendur, kjo overshirt \u00ebsht\u00eb perfekte si p\u00ebr kombinime casual, ashtu edhe p\u00ebr veshje m\u00eb elegante.<\/p>\n<p data-start=\"573\" data-end=\"792\">Detajet si <strong data-start=\"584\" data-end=\"611\">kopsat metalike premium<\/strong>, qepjet e pastra dhe xhepat frontale funksional\u00eb e b\u00ebjn\u00eb k\u00ebt\u00eb produkt nj\u00eb zgjedhje perfekte p\u00ebr sezonin vjesht\u00eb\u2013dim\u00ebr.<br data-start=\"730\" data-end=\"733\" \/>Model slim, i ngroht\u00eb, i strukturuar dhe tejet i rehatsh\u00ebm.<\/p>\n<p data-start=\"794\" data-end=\"914\"><strong data-start=\"794\" data-end=\"813\">P\u00ebrshtatet p\u00ebr:<\/strong><br data-start=\"813\" data-end=\"816\" \/>\u2714 outfit-e urbane<br data-start=\"833\" data-end=\"836\" \/>\u2714 kombinime me pantallona klasike<br data-start=\"869\" data-end=\"872\" \/>\u2714 evente, dalje dhe p\u00ebrditshm\u00ebri me stil<\/p>\n<p data-start=\"916\" data-end=\"1005\"><strong data-start=\"916\" data-end=\"930\">Materiali:<\/strong> p\u00ebrzierje premium wool + struktur\u00eb e fort\u00eb<br data-start=\"973\" data-end=\"976\" \/><strong data-start=\"976\" data-end=\"1003\">Ngjyrat e disponueshme:<\/strong><\/p>\n<ul data-start=\"1006\" data-end=\"1060\">\n<li data-start=\"1006\" data-end=\"1021\">\n<p data-start=\"1008\" data-end=\"1021\">Gri e err\u00ebt<\/p>\n<\/li>\n<li data-start=\"1022\" data-end=\"1032\">\n<p data-start=\"1024\" data-end=\"1032\">E zez\u00eb<\/p>\n<\/li>\n<li data-start=\"1033\" data-end=\"1060\">\n<p data-start=\"1035\" data-end=\"1060\">Olive \/ Jeshile e err\u00ebt<\/p>\n<\/li>\n<\/ul>","protected":false},"excerpt":{"rendered":"<p>Zbulo eleganc\u00ebn moderne me Premium Wool Overshirt, nj\u00eb pjes\u00eb ikonike e krijuar p\u00ebr meshkuj q\u00eb k\u00ebrkojn\u00eb stil klasik, past\u00ebrti linjash dhe komfort maksimal.E punuar me material cil\u00ebsor me tekstur\u00eb t\u00eb dendur, kjo overshirt \u00ebsht\u00eb perfekte si p\u00ebr kombinime casual, ashtu edhe p\u00ebr veshje m\u00eb elegante. Detajet si kopsat metalike premium, qepjet e pastra dhe xhepat [&hellip;]<\/p>","protected":false},"featured_media":9832,"comment_status":"open","ping_status":"closed","template":"","meta":[],"product_brand":[],"product_cat":[26],"product_tag":[332,337,361,302,312],"class_list":{"0":"post-9829","1":"product","2":"type-product","3":"status-publish","4":"has-post-thumbnail","6":"product_cat-sweater","7":"product_tag-me-pulla","8":"product_tag-ngjyr-hiri","9":"product_tag-ngjyr-jeshile","10":"product_tag-ngjyre-e-zeze","11":"product_tag-xhakete","13":"first","14":"outofstock","15":"sale","16":"taxable","17":"shipping-taxable","18":"purchasable","19":"product-type-variable"},"jetpack_sharing_enabled":true,"_links":{"self":[{"href":"https:\/\/urban-clothingstore.com\/en\/wp-json\/wp\/v2\/product\/9829","targetHints":{"allow":["GET"]}}],"collection":[{"href":"https:\/\/urban-clothingstore.com\/en\/wp-json\/wp\/v2\/product"}],"about":[{"href":"https:\/\/urban-clothingstore.com\/en\/wp-json\/wp\/v2\/types\/product"}],"replies":[{"embeddable":true,"href":"https:\/\/urban-clothingstore.com\/en\/wp-json\/wp\/v2\/comments?post=9829"}],"wp:featuredmedia":[{"embeddable":true,"href":"https:\/\/urban-clothingstore.com\/en\/wp-json\/wp\/v2\/media\/9832"}],"wp:attachment":[{"href":"https:\/\/urban-clothingstore.com\/en\/wp-json\/wp\/v2\/media?parent=9829"}],"wp:term":[{"taxonomy":"product_brand","embeddable":true,"href":"https:\/\/urban-clothingstore.com\/en\/wp-json\/wp\/v2\/product_brand?post=9829"},{"taxonomy":"product_cat","embeddable":true,"href":"https:\/\/urban-clothingstore.com\/en\/wp-json\/wp\/v2\/product_cat?post=9829"},{"taxonomy":"product_tag","embeddable":true,"href":"https:\/\/urban-clothingstore.com\/en\/wp-json\/wp\/v2\/product_tag?post=9829"}],"curies":[{"name":"wp","href":"https:\/\/api.w.org\/{rel}","templated":true}]}}