{"id":984,"date":"2025-02-11T20:38:46","date_gmt":"2025-02-11T20:38:46","guid":{"rendered":"https:\/\/urban-clothingstore.com\/?post_type=product&#038;p=984"},"modified":"2025-12-16T07:31:42","modified_gmt":"2025-12-16T07:31:42","slug":"classic-black-puffer","status":"publish","type":"product","link":"https:\/\/urban-clothingstore.com\/en\/product\/classic-black-puffer\/","title":{"rendered":"Jakne Klasike e Zez\u00eb me Sfungjer"},"content":{"rendered":"<p>Elegante dhe e gjithanshme, kjo jakne e zez\u00eb me sfungjer kombinon stilin klasik me rehati t\u00eb lart\u00eb. Me prerje t\u00eb rregullt dhe material cil\u00ebsor, p\u00ebrshtatet leht\u00ebsisht si p\u00ebr p\u00ebrditshm\u00ebri ashtu edhe p\u00ebr raste formale.<\/p>","protected":false},"excerpt":{"rendered":"<p>Elegante dhe e gjithanshme, kjo jakne e zez\u00eb me sfungjer kombinon stilin klasik me rehati t\u00eb lart\u00eb. Me prerje t\u00eb rregullt dhe material cil\u00ebsor, p\u00ebrshtatet leht\u00ebsisht si p\u00ebr p\u00ebrditshm\u00ebri ashtu edhe p\u00ebr raste formale.<\/p>","protected":false},"featured_media":988,"comment_status":"open","ping_status":"closed","template":"","meta":[],"product_brand":[],"product_cat":[25],"product_tag":[],"class_list":{"0":"post-984","1":"product","2":"type-product","3":"status-publish","4":"has-post-thumbnail","6":"product_cat-jackets","8":"first","9":"instock","10":"taxable","11":"shipping-taxable","12":"purchasable","13":"product-type-simple"},"jetpack_sharing_enabled":true,"_links":{"self":[{"href":"https:\/\/urban-clothingstore.com\/en\/wp-json\/wp\/v2\/product\/984","targetHints":{"allow":["GET"]}}],"collection":[{"href":"https:\/\/urban-clothingstore.com\/en\/wp-json\/wp\/v2\/product"}],"about":[{"href":"https:\/\/urban-clothingstore.com\/en\/wp-json\/wp\/v2\/types\/product"}],"replies":[{"embeddable":true,"href":"https:\/\/urban-clothingstore.com\/en\/wp-json\/wp\/v2\/comments?post=984"}],"wp:featuredmedia":[{"embeddable":true,"href":"https:\/\/urban-clothingstore.com\/en\/wp-json\/wp\/v2\/media\/988"}],"wp:attachment":[{"href":"https:\/\/urban-clothingstore.com\/en\/wp-json\/wp\/v2\/media?parent=984"}],"wp:term":[{"taxonomy":"product_brand","embeddable":true,"href":"https:\/\/urban-clothingstore.com\/en\/wp-json\/wp\/v2\/product_brand?post=984"},{"taxonomy":"product_cat","embeddable":true,"href":"https:\/\/urban-clothingstore.com\/en\/wp-json\/wp\/v2\/product_cat?post=984"},{"taxonomy":"product_tag","embeddable":true,"href":"https:\/\/urban-clothingstore.com\/en\/wp-json\/wp\/v2\/product_tag?post=984"}],"curies":[{"name":"wp","href":"https:\/\/api.w.org\/{rel}","templated":true}]}}