{"id":993,"date":"2025-02-11T21:00:59","date_gmt":"2025-02-11T21:00:59","guid":{"rendered":"https:\/\/urban-clothingstore.com\/?post_type=product&#038;p=993"},"modified":"2025-09-08T13:18:40","modified_gmt":"2025-09-08T13:18:40","slug":"chic-leather-biker-jacket","status":"publish","type":"product","link":"https:\/\/urban-clothingstore.com\/en\/product\/chic-leather-biker-jacket\/","title":{"rendered":"Xhaket\u00eb L\u00ebkure Elegante p\u00ebr Motor\u00e7iklist"},"content":{"rendered":"<p><strong><span class=\"jCAhz ChMk0b\"><span class=\"ryNqvb\">Dizajn Elegant <\/span><\/span><\/strong><\/p>\n<p><span class=\"jCAhz ChMk0b\"><span class=\"ryNqvb\">P\u00ebrqafoni stilin e fresk\u00ebt me xhaket\u00ebn ton\u00eb elegante prej l\u00ebkure p\u00ebr motor\u00e7iklist\u00eb.<\/span><\/span> <span class=\"jCAhz ChMk0b\"><span class=\"ryNqvb\">Kjo pjes\u00eb e p\u00ebrjetshme kombinon estetik\u00ebn e ashp\u00ebr me stilin modern, duke e b\u00ebr\u00eb at\u00eb nj\u00eb element baz\u00eb n\u00eb \u00e7do gard\u00ebrob\u00eb.<\/span><\/span> <span class=\"jCAhz ChMk0b\"><span class=\"ryNqvb\">E punuar nga l\u00ebkur\u00eb cil\u00ebsore, ajo ofron q\u00ebndrueshm\u00ebri dhe rehati, perfekte p\u00ebr ata q\u00eb vler\u00ebsojn\u00eb stilin dhe funksionalitetin.<\/span><\/span><\/p>\n<p><strong><span class=\"jCAhz ChMk0b\"><span class=\"ryNqvb\">Mod\u00eb e Gjithanshme <\/span><\/span><\/strong><\/p>\n<p><span class=\"jCAhz ChMk0b\"><span class=\"ryNqvb\">Xhaketa elegante prej l\u00ebkure p\u00ebr motor\u00e7iklist\u00eb \u00ebsht\u00eb projektuar p\u00ebr t\u00eb plot\u00ebsuar veshje t\u00eb ndryshme.<\/span><\/span> <span class=\"jCAhz ChMk0b\"><span class=\"ryNqvb\">Pavar\u00ebsisht n\u00ebse e kombinoni me xhinse p\u00ebr nj\u00eb dit\u00eb t\u00eb rast\u00ebsishme ose e vishni mbi nj\u00eb fustan p\u00ebr nj\u00eb mbr\u00ebmje, shkatht\u00ebsia e saj e b\u00ebn at\u00eb nj\u00eb domosdoshm\u00ebri.<\/span><\/span> <span class=\"jCAhz ChMk0b\"><span class=\"ryNqvb\">Silueta elegante p\u00ebrmir\u00ebson figur\u00ebn tuaj, duke siguruar q\u00eb t\u00eb dukeni t\u00eb sigurt dhe n\u00eb mod\u00eb.<\/span><\/span><\/p>\n<p><strong><span class=\"jCAhz ChMk0b\"><span class=\"ryNqvb\">Mjesht\u00ebri Cil\u00ebsore <\/span><\/span><\/strong><\/p>\n<p><span class=\"jCAhz ChMk0b\"><span class=\"ryNqvb\">\u00c7do xhaket\u00eb elegante prej l\u00ebkure p\u00ebr motor\u00e7iklist\u00eb \u00ebsht\u00eb b\u00ebr\u00eb me v\u00ebmendje t\u00eb kujdesshme ndaj detajeve, duke shfaqur qepje dhe aksesor\u00eb me cil\u00ebsi t\u00eb lart\u00eb.<\/span><\/span> <span class=\"jCAhz ChMk0b\"><span class=\"ryNqvb\">Kjo siguron jet\u00ebgjat\u00ebsi dhe p\u00ebrmir\u00ebson pamjen e p\u00ebrgjithshme t\u00eb xhaket\u00ebs, duke e b\u00ebr\u00eb at\u00eb nj\u00eb pjes\u00eb investimi q\u00eb do ta vler\u00ebsoni p\u00ebr vite me radh\u00eb.<\/span><\/span><\/p>","protected":false},"excerpt":{"rendered":"<p>Dizajn Elegant P\u00ebrqafoni stilin e fresk\u00ebt me xhaket\u00ebn ton\u00eb elegante prej l\u00ebkure p\u00ebr motor\u00e7iklist\u00eb. Kjo pjes\u00eb e p\u00ebrjetshme kombinon estetik\u00ebn e ashp\u00ebr me stilin modern, duke e b\u00ebr\u00eb at\u00eb nj\u00eb element baz\u00eb n\u00eb \u00e7do gard\u00ebrob\u00eb. E punuar nga l\u00ebkur\u00eb cil\u00ebsore, ajo ofron q\u00ebndrueshm\u00ebri dhe rehati, perfekte p\u00ebr ata q\u00eb vler\u00ebsojn\u00eb stilin dhe funksionalitetin. Mod\u00eb e [&hellip;]<\/p>","protected":false},"featured_media":995,"comment_status":"open","ping_status":"closed","template":"","meta":[],"product_brand":[],"product_cat":[25],"product_tag":[],"class_list":{"0":"post-993","1":"product","2":"type-product","3":"status-publish","4":"has-post-thumbnail","6":"product_cat-jackets","8":"first","9":"instock","10":"taxable","11":"shipping-taxable","12":"purchasable","13":"product-type-simple"},"jetpack_sharing_enabled":true,"_links":{"self":[{"href":"https:\/\/urban-clothingstore.com\/en\/wp-json\/wp\/v2\/product\/993","targetHints":{"allow":["GET"]}}],"collection":[{"href":"https:\/\/urban-clothingstore.com\/en\/wp-json\/wp\/v2\/product"}],"about":[{"href":"https:\/\/urban-clothingstore.com\/en\/wp-json\/wp\/v2\/types\/product"}],"replies":[{"embeddable":true,"href":"https:\/\/urban-clothingstore.com\/en\/wp-json\/wp\/v2\/comments?post=993"}],"wp:featuredmedia":[{"embeddable":true,"href":"https:\/\/urban-clothingstore.com\/en\/wp-json\/wp\/v2\/media\/995"}],"wp:attachment":[{"href":"https:\/\/urban-clothingstore.com\/en\/wp-json\/wp\/v2\/media?parent=993"}],"wp:term":[{"taxonomy":"product_brand","embeddable":true,"href":"https:\/\/urban-clothingstore.com\/en\/wp-json\/wp\/v2\/product_brand?post=993"},{"taxonomy":"product_cat","embeddable":true,"href":"https:\/\/urban-clothingstore.com\/en\/wp-json\/wp\/v2\/product_cat?post=993"},{"taxonomy":"product_tag","embeddable":true,"href":"https:\/\/urban-clothingstore.com\/en\/wp-json\/wp\/v2\/product_tag?post=993"}],"curies":[{"name":"wp","href":"https:\/\/api.w.org\/{rel}","templated":true}]}}