{"id":997,"date":"2025-02-11T21:06:46","date_gmt":"2025-02-11T21:06:46","guid":{"rendered":"https:\/\/urban-clothingstore.com\/?post_type=product&#038;p=997"},"modified":"2025-11-15T23:02:18","modified_gmt":"2025-11-15T23:02:18","slug":"faux-fur-lined-parka","status":"publish","type":"product","link":"https:\/\/urban-clothingstore.com\/en\/product\/faux-fur-lined-parka\/","title":{"rendered":"Xhekat\u00eb e Veshur me G\u00ebzof Artificial"},"content":{"rendered":"<p><span class=\"jCAhz ChMk0b\"><span class=\"ryNqvb\">Q\u00ebndroni komod dhe elegant k\u00ebt\u00eb dim\u00ebr me xhaket\u00ebm ton\u00eb me shtres\u00eb g\u00ebzofi.<\/span><\/span> <span class=\"jCAhz ChMk0b\"><span class=\"ryNqvb\">E projektuar p\u00ebr t\u00eb ofruar ngroht\u00ebsi optimale pa sakrifikuar stilin, kjo xhaket\u00eb \u00ebsht\u00eb ideale p\u00ebr ato dit\u00eb t\u00eb ftohta kur ende d\u00ebshironi t\u00eb dukeni n\u00eb mod\u00eb.<\/span><\/span><\/p>\n<p><strong><span class=\"jCAhz ChMk0b\"><span class=\"ryNqvb\">Cil\u00ebsi dhe Rehati e Jasht\u00ebzakonshme <\/span><\/span><\/strong><\/p>\n<p><span class=\"jCAhz ChMk0b\"><span class=\"ryNqvb\">E punuar nga materiale me cil\u00ebsi t\u00eb lart\u00eb, xhaketa jon\u00eb me shtres\u00eb g\u00ebzofi artificiale ka nj\u00eb shtres\u00eb t\u00eb but\u00eb q\u00eb ndihet luksoze n\u00eb l\u00ebkur\u00eb.<\/span><\/span> <span class=\"jCAhz ChMk0b\"><span class=\"ryNqvb\">Pjesa e jashtme \u00ebsht\u00eb e q\u00ebndrueshme por e leht\u00eb, duke siguruar q\u00eb ju t\u00eb mund t\u00eb l\u00ebvizni lirsh\u00ebm nd\u00ebrsa q\u00ebndroni t\u00eb mbrojtur.<\/span><\/span><\/p>\n<p><strong><span class=\"jCAhz ChMk0b\"><span class=\"ryNqvb\">Pjes\u00eb Mode e Gjithanshme <\/span><\/span><\/strong><\/p>\n<p><span class=\"jCAhz ChMk0b\"><span class=\"ryNqvb\">Kjo xhaket\u00eb nuk \u00ebsht\u00eb vet\u00ebm funksionale, por edhe nj\u00eb shtes\u00eb e gjithanshme n\u00eb gard\u00ebrob\u00ebn tuaj.<\/span><\/span> <span class=\"jCAhz ChMk0b\"><span class=\"ryNqvb\">Dizajni i saj i sofistikuar lejon q\u00eb ajo t\u00eb vishet rast\u00ebsisht ose me nj\u00eb stil t\u00eb ve\u00e7ant\u00eb, duke e b\u00ebr\u00eb at\u00eb nj\u00eb zgjedhje perfekte p\u00ebr \u00e7do rast.<\/span><\/span> <span class=\"jCAhz ChMk0b\"><span class=\"ryNqvb\">Ngritni mod\u00ebn tuaj dim\u00ebrore me xhaket\u00ebn ton\u00eb me shtres\u00eb g\u00ebzofi sot!<\/span><\/span><\/p>","protected":false},"excerpt":{"rendered":"<p>Q\u00ebndroni komod dhe elegant k\u00ebt\u00eb dim\u00ebr me xhaket\u00ebm ton\u00eb me shtres\u00eb g\u00ebzofi. E projektuar p\u00ebr t\u00eb ofruar ngroht\u00ebsi optimale pa sakrifikuar stilin, kjo xhaket\u00eb \u00ebsht\u00eb ideale p\u00ebr ato dit\u00eb t\u00eb ftohta kur ende d\u00ebshironi t\u00eb dukeni n\u00eb mod\u00eb. Cil\u00ebsi dhe Rehati e Jasht\u00ebzakonshme E punuar nga materiale me cil\u00ebsi t\u00eb lart\u00eb, xhaketa jon\u00eb me shtres\u00eb [&hellip;]<\/p>","protected":false},"featured_media":998,"comment_status":"open","ping_status":"closed","template":"","meta":[],"product_brand":[],"product_cat":[25],"product_tag":[],"class_list":{"0":"post-997","1":"product","2":"type-product","3":"status-publish","4":"has-post-thumbnail","6":"product_cat-jackets","8":"first","9":"instock","10":"sale","11":"taxable","12":"shipping-taxable","13":"purchasable","14":"product-type-variable"},"jetpack_sharing_enabled":true,"_links":{"self":[{"href":"https:\/\/urban-clothingstore.com\/en\/wp-json\/wp\/v2\/product\/997","targetHints":{"allow":["GET"]}}],"collection":[{"href":"https:\/\/urban-clothingstore.com\/en\/wp-json\/wp\/v2\/product"}],"about":[{"href":"https:\/\/urban-clothingstore.com\/en\/wp-json\/wp\/v2\/types\/product"}],"replies":[{"embeddable":true,"href":"https:\/\/urban-clothingstore.com\/en\/wp-json\/wp\/v2\/comments?post=997"}],"wp:featuredmedia":[{"embeddable":true,"href":"https:\/\/urban-clothingstore.com\/en\/wp-json\/wp\/v2\/media\/998"}],"wp:attachment":[{"href":"https:\/\/urban-clothingstore.com\/en\/wp-json\/wp\/v2\/media?parent=997"}],"wp:term":[{"taxonomy":"product_brand","embeddable":true,"href":"https:\/\/urban-clothingstore.com\/en\/wp-json\/wp\/v2\/product_brand?post=997"},{"taxonomy":"product_cat","embeddable":true,"href":"https:\/\/urban-clothingstore.com\/en\/wp-json\/wp\/v2\/product_cat?post=997"},{"taxonomy":"product_tag","embeddable":true,"href":"https:\/\/urban-clothingstore.com\/en\/wp-json\/wp\/v2\/product_tag?post=997"}],"curies":[{"name":"wp","href":"https:\/\/api.w.org\/{rel}","templated":true}]}}